{"id":8958,"date":"2020-06-12T04:04:20","date_gmt":"2020-06-12T01:04:20","guid":{"rendered":"https:\/\/sateenkaarihistoria.fi\/queerhistoriens-vanner\/foreningens-stadgar\/"},"modified":"2023-06-23T16:02:48","modified_gmt":"2023-06-23T13:02:48","slug":"foreningens-stadgar","status":"publish","type":"page","link":"https:\/\/sateenkaarihistoria.fi\/sv\/queerhistoriens-vanner\/foreningens-stadgar\/","title":{"rendered":"F\u00f6reningens stadgar"},"content":{"rendered":"\n<p class=\"has-medium-font-size\">Godk\u00e4nda p\u00e5 f\u00f6reningens konstituerande m\u00f6te 20.1.2020 <\/p>\n\n<p><strong>1. F\u00f6reningens namn och hemort <\/strong><\/p>\n\n<p>F\u00f6reningens namn \u00e4r Sateenkaarihistorian yst\u00e4v\u00e4t ry, p\u00e5 svenska Queerhistoriens v\u00e4nner rf, och dess hemort \u00e4r Helsingfors. F\u00f6reningen \u00e4r tv\u00e5spr\u00e5kig (finska och svenska) men det administrativa spr\u00e5ket \u00e4r finska. <\/p>\n\n<p><strong>2. Syfte och verksamhetsformer <\/strong><\/p>\n\n<p>F\u00f6reningens syfte \u00e4r att fr\u00e4mja forskningen kring samt dokumentationen och synligg\u00f6randet av sexuell m\u00e5ngfald och k\u00f6nsm\u00e5ngfald samt queerhistoria. <\/p>\n\n<p>F\u00f6reningen fullf\u00f6ljer sitt syfte genom att <\/p>\n\n<p>1) ordna diskussionstillf\u00e4llen, seminarier och andra evenemang relaterade till queerhistoria <br\/>2) st\u00f6da, fr\u00e4mja och ut\u00f6va queerhistorisk forskning samt undervisning i queerhistoria <br\/>3) f\u00f6rverkliga projekt relaterade till queerhistoria <br\/>4) publicera queerhistorisk forskning och andra skrifter <br\/>5) p\u00e5verka relevanta akt\u00f6rer i syfte att fr\u00e4mja forskningen kring samt dokumentationen och synligg\u00f6randet av queerhistoria. <br\/>6) samarbeta med andra akt\u00f6rer f\u00f6r att fullf\u00f6lja syftet. <\/p>\n\n<p>F\u00f6r att st\u00f6da verksamheten kan f\u00f6reningen ta emot donationer och testamenten samt ordna avgiftsbelagda n\u00f6jes- och festtillst\u00e4llningar efter att ha erh\u00e5llit beh\u00f6vligt tillst\u00e5nd. F\u00f6reningen kan \u00e4ga f\u00f6r verksamheten n\u00f6dv\u00e4ndig fast egendom. <\/p>\n\n<p><strong>3. Medlemmar <\/strong><\/p>\n\n<p>Var och en som antar f\u00f6reningens syfte kan bli ordinarie medlem i f\u00f6reningen. S\u00e5som underst\u00f6dande medlem kan godk\u00e4nnas en privatperson eller en sammanslutning med r\u00e4ttshandlingsf\u00f6rm\u00e5ga som vill st\u00f6da f\u00f6reningens syfte och verksamhet. Ordinarie medlemmar och underst\u00f6dande medlemmar godk\u00e4nns av f\u00f6reningens styrelse p\u00e5 ans\u00f6kan. Till hedersordf\u00f6rande eller hedersmedlem kan f\u00f6reningsm\u00f6tet p\u00e5 framst\u00e4llning av styrelsen kalla en person som avsev\u00e4rt har fr\u00e4mjat och st\u00f6tt f\u00f6reningens verksamhet. <\/p>\n\n<p>En medlem som inte under tv\u00e5 p\u00e5 varandra f\u00f6ljande \u00e5r erlagt medlemsavgift utesluts av styrelsen ur f\u00f6reningen. <\/p>\n\n<p><strong>4. Anslutnings- och medlemsavgift <\/strong><\/p>\n\n<p>\u00c5rsm\u00f6tet beslutar om storleken av den anslutningsavgift och \u00e5rliga medlemsavgift som tas ut fr\u00e5n ordinarie- och underst\u00f6dande medlemmar, separat f\u00f6r b\u00e5da medlemsgrupperna. Hedersordf\u00f6randen och hedersmedlemmarna betalar inte medlemsavgifter. <\/p>\n\n<p><strong>5. Styrelse <\/strong><\/p>\n\n<p>F\u00f6reningens angel\u00e4genheter sk\u00f6ts av styrelsen som har en ordf\u00f6rande och 2-8 andra ordinarie medlemmar samt 0-8 suppleanter som alla utses vid \u00e5rsm\u00f6tet. De ordinarie medlemmarna b\u00f6r i f\u00f6rsta hand vara verksamma inom forskningen, eller representera minnesinstitutioner och queerorganisationer. <\/p>\n\n<p>Styrelsens mandattid \u00e4r tiden mellan \u00e5rsm\u00f6tena. Styrelsen v\u00e4ljer inom sig en vice ordf\u00f6rande och utser inom eller utom sig en sekreterare, en kass\u00f6r och andra n\u00f6dv\u00e4ndiga funktion\u00e4rer. Styrelsen sammantr\u00e4der p\u00e5 kallelse av ordf\u00f6randen eller d\u00e5 denna \u00e4r f\u00f6rhindrad p\u00e5 kallelse av vice ordf\u00f6randen d\u00e5 det anser att det beh\u00f6vs eller d\u00e5 minst h\u00e4lften av styrelsemedlemmarna s\u00e5 kr\u00e4ver. Styrelsen \u00e4r beslutf\u00f6r n\u00e4r minst h\u00e4lften av dess medlemmar, ordf\u00f6randen eller vice ordf\u00f6randen medr\u00e4knade, \u00e4r n\u00e4rvarande. Omr\u00f6stningarna avg\u00f6rs med absolut majoritet. Om r\u00f6sterna faller j\u00e4mnt, avg\u00f6r ordf\u00f6randens r\u00f6st, vid val avg\u00f6r emellertid lotten. <\/p>\n\n<p><strong>6. Tecknande av f\u00f6reningens namn <\/strong><\/p>\n\n<p>F\u00f6reningens namn tecknas av styrelsens ordf\u00f6rande, vice ordf\u00f6rande, sekreterare eller kass\u00f6r, var f\u00f6r sig. <\/p>\n\n<p><strong>7. R\u00e4kenskapsperiod <\/strong><\/p>\n\n<p>F\u00f6reningens r\u00e4kenskapsperiod omfattar ett kalender\u00e5r. <\/p>\n\n<p><strong>8. F\u00f6reningens m\u00f6ten <\/strong><\/p>\n\n<p>D\u00e5 styrelsen eller f\u00f6reningens m\u00f6te s\u00e5 beslutar, \u00e4r deltagande i f\u00f6reningens m\u00f6te ocks\u00e5 m\u00f6jligt per post eller genom datakommunikation eller med n\u00e5got annat tekniskt hj\u00e4lpmedel f\u00f6re och under m\u00f6tet. F\u00f6reningens \u00e5rsm\u00f6te h\u00e5lls \u00e5rligen p\u00e5 en av styrelsen fastst\u00e4lld dag i januari-maj. Vid f\u00f6reningens m\u00f6ten har varje ordinarie medlem, hedersordf\u00f6rande och hedersmedlem en r\u00f6st. En underst\u00f6dande medlem har r\u00e4tt att vara n\u00e4rvarande och yttra sig vid f\u00f6reningens m\u00f6ten. Som m\u00f6tets beslut g\u00e4ller, om inte n\u00e5got annat best\u00e4ms i stadgarna, den \u00e5sikt som har underst\u00f6tts av mer \u00e4n h\u00e4lften av de avgivna r\u00f6sterna. Om r\u00f6sterna faller j\u00e4mnt avg\u00f6r m\u00f6tesordf\u00f6randens r\u00f6st, vid val avg\u00f6r emellertid lotten. <\/p>\n\n<p><strong>9. Kallelse till f\u00f6reningens m\u00f6ten <\/strong><\/p>\n\n<p>Styrelsen ska sammankalla f\u00f6reningens m\u00f6ten senast 14 dygn f\u00f6re m\u00f6tet genom att skicka ett kallelsebrev till varje medlem per post eller per e-post. <\/p>\n\n<p><strong>10. \u00c5rsm\u00f6te <\/strong><\/p>\n\n<p>Vid f\u00f6reningens \u00e5rsm\u00f6te behandlas f\u00f6ljande \u00e4renden: <\/p>\n\n<p>1. m\u00f6tet \u00f6ppnas <br\/>2. val av m\u00f6tesordf\u00f6rande, sekreterare, tv\u00e5 protokolljusterare och vid behov tv\u00e5 r\u00f6str\u00e4knare <br\/>3. m\u00f6tets laglighet och beslutsf\u00f6rhet konstateras <br\/>4. f\u00f6redragningslistan f\u00f6r m\u00f6tet godk\u00e4nns <br\/>5. bokslut, \u00e5rsber\u00e4ttelse och verksamhetsgranskarnas\/revisorernas utl\u00e5tande presenteras <br\/>6. beslut fattas om fastst\u00e4llande av bokslut och beviljande av ansvarsfrihet f\u00f6r styrelsen och andra ansvarsskyldiga <br\/>7. verksamhetsplan, budget samt anslutnings- och medlemsavgifternas storlek fastst\u00e4lls <br\/>8. val av styrelseordf\u00f6rande och \u00f6vriga ledam\u00f6ter i styrelsen <br\/>9. val av en eller tv\u00e5 verksamhetsgranskare och dennas suppleant\/deras suppleanter eller en revisor eller tv\u00e5 revisorer och dennas suppleant\/deras suppleanter <br\/>10. \u00f6vriga i m\u00f6teskallelsen angivna \u00e4renden behandlas. <\/p>\n\n<p>Om en f\u00f6reningsmedlem \u00f6nskar att ett \u00e4rende ska behandlas vid f\u00f6reningens \u00e5rsm\u00f6te ska hen skriftligen meddela detta till styrelsen i s\u00e5 god tid att \u00e4rendet kan tas med i m\u00f6teskallelsen. <\/p>\n\n<p><strong>11. \u00c4ndring av stadgar och uppl\u00f6sning av f\u00f6rening <\/strong><\/p>\n\n<p>Beslut om \u00e4ndring av stadgarna och om uppl\u00f6sning av f\u00f6reningen ska fattas vid f\u00f6reningens m\u00f6te med minst tre fj\u00e4rdedelars (3\/4) majoritet av de r\u00f6ster som avgetts vid omr\u00f6stningen. Stadge\u00e4ndringen eller uppl\u00f6sningen av f\u00f6reningen ska anges i m\u00f6teskallelsen. Om f\u00f6reningen uppl\u00f6ses eller nedl\u00e4ggs doneras dess tillg\u00e5ngar till Seta-stiftelsen. <\/p>\n","protected":false},"excerpt":{"rendered":"<p>Godk\u00e4nda p\u00e5 f\u00f6reningens konstituerande m\u00f6te 20.1.2020 1. F\u00f6reningens namn och hemort F\u00f6reningens namn \u00e4r Sateenkaarihistorian yst\u00e4v\u00e4t ry, p\u00e5 svenska Queerhistoriens v\u00e4nner rf, och dess hemort \u00e4r Helsingfors. F\u00f6reningen \u00e4r tv\u00e5spr\u00e5kig&hellip;&nbsp;<a href=\"https:\/\/sateenkaarihistoria.fi\/sv\/queerhistoriens-vanner\/foreningens-stadgar\/\" rel=\"bookmark\">L\u00e4s mer &raquo;<span class=\"screen-reader-text\">F\u00f6reningens stadgar<\/span><\/a><\/p>\n","protected":false},"author":1,"featured_media":0,"parent":1450,"menu_order":0,"comment_status":"closed","ping_status":"closed","template":"","meta":{"_kad_blocks_custom_css":"","_kad_blocks_head_custom_js":"","_kad_blocks_body_custom_js":"","_kad_blocks_footer_custom_js":"","neve_meta_sidebar":"","neve_meta_container":"","neve_meta_enable_content_width":"off","neve_meta_content_width":100,"neve_meta_title_alignment":"","neve_meta_author_avatar":"","neve_post_elements_order":"","neve_meta_disable_header":"","neve_meta_disable_footer":"","neve_meta_disable_title":"","footnotes":""},"ppma_author":[162],"class_list":["post-8958","page","type-page","status-publish","hentry"],"yoast_head":"<!-- This site is optimized with the Yoast SEO plugin v26.7 - https:\/\/yoast.com\/wordpress\/plugins\/seo\/ -->\n<title>F\u00f6reningens stadgar - Sateenkaari\u00adhistorian yst\u00e4v\u00e4t<\/title>\n<meta name=\"robots\" content=\"index, follow, max-snippet:-1, max-image-preview:large, max-video-preview:-1\" \/>\n<link rel=\"canonical\" href=\"https:\/\/sateenkaarihistoria.fi\/sv\/queerhistoriens-vanner\/foreningens-stadgar\/\" \/>\n<meta property=\"og:locale\" content=\"sv_SE\" \/>\n<meta property=\"og:type\" content=\"article\" \/>\n<meta property=\"og:title\" content=\"F\u00f6reningens stadgar - Sateenkaari\u00adhistorian yst\u00e4v\u00e4t\" \/>\n<meta property=\"og:description\" content=\"Godk\u00e4nda p\u00e5 f\u00f6reningens konstituerande m\u00f6te 20.1.2020 1. F\u00f6reningens namn och hemort F\u00f6reningens namn \u00e4r Sateenkaarihistorian yst\u00e4v\u00e4t ry, p\u00e5 svenska Queerhistoriens v\u00e4nner rf, och dess hemort \u00e4r Helsingfors. F\u00f6reningen \u00e4r tv\u00e5spr\u00e5kig&hellip;&nbsp;L\u00e4s mer &raquo;F\u00f6reningens stadgar\" \/>\n<meta property=\"og:url\" content=\"https:\/\/sateenkaarihistoria.fi\/sv\/queerhistoriens-vanner\/foreningens-stadgar\/\" \/>\n<meta property=\"og:site_name\" content=\"Sateenkaari\u00adhistorian yst\u00e4v\u00e4t\" \/>\n<meta property=\"article:publisher\" content=\"https:\/\/www.facebook.com\/sateenkaarihistoria\" \/>\n<meta property=\"article:modified_time\" content=\"2023-06-23T13:02:48+00:00\" \/>\n<meta name=\"twitter:card\" content=\"summary_large_image\" \/>\n<meta name=\"twitter:label1\" content=\"Ber\u00e4knad l\u00e4stid\" \/>\n\t<meta name=\"twitter:data1\" content=\"5 minuter\" \/>\n<script type=\"application\/ld+json\" class=\"yoast-schema-graph\">{\"@context\":\"https:\/\/schema.org\",\"@graph\":[{\"@type\":\"WebPage\",\"@id\":\"https:\/\/sateenkaarihistoria.fi\/sv\/queerhistoriens-vanner\/foreningens-stadgar\/\",\"url\":\"https:\/\/sateenkaarihistoria.fi\/sv\/queerhistoriens-vanner\/foreningens-stadgar\/\",\"name\":\"F\u00f6reningens stadgar - Sateenkaari\u00adhistorian yst\u00e4v\u00e4t\",\"isPartOf\":{\"@id\":\"https:\/\/sateenkaarihistoria.fi\/#website\"},\"datePublished\":\"2020-06-12T01:04:20+00:00\",\"dateModified\":\"2023-06-23T13:02:48+00:00\",\"breadcrumb\":{\"@id\":\"https:\/\/sateenkaarihistoria.fi\/sv\/queerhistoriens-vanner\/foreningens-stadgar\/#breadcrumb\"},\"inLanguage\":\"sv-SE\",\"potentialAction\":[{\"@type\":\"ReadAction\",\"target\":[\"https:\/\/sateenkaarihistoria.fi\/sv\/queerhistoriens-vanner\/foreningens-stadgar\/\"]}]},{\"@type\":\"BreadcrumbList\",\"@id\":\"https:\/\/sateenkaarihistoria.fi\/sv\/queerhistoriens-vanner\/foreningens-stadgar\/#breadcrumb\",\"itemListElement\":[{\"@type\":\"ListItem\",\"position\":1,\"name\":\"Etusivu\",\"item\":\"https:\/\/sateenkaarihistoria.fi\/sv\/\"},{\"@type\":\"ListItem\",\"position\":2,\"name\":\"Queerhistoriens v\u00e4nner\",\"item\":\"https:\/\/sateenkaarihistoria.fi\/sv\/queerhistoriens-vanner\/\"},{\"@type\":\"ListItem\",\"position\":3,\"name\":\"F\u00f6reningens stadgar\"}]},{\"@type\":\"WebSite\",\"@id\":\"https:\/\/sateenkaarihistoria.fi\/#website\",\"url\":\"https:\/\/sateenkaarihistoria.fi\/\",\"name\":\"Sateenkaari\u00adhistorian yst\u00e4v\u00e4t\",\"description\":\"Suomalaisen sateenkaarihistorian verkkopalvelu, joka kokoaa yhteen l\u00e4hteit\u00e4, aineistoja ja tietoa queer-historiasta, transhistoriasta, sukupuoliv\u00e4hemmist\u00f6jen ja seksuaaliv\u00e4hemmist\u00f6jen historiasta sek\u00e4 niiden tutkimuksesta.\",\"publisher\":{\"@id\":\"https:\/\/sateenkaarihistoria.fi\/#organization\"},\"potentialAction\":[{\"@type\":\"SearchAction\",\"target\":{\"@type\":\"EntryPoint\",\"urlTemplate\":\"https:\/\/sateenkaarihistoria.fi\/?s={search_term_string}\"},\"query-input\":{\"@type\":\"PropertyValueSpecification\",\"valueRequired\":true,\"valueName\":\"search_term_string\"}}],\"inLanguage\":\"sv-SE\"},{\"@type\":\"Organization\",\"@id\":\"https:\/\/sateenkaarihistoria.fi\/#organization\",\"name\":\"Sateenkaarihistorian yst\u00e4v\u00e4t\",\"url\":\"https:\/\/sateenkaarihistoria.fi\/\",\"logo\":{\"@type\":\"ImageObject\",\"inLanguage\":\"sv-SE\",\"@id\":\"https:\/\/sateenkaarihistoria.fi\/#\/schema\/logo\/image\/\",\"url\":\"https:\/\/i0.wp.com\/sateenkaarihistoria.fi\/wp-content\/uploads\/2021\/12\/SHY-logo_250x169.jpg?fit=250%2C169&ssl=1\",\"contentUrl\":\"https:\/\/i0.wp.com\/sateenkaarihistoria.fi\/wp-content\/uploads\/2021\/12\/SHY-logo_250x169.jpg?fit=250%2C169&ssl=1\",\"width\":250,\"height\":169,\"caption\":\"Sateenkaarihistorian yst\u00e4v\u00e4t\"},\"image\":{\"@id\":\"https:\/\/sateenkaarihistoria.fi\/#\/schema\/logo\/image\/\"},\"sameAs\":[\"https:\/\/www.facebook.com\/sateenkaarihistoria\",\"https:\/\/instagram.com\/sateenkaarihistoria\"]}]}<\/script>\n<!-- \/ Yoast SEO plugin. -->","yoast_head_json":{"title":"F\u00f6reningens stadgar - Sateenkaari\u00adhistorian yst\u00e4v\u00e4t","robots":{"index":"index","follow":"follow","max-snippet":"max-snippet:-1","max-image-preview":"max-image-preview:large","max-video-preview":"max-video-preview:-1"},"canonical":"https:\/\/sateenkaarihistoria.fi\/sv\/queerhistoriens-vanner\/foreningens-stadgar\/","og_locale":"sv_SE","og_type":"article","og_title":"F\u00f6reningens stadgar - Sateenkaari\u00adhistorian yst\u00e4v\u00e4t","og_description":"Godk\u00e4nda p\u00e5 f\u00f6reningens konstituerande m\u00f6te 20.1.2020 1. F\u00f6reningens namn och hemort F\u00f6reningens namn \u00e4r Sateenkaarihistorian yst\u00e4v\u00e4t ry, p\u00e5 svenska Queerhistoriens v\u00e4nner rf, och dess hemort \u00e4r Helsingfors. F\u00f6reningen \u00e4r tv\u00e5spr\u00e5kig&hellip;&nbsp;L\u00e4s mer &raquo;F\u00f6reningens stadgar","og_url":"https:\/\/sateenkaarihistoria.fi\/sv\/queerhistoriens-vanner\/foreningens-stadgar\/","og_site_name":"Sateenkaari\u00adhistorian yst\u00e4v\u00e4t","article_publisher":"https:\/\/www.facebook.com\/sateenkaarihistoria","article_modified_time":"2023-06-23T13:02:48+00:00","twitter_card":"summary_large_image","twitter_misc":{"Ber\u00e4knad l\u00e4stid":"5 minuter"},"schema":{"@context":"https:\/\/schema.org","@graph":[{"@type":"WebPage","@id":"https:\/\/sateenkaarihistoria.fi\/sv\/queerhistoriens-vanner\/foreningens-stadgar\/","url":"https:\/\/sateenkaarihistoria.fi\/sv\/queerhistoriens-vanner\/foreningens-stadgar\/","name":"F\u00f6reningens stadgar - Sateenkaari\u00adhistorian yst\u00e4v\u00e4t","isPartOf":{"@id":"https:\/\/sateenkaarihistoria.fi\/#website"},"datePublished":"2020-06-12T01:04:20+00:00","dateModified":"2023-06-23T13:02:48+00:00","breadcrumb":{"@id":"https:\/\/sateenkaarihistoria.fi\/sv\/queerhistoriens-vanner\/foreningens-stadgar\/#breadcrumb"},"inLanguage":"sv-SE","potentialAction":[{"@type":"ReadAction","target":["https:\/\/sateenkaarihistoria.fi\/sv\/queerhistoriens-vanner\/foreningens-stadgar\/"]}]},{"@type":"BreadcrumbList","@id":"https:\/\/sateenkaarihistoria.fi\/sv\/queerhistoriens-vanner\/foreningens-stadgar\/#breadcrumb","itemListElement":[{"@type":"ListItem","position":1,"name":"Etusivu","item":"https:\/\/sateenkaarihistoria.fi\/sv\/"},{"@type":"ListItem","position":2,"name":"Queerhistoriens v\u00e4nner","item":"https:\/\/sateenkaarihistoria.fi\/sv\/queerhistoriens-vanner\/"},{"@type":"ListItem","position":3,"name":"F\u00f6reningens stadgar"}]},{"@type":"WebSite","@id":"https:\/\/sateenkaarihistoria.fi\/#website","url":"https:\/\/sateenkaarihistoria.fi\/","name":"Sateenkaari\u00adhistorian yst\u00e4v\u00e4t","description":"Suomalaisen sateenkaarihistorian verkkopalvelu, joka kokoaa yhteen l\u00e4hteit\u00e4, aineistoja ja tietoa queer-historiasta, transhistoriasta, sukupuoliv\u00e4hemmist\u00f6jen ja seksuaaliv\u00e4hemmist\u00f6jen historiasta sek\u00e4 niiden tutkimuksesta.","publisher":{"@id":"https:\/\/sateenkaarihistoria.fi\/#organization"},"potentialAction":[{"@type":"SearchAction","target":{"@type":"EntryPoint","urlTemplate":"https:\/\/sateenkaarihistoria.fi\/?s={search_term_string}"},"query-input":{"@type":"PropertyValueSpecification","valueRequired":true,"valueName":"search_term_string"}}],"inLanguage":"sv-SE"},{"@type":"Organization","@id":"https:\/\/sateenkaarihistoria.fi\/#organization","name":"Sateenkaarihistorian yst\u00e4v\u00e4t","url":"https:\/\/sateenkaarihistoria.fi\/","logo":{"@type":"ImageObject","inLanguage":"sv-SE","@id":"https:\/\/sateenkaarihistoria.fi\/#\/schema\/logo\/image\/","url":"https:\/\/i0.wp.com\/sateenkaarihistoria.fi\/wp-content\/uploads\/2021\/12\/SHY-logo_250x169.jpg?fit=250%2C169&ssl=1","contentUrl":"https:\/\/i0.wp.com\/sateenkaarihistoria.fi\/wp-content\/uploads\/2021\/12\/SHY-logo_250x169.jpg?fit=250%2C169&ssl=1","width":250,"height":169,"caption":"Sateenkaarihistorian yst\u00e4v\u00e4t"},"image":{"@id":"https:\/\/sateenkaarihistoria.fi\/#\/schema\/logo\/image\/"},"sameAs":["https:\/\/www.facebook.com\/sateenkaarihistoria","https:\/\/instagram.com\/sateenkaarihistoria"]}]}},"taxonomy_info":[],"featured_image_src_large":false,"author_info":{"display_name":"admin","author_link":"https:\/\/sateenkaarihistoria.fi\/sv\/author\/admin\/"},"comment_info":0,"_links":{"self":[{"href":"https:\/\/sateenkaarihistoria.fi\/sv\/wp-json\/wp\/v2\/pages\/8958","targetHints":{"allow":["GET"]}}],"collection":[{"href":"https:\/\/sateenkaarihistoria.fi\/sv\/wp-json\/wp\/v2\/pages"}],"about":[{"href":"https:\/\/sateenkaarihistoria.fi\/sv\/wp-json\/wp\/v2\/types\/page"}],"author":[{"embeddable":true,"href":"https:\/\/sateenkaarihistoria.fi\/sv\/wp-json\/wp\/v2\/users\/1"}],"replies":[{"embeddable":true,"href":"https:\/\/sateenkaarihistoria.fi\/sv\/wp-json\/wp\/v2\/comments?post=8958"}],"version-history":[{"count":1,"href":"https:\/\/sateenkaarihistoria.fi\/sv\/wp-json\/wp\/v2\/pages\/8958\/revisions"}],"predecessor-version":[{"id":8959,"href":"https:\/\/sateenkaarihistoria.fi\/sv\/wp-json\/wp\/v2\/pages\/8958\/revisions\/8959"}],"up":[{"embeddable":true,"href":"https:\/\/sateenkaarihistoria.fi\/sv\/wp-json\/wp\/v2\/pages\/1450"}],"wp:attachment":[{"href":"https:\/\/sateenkaarihistoria.fi\/sv\/wp-json\/wp\/v2\/media?parent=8958"}],"wp:term":[{"taxonomy":"author","embeddable":true,"href":"https:\/\/sateenkaarihistoria.fi\/sv\/wp-json\/wp\/v2\/ppma_author?post=8958"}],"curies":[{"name":"wp","href":"https:\/\/api.w.org\/{rel}","templated":true}]}}