{"id":8900,"date":"2021-05-15T20:55:04","date_gmt":"2021-05-15T17:55:04","guid":{"rendered":"https:\/\/sateenkaarihistoria.fi\/samlingar\/skotsel-av-dodsbo\/"},"modified":"2023-06-20T16:42:12","modified_gmt":"2023-06-20T13:42:12","slug":"skotsel-av-dodsbo","status":"publish","type":"page","link":"https:\/\/sateenkaarihistoria.fi\/sv\/samlingar\/skotsel-av-dodsbo\/","title":{"rendered":"Sk\u00f6tsel av d\u00f6dsbo"},"content":{"rendered":"\n<p>D\u00e5 en m\u00e4nniska g\u00e5r bort l\u00e4mnar hen ofta kvar en m\u00e4ngd f\u00f6rem\u00e5l och minnen. Ibland kan det i dem ing\u00e5 v\u00e4rdefulla detaljer ur v\u00e5r queera historia &#8211; perspektiv som alltf\u00f6r ofta g\u00e5r f\u00f6rlorade.<\/p>\n\n<p>Om du misst\u00e4nker eller vet att det kan finnas material som t.ex. fotografier, brev, dagb\u00f6cker, dokument, f\u00f6rem\u00e5l eller varf\u00f6r inte accessoarer som \u00e4r relaterade till queerhistoria i en anh\u00f6rigs d\u00f6dsbo <em>\u00e4r det viktigt att du ser till att de inte sl\u00e4ngs bort<\/em>. \u00c4ven s\u00e5dant som kan verka trivialt har kanske en koppling till betydelsefulla samh\u00e4lleliga h\u00e4ndelser och v\u00e4rdefulla perspektiv p\u00e5 historien.<\/p>\n\n<p>Det \u00e4r enkelt att donera materialet till ett museum eller arkiv som uppr\u00e4tth\u00e5lls av sakkunniga. I Finland finns tv\u00e5 instanser som centraliserat samlar material om queerhistoria:<\/p>\n\n<p><strong><a href=\"https:\/\/www.tyark.fi\/otayhteytta\/\">Arbetararkivet<\/a><\/strong> (dokument, fotografier)<br\/><strong><a href=\"http:\/\/www.werstas.fi\/tule-werstaalle\/ota-yhteytta\/\">Arbetarmuseet Werstas <\/a><\/strong>(f\u00f6rem\u00e5l, fotografier, brev, dagb\u00f6cker)<\/p>\n\n<p>Tyv\u00e4rr har mycket queerhistoriskt material f\u00f6rst\u00f6rts eller hamnat p\u00e5 soptippen, och det f\u00f6rsv\u00e5rar forskningen inom omr\u00e5det. Queerhistoriens v\u00e4nner har sammanst\u00e4llt <strong><a href=\"https:\/\/sateenkaarihistoria.fi\/kokoelmat\/tallennusohjeet-henkiloarkistoille\/\">detaljerade dokumentationsanvisningar f\u00f6r personarkiv<\/a><\/strong> och <a href=\"https:\/\/sateenkaarihistoria.fi\/kokoelmat\/tallennusohjeet-yhteisoille\/\"><strong>detaljerade dokumentationsanvisningar f\u00f6r samfund<\/strong><\/a> i samarbete med Arbetarmuseet Werstas. Om du misst\u00e4nker att det kan finnas queerhistoriskt relevant material i en anh\u00f6rigs d\u00f6dsbo kan du g\u00e4rna f\u00f6r s\u00e4kerhets skull kontakta Arbetararkivet eller Arbetarmuseet Werstas.<\/p>\n\n<p>Det g\u00e5r ocks\u00e5 utm\u00e4rkt att under sin livstid sj\u00e4lv \u00f6verl\u00e5ta material till Arbetararkivet eller Arbetarmuseet Werstas. Det \u00e4r b\u00e4st att sj\u00e4lv donera materialet eftersom kontexten d\u00e5 kan dokumenteras.<\/p>\n","protected":false},"excerpt":{"rendered":"<p>D\u00e5 en m\u00e4nniska g\u00e5r bort l\u00e4mnar hen ofta kvar en m\u00e4ngd f\u00f6rem\u00e5l och minnen. Ibland kan det i dem ing\u00e5 v\u00e4rdefulla detaljer ur v\u00e5r queera historia &#8211; perspektiv som alltf\u00f6r&hellip;&nbsp;<a href=\"https:\/\/sateenkaarihistoria.fi\/sv\/samlingar\/skotsel-av-dodsbo\/\" rel=\"bookmark\">L\u00e4s mer &raquo;<span class=\"screen-reader-text\">Sk\u00f6tsel av d\u00f6dsbo<\/span><\/a><\/p>\n","protected":false},"author":1,"featured_media":0,"parent":8547,"menu_order":0,"comment_status":"closed","ping_status":"closed","template":"","meta":{"_kad_blocks_custom_css":"","_kad_blocks_head_custom_js":"","_kad_blocks_body_custom_js":"","_kad_blocks_footer_custom_js":"","neve_meta_sidebar":"default","neve_meta_container":"","neve_meta_enable_content_width":"off","neve_meta_content_width":100,"neve_meta_title_alignment":"","neve_meta_author_avatar":"","neve_post_elements_order":"","neve_meta_disable_header":"","neve_meta_disable_footer":"","neve_meta_disable_title":"","footnotes":""},"ppma_author":[162],"class_list":["post-8900","page","type-page","status-publish","hentry"],"yoast_head":"<!-- This site is optimized with the Yoast SEO plugin v26.7 - https:\/\/yoast.com\/wordpress\/plugins\/seo\/ -->\n<title>Sk\u00f6tsel av d\u00f6dsbo - Sateenkaari\u00adhistorian yst\u00e4v\u00e4t<\/title>\n<meta name=\"robots\" content=\"index, follow, max-snippet:-1, max-image-preview:large, max-video-preview:-1\" \/>\n<link rel=\"canonical\" href=\"https:\/\/sateenkaarihistoria.fi\/sv\/samlingar\/skotsel-av-dodsbo\/\" \/>\n<meta property=\"og:locale\" content=\"sv_SE\" \/>\n<meta property=\"og:type\" content=\"article\" \/>\n<meta property=\"og:title\" content=\"Sk\u00f6tsel av d\u00f6dsbo - Sateenkaari\u00adhistorian yst\u00e4v\u00e4t\" \/>\n<meta property=\"og:description\" content=\"D\u00e5 en m\u00e4nniska g\u00e5r bort l\u00e4mnar hen ofta kvar en m\u00e4ngd f\u00f6rem\u00e5l och minnen. Ibland kan det i dem ing\u00e5 v\u00e4rdefulla detaljer ur v\u00e5r queera historia &#8211; perspektiv som alltf\u00f6r&hellip;&nbsp;L\u00e4s mer &raquo;Sk\u00f6tsel av d\u00f6dsbo\" \/>\n<meta property=\"og:url\" content=\"https:\/\/sateenkaarihistoria.fi\/sv\/samlingar\/skotsel-av-dodsbo\/\" \/>\n<meta property=\"og:site_name\" content=\"Sateenkaari\u00adhistorian yst\u00e4v\u00e4t\" \/>\n<meta property=\"article:publisher\" content=\"https:\/\/www.facebook.com\/sateenkaarihistoria\" \/>\n<meta property=\"article:modified_time\" content=\"2023-06-20T13:42:12+00:00\" \/>\n<meta name=\"twitter:card\" content=\"summary_large_image\" \/>\n<meta name=\"twitter:label1\" content=\"Ber\u00e4knad l\u00e4stid\" \/>\n\t<meta name=\"twitter:data1\" content=\"1 minut\" \/>\n<script type=\"application\/ld+json\" class=\"yoast-schema-graph\">{\"@context\":\"https:\/\/schema.org\",\"@graph\":[{\"@type\":\"WebPage\",\"@id\":\"https:\/\/sateenkaarihistoria.fi\/sv\/samlingar\/skotsel-av-dodsbo\/\",\"url\":\"https:\/\/sateenkaarihistoria.fi\/sv\/samlingar\/skotsel-av-dodsbo\/\",\"name\":\"Sk\u00f6tsel av d\u00f6dsbo - Sateenkaari\u00adhistorian yst\u00e4v\u00e4t\",\"isPartOf\":{\"@id\":\"https:\/\/sateenkaarihistoria.fi\/#website\"},\"datePublished\":\"2021-05-15T17:55:04+00:00\",\"dateModified\":\"2023-06-20T13:42:12+00:00\",\"breadcrumb\":{\"@id\":\"https:\/\/sateenkaarihistoria.fi\/sv\/samlingar\/skotsel-av-dodsbo\/#breadcrumb\"},\"inLanguage\":\"sv-SE\",\"potentialAction\":[{\"@type\":\"ReadAction\",\"target\":[\"https:\/\/sateenkaarihistoria.fi\/sv\/samlingar\/skotsel-av-dodsbo\/\"]}]},{\"@type\":\"BreadcrumbList\",\"@id\":\"https:\/\/sateenkaarihistoria.fi\/sv\/samlingar\/skotsel-av-dodsbo\/#breadcrumb\",\"itemListElement\":[{\"@type\":\"ListItem\",\"position\":1,\"name\":\"Etusivu\",\"item\":\"https:\/\/sateenkaarihistoria.fi\/sv\/\"},{\"@type\":\"ListItem\",\"position\":2,\"name\":\"Samlingar\",\"item\":\"https:\/\/sateenkaarihistoria.fi\/sv\/samlingar\/\"},{\"@type\":\"ListItem\",\"position\":3,\"name\":\"Sk\u00f6tsel av d\u00f6dsbo\"}]},{\"@type\":\"WebSite\",\"@id\":\"https:\/\/sateenkaarihistoria.fi\/#website\",\"url\":\"https:\/\/sateenkaarihistoria.fi\/\",\"name\":\"Sateenkaari\u00adhistorian yst\u00e4v\u00e4t\",\"description\":\"Suomalaisen sateenkaarihistorian verkkopalvelu, joka kokoaa yhteen l\u00e4hteit\u00e4, aineistoja ja tietoa queer-historiasta, transhistoriasta, sukupuoliv\u00e4hemmist\u00f6jen ja seksuaaliv\u00e4hemmist\u00f6jen historiasta sek\u00e4 niiden tutkimuksesta.\",\"publisher\":{\"@id\":\"https:\/\/sateenkaarihistoria.fi\/#organization\"},\"potentialAction\":[{\"@type\":\"SearchAction\",\"target\":{\"@type\":\"EntryPoint\",\"urlTemplate\":\"https:\/\/sateenkaarihistoria.fi\/?s={search_term_string}\"},\"query-input\":{\"@type\":\"PropertyValueSpecification\",\"valueRequired\":true,\"valueName\":\"search_term_string\"}}],\"inLanguage\":\"sv-SE\"},{\"@type\":\"Organization\",\"@id\":\"https:\/\/sateenkaarihistoria.fi\/#organization\",\"name\":\"Sateenkaarihistorian yst\u00e4v\u00e4t\",\"url\":\"https:\/\/sateenkaarihistoria.fi\/\",\"logo\":{\"@type\":\"ImageObject\",\"inLanguage\":\"sv-SE\",\"@id\":\"https:\/\/sateenkaarihistoria.fi\/#\/schema\/logo\/image\/\",\"url\":\"https:\/\/i0.wp.com\/sateenkaarihistoria.fi\/wp-content\/uploads\/2021\/12\/SHY-logo_250x169.jpg?fit=250%2C169&ssl=1\",\"contentUrl\":\"https:\/\/i0.wp.com\/sateenkaarihistoria.fi\/wp-content\/uploads\/2021\/12\/SHY-logo_250x169.jpg?fit=250%2C169&ssl=1\",\"width\":250,\"height\":169,\"caption\":\"Sateenkaarihistorian yst\u00e4v\u00e4t\"},\"image\":{\"@id\":\"https:\/\/sateenkaarihistoria.fi\/#\/schema\/logo\/image\/\"},\"sameAs\":[\"https:\/\/www.facebook.com\/sateenkaarihistoria\",\"https:\/\/instagram.com\/sateenkaarihistoria\"]}]}<\/script>\n<!-- \/ Yoast SEO plugin. -->","yoast_head_json":{"title":"Sk\u00f6tsel av d\u00f6dsbo - Sateenkaari\u00adhistorian yst\u00e4v\u00e4t","robots":{"index":"index","follow":"follow","max-snippet":"max-snippet:-1","max-image-preview":"max-image-preview:large","max-video-preview":"max-video-preview:-1"},"canonical":"https:\/\/sateenkaarihistoria.fi\/sv\/samlingar\/skotsel-av-dodsbo\/","og_locale":"sv_SE","og_type":"article","og_title":"Sk\u00f6tsel av d\u00f6dsbo - Sateenkaari\u00adhistorian yst\u00e4v\u00e4t","og_description":"D\u00e5 en m\u00e4nniska g\u00e5r bort l\u00e4mnar hen ofta kvar en m\u00e4ngd f\u00f6rem\u00e5l och minnen. Ibland kan det i dem ing\u00e5 v\u00e4rdefulla detaljer ur v\u00e5r queera historia &#8211; perspektiv som alltf\u00f6r&hellip;&nbsp;L\u00e4s mer &raquo;Sk\u00f6tsel av d\u00f6dsbo","og_url":"https:\/\/sateenkaarihistoria.fi\/sv\/samlingar\/skotsel-av-dodsbo\/","og_site_name":"Sateenkaari\u00adhistorian yst\u00e4v\u00e4t","article_publisher":"https:\/\/www.facebook.com\/sateenkaarihistoria","article_modified_time":"2023-06-20T13:42:12+00:00","twitter_card":"summary_large_image","twitter_misc":{"Ber\u00e4knad l\u00e4stid":"1 minut"},"schema":{"@context":"https:\/\/schema.org","@graph":[{"@type":"WebPage","@id":"https:\/\/sateenkaarihistoria.fi\/sv\/samlingar\/skotsel-av-dodsbo\/","url":"https:\/\/sateenkaarihistoria.fi\/sv\/samlingar\/skotsel-av-dodsbo\/","name":"Sk\u00f6tsel av d\u00f6dsbo - Sateenkaari\u00adhistorian yst\u00e4v\u00e4t","isPartOf":{"@id":"https:\/\/sateenkaarihistoria.fi\/#website"},"datePublished":"2021-05-15T17:55:04+00:00","dateModified":"2023-06-20T13:42:12+00:00","breadcrumb":{"@id":"https:\/\/sateenkaarihistoria.fi\/sv\/samlingar\/skotsel-av-dodsbo\/#breadcrumb"},"inLanguage":"sv-SE","potentialAction":[{"@type":"ReadAction","target":["https:\/\/sateenkaarihistoria.fi\/sv\/samlingar\/skotsel-av-dodsbo\/"]}]},{"@type":"BreadcrumbList","@id":"https:\/\/sateenkaarihistoria.fi\/sv\/samlingar\/skotsel-av-dodsbo\/#breadcrumb","itemListElement":[{"@type":"ListItem","position":1,"name":"Etusivu","item":"https:\/\/sateenkaarihistoria.fi\/sv\/"},{"@type":"ListItem","position":2,"name":"Samlingar","item":"https:\/\/sateenkaarihistoria.fi\/sv\/samlingar\/"},{"@type":"ListItem","position":3,"name":"Sk\u00f6tsel av d\u00f6dsbo"}]},{"@type":"WebSite","@id":"https:\/\/sateenkaarihistoria.fi\/#website","url":"https:\/\/sateenkaarihistoria.fi\/","name":"Sateenkaari\u00adhistorian yst\u00e4v\u00e4t","description":"Suomalaisen sateenkaarihistorian verkkopalvelu, joka kokoaa yhteen l\u00e4hteit\u00e4, aineistoja ja tietoa queer-historiasta, transhistoriasta, sukupuoliv\u00e4hemmist\u00f6jen ja seksuaaliv\u00e4hemmist\u00f6jen historiasta sek\u00e4 niiden tutkimuksesta.","publisher":{"@id":"https:\/\/sateenkaarihistoria.fi\/#organization"},"potentialAction":[{"@type":"SearchAction","target":{"@type":"EntryPoint","urlTemplate":"https:\/\/sateenkaarihistoria.fi\/?s={search_term_string}"},"query-input":{"@type":"PropertyValueSpecification","valueRequired":true,"valueName":"search_term_string"}}],"inLanguage":"sv-SE"},{"@type":"Organization","@id":"https:\/\/sateenkaarihistoria.fi\/#organization","name":"Sateenkaarihistorian yst\u00e4v\u00e4t","url":"https:\/\/sateenkaarihistoria.fi\/","logo":{"@type":"ImageObject","inLanguage":"sv-SE","@id":"https:\/\/sateenkaarihistoria.fi\/#\/schema\/logo\/image\/","url":"https:\/\/i0.wp.com\/sateenkaarihistoria.fi\/wp-content\/uploads\/2021\/12\/SHY-logo_250x169.jpg?fit=250%2C169&ssl=1","contentUrl":"https:\/\/i0.wp.com\/sateenkaarihistoria.fi\/wp-content\/uploads\/2021\/12\/SHY-logo_250x169.jpg?fit=250%2C169&ssl=1","width":250,"height":169,"caption":"Sateenkaarihistorian yst\u00e4v\u00e4t"},"image":{"@id":"https:\/\/sateenkaarihistoria.fi\/#\/schema\/logo\/image\/"},"sameAs":["https:\/\/www.facebook.com\/sateenkaarihistoria","https:\/\/instagram.com\/sateenkaarihistoria"]}]}},"taxonomy_info":[],"featured_image_src_large":false,"author_info":{"display_name":"admin","author_link":"https:\/\/sateenkaarihistoria.fi\/sv\/author\/admin\/"},"comment_info":0,"_links":{"self":[{"href":"https:\/\/sateenkaarihistoria.fi\/sv\/wp-json\/wp\/v2\/pages\/8900","targetHints":{"allow":["GET"]}}],"collection":[{"href":"https:\/\/sateenkaarihistoria.fi\/sv\/wp-json\/wp\/v2\/pages"}],"about":[{"href":"https:\/\/sateenkaarihistoria.fi\/sv\/wp-json\/wp\/v2\/types\/page"}],"author":[{"embeddable":true,"href":"https:\/\/sateenkaarihistoria.fi\/sv\/wp-json\/wp\/v2\/users\/1"}],"replies":[{"embeddable":true,"href":"https:\/\/sateenkaarihistoria.fi\/sv\/wp-json\/wp\/v2\/comments?post=8900"}],"version-history":[{"count":3,"href":"https:\/\/sateenkaarihistoria.fi\/sv\/wp-json\/wp\/v2\/pages\/8900\/revisions"}],"predecessor-version":[{"id":8903,"href":"https:\/\/sateenkaarihistoria.fi\/sv\/wp-json\/wp\/v2\/pages\/8900\/revisions\/8903"}],"up":[{"embeddable":true,"href":"https:\/\/sateenkaarihistoria.fi\/sv\/wp-json\/wp\/v2\/pages\/8547"}],"wp:attachment":[{"href":"https:\/\/sateenkaarihistoria.fi\/sv\/wp-json\/wp\/v2\/media?parent=8900"}],"wp:term":[{"taxonomy":"author","embeddable":true,"href":"https:\/\/sateenkaarihistoria.fi\/sv\/wp-json\/wp\/v2\/ppma_author?post=8900"}],"curies":[{"name":"wp","href":"https:\/\/api.w.org\/{rel}","templated":true}]}}