{"id":8547,"date":"2021-05-15T20:55:21","date_gmt":"2021-05-15T17:55:21","guid":{"rendered":"https:\/\/sateenkaarihistoria.fi\/samlingar\/"},"modified":"2023-05-06T23:15:23","modified_gmt":"2023-05-06T20:15:23","slug":"samlingar","status":"publish","type":"page","link":"https:\/\/sateenkaarihistoria.fi\/sv\/samlingar\/","title":{"rendered":"Samlingar"},"content":{"rendered":"\n<div class=\"wp-block-buttons is-layout-flex wp-block-buttons-is-layout-flex\">\n<div class=\"wp-block-button is-style-primary\"><a class=\"wp-block-button__link\" href=\"https:\/\/sateenkaarihistoria.fi\/hakusanakirja\/\">Lista p\u00e5 s\u00f6kord<\/a><\/div>\n\n\n\n<div class=\"wp-block-button is-style-primary\"><a class=\"wp-block-button__link\" href=\"https:\/\/sateenkaarihistoria.fi\/kokoelmat\/arkistot-ja-kokoelmat\/\">Arkiv och samlingar<\/a><\/div>\n\n\n\n<div class=\"wp-block-button is-style-primary\"><a class=\"wp-block-button__link\" href=\"https:\/\/sateenkaarihistoria.fi\/kokoelmat\/museotoiminta-ja-nayttelyt\/\">Museiverksamhet och utst\u00e4llningar<\/a><\/div>\n\n\n\n<div class=\"wp-block-button is-style-primary\"><a class=\"wp-block-button__link\" href=\"https:\/\/sateenkaarihistoria.fi\/kokoelmat\/tallennusohjeet-yhteisoille\/\">Instruktioner f\u00f6r dokumentation: organisationer<\/a><\/div>\n\n\n\n<div class=\"wp-block-button is-style-primary\"><a class=\"wp-block-button__link\" href=\"https:\/\/sateenkaarihistoria.fi\/kokoelmat\/tallennusohjeet-henkiloarkistoille\/\">Instruktioner f\u00f6r dokumentation: privatpersoner<\/a><\/div>\n\n\n\n<div class=\"wp-block-button is-style-primary\"><a class=\"wp-block-button__link\" href=\"https:\/\/sateenkaarihistoria.fi\/kokoelmat\/kuolinpesan-hoito\/\">Material fr\u00e5n d\u00f6dsbo<\/a><\/div>\n<\/div>\n\n<p><\/p>\n\n<p>P\u00e5 sidan Samlingar hittar du information om dokumentation av queerhistoria. Dessutom finns centrala samlingar relaterade till \u00e4mnet liksom instanserna som uppr\u00e4tth\u00e5ller dem listade.<\/p>\n\n<p>Dokumentation av queerhistoria \u00e4r det viktigaste verktyget f\u00f6r att bevara den. Olika typer av material, som brev, fotografier, dokument, tidningar, affischer, f\u00f6rem\u00e5l och kl\u00e4der, kan finnas i f\u00f6rr\u00e5d hos privatpersoner och samfund, men f\u00f6r att de ska kunna bevaras skulle det vara s\u00e4krare att de tas om hand av en minnesinstitution som placerar dem i sina samlingar. Minnesinstitutionerna omfattar till exempel museer, arkiv och bibliotek. D\u00e5 materialet ing\u00e5r i dessa samlingar blir det mer tillg\u00e4ngligt till exempel f\u00f6r forskare, och institutionerna f\u00f6rbinder sig till att bevara det p\u00e5 ett sakkunnigt s\u00e4tt. Delar av samlingarnas material kan vara tillg\u00e4ngligt f\u00f6r allm\u00e4nheten, medan s\u00e5dant som \u00e4r k\u00e4nsligt till sin natur eller inneh\u00e5ller personuppgifter kan kategoriseras som konfidentiellt. D\u00e5 avg\u00f6rs anv\u00e4ndning i forskningssyfte fr\u00e5n fall till fall.<\/p>\n","protected":false},"excerpt":{"rendered":"<p>P\u00e5 sidan Samlingar hittar du information om dokumentation av queerhistoria. Dessutom finns centrala samlingar relaterade till \u00e4mnet liksom instanserna som uppr\u00e4tth\u00e5ller dem listade. Dokumentation av queerhistoria \u00e4r det viktigaste verktyget&hellip;&nbsp;<a href=\"https:\/\/sateenkaarihistoria.fi\/sv\/samlingar\/\" rel=\"bookmark\">L\u00e4s mer &raquo;<span class=\"screen-reader-text\">Samlingar<\/span><\/a><\/p>\n","protected":false},"author":1,"featured_media":0,"parent":0,"menu_order":0,"comment_status":"closed","ping_status":"closed","template":"","meta":{"_kad_blocks_custom_css":"","_kad_blocks_head_custom_js":"","_kad_blocks_body_custom_js":"","_kad_blocks_footer_custom_js":"","neve_meta_sidebar":"default","neve_meta_container":"","neve_meta_enable_content_width":"off","neve_meta_content_width":100,"neve_meta_title_alignment":"","neve_meta_author_avatar":"","neve_post_elements_order":"","neve_meta_disable_header":"","neve_meta_disable_footer":"","neve_meta_disable_title":"","footnotes":""},"ppma_author":[162,434],"class_list":["post-8547","page","type-page","status-publish","hentry"],"yoast_head":"<!-- This site is optimized with the Yoast SEO plugin v26.7 - https:\/\/yoast.com\/wordpress\/plugins\/seo\/ -->\n<title>Samlingar - Sateenkaari\u00adhistorian yst\u00e4v\u00e4t<\/title>\n<meta name=\"robots\" content=\"index, follow, max-snippet:-1, max-image-preview:large, max-video-preview:-1\" \/>\n<link rel=\"canonical\" href=\"https:\/\/sateenkaarihistoria.fi\/sv\/samlingar\/\" \/>\n<meta property=\"og:locale\" content=\"sv_SE\" \/>\n<meta property=\"og:type\" content=\"article\" \/>\n<meta property=\"og:title\" content=\"Samlingar - Sateenkaari\u00adhistorian yst\u00e4v\u00e4t\" \/>\n<meta property=\"og:description\" content=\"P\u00e5 sidan Samlingar hittar du information om dokumentation av queerhistoria. Dessutom finns centrala samlingar relaterade till \u00e4mnet liksom instanserna som uppr\u00e4tth\u00e5ller dem listade. Dokumentation av queerhistoria \u00e4r det viktigaste verktyget&hellip;&nbsp;L\u00e4s mer &raquo;Samlingar\" \/>\n<meta property=\"og:url\" content=\"https:\/\/sateenkaarihistoria.fi\/sv\/samlingar\/\" \/>\n<meta property=\"og:site_name\" content=\"Sateenkaari\u00adhistorian yst\u00e4v\u00e4t\" \/>\n<meta property=\"article:publisher\" content=\"https:\/\/www.facebook.com\/sateenkaarihistoria\" \/>\n<meta property=\"article:modified_time\" content=\"2023-05-06T20:15:23+00:00\" \/>\n<meta name=\"twitter:card\" content=\"summary_large_image\" \/>\n<meta name=\"twitter:label1\" content=\"Ber\u00e4knad l\u00e4stid\" \/>\n\t<meta name=\"twitter:data1\" content=\"1 minut\" \/>\n<script type=\"application\/ld+json\" class=\"yoast-schema-graph\">{\"@context\":\"https:\/\/schema.org\",\"@graph\":[{\"@type\":\"WebPage\",\"@id\":\"https:\/\/sateenkaarihistoria.fi\/sv\/samlingar\/\",\"url\":\"https:\/\/sateenkaarihistoria.fi\/sv\/samlingar\/\",\"name\":\"Samlingar - Sateenkaari\u00adhistorian yst\u00e4v\u00e4t\",\"isPartOf\":{\"@id\":\"https:\/\/sateenkaarihistoria.fi\/#website\"},\"datePublished\":\"2021-05-15T17:55:21+00:00\",\"dateModified\":\"2023-05-06T20:15:23+00:00\",\"breadcrumb\":{\"@id\":\"https:\/\/sateenkaarihistoria.fi\/sv\/samlingar\/#breadcrumb\"},\"inLanguage\":\"sv-SE\",\"potentialAction\":[{\"@type\":\"ReadAction\",\"target\":[\"https:\/\/sateenkaarihistoria.fi\/sv\/samlingar\/\"]}]},{\"@type\":\"BreadcrumbList\",\"@id\":\"https:\/\/sateenkaarihistoria.fi\/sv\/samlingar\/#breadcrumb\",\"itemListElement\":[{\"@type\":\"ListItem\",\"position\":1,\"name\":\"Etusivu\",\"item\":\"https:\/\/sateenkaarihistoria.fi\/sv\/\"},{\"@type\":\"ListItem\",\"position\":2,\"name\":\"Samlingar\"}]},{\"@type\":\"WebSite\",\"@id\":\"https:\/\/sateenkaarihistoria.fi\/#website\",\"url\":\"https:\/\/sateenkaarihistoria.fi\/\",\"name\":\"Sateenkaari\u00adhistorian yst\u00e4v\u00e4t\",\"description\":\"Suomalaisen sateenkaarihistorian verkkopalvelu, joka kokoaa yhteen l\u00e4hteit\u00e4, aineistoja ja tietoa queer-historiasta, transhistoriasta, sukupuoliv\u00e4hemmist\u00f6jen ja seksuaaliv\u00e4hemmist\u00f6jen historiasta sek\u00e4 niiden tutkimuksesta.\",\"publisher\":{\"@id\":\"https:\/\/sateenkaarihistoria.fi\/#organization\"},\"potentialAction\":[{\"@type\":\"SearchAction\",\"target\":{\"@type\":\"EntryPoint\",\"urlTemplate\":\"https:\/\/sateenkaarihistoria.fi\/?s={search_term_string}\"},\"query-input\":{\"@type\":\"PropertyValueSpecification\",\"valueRequired\":true,\"valueName\":\"search_term_string\"}}],\"inLanguage\":\"sv-SE\"},{\"@type\":\"Organization\",\"@id\":\"https:\/\/sateenkaarihistoria.fi\/#organization\",\"name\":\"Sateenkaarihistorian yst\u00e4v\u00e4t\",\"url\":\"https:\/\/sateenkaarihistoria.fi\/\",\"logo\":{\"@type\":\"ImageObject\",\"inLanguage\":\"sv-SE\",\"@id\":\"https:\/\/sateenkaarihistoria.fi\/#\/schema\/logo\/image\/\",\"url\":\"https:\/\/i0.wp.com\/sateenkaarihistoria.fi\/wp-content\/uploads\/2021\/12\/SHY-logo_250x169.jpg?fit=250%2C169&ssl=1\",\"contentUrl\":\"https:\/\/i0.wp.com\/sateenkaarihistoria.fi\/wp-content\/uploads\/2021\/12\/SHY-logo_250x169.jpg?fit=250%2C169&ssl=1\",\"width\":250,\"height\":169,\"caption\":\"Sateenkaarihistorian yst\u00e4v\u00e4t\"},\"image\":{\"@id\":\"https:\/\/sateenkaarihistoria.fi\/#\/schema\/logo\/image\/\"},\"sameAs\":[\"https:\/\/www.facebook.com\/sateenkaarihistoria\",\"https:\/\/instagram.com\/sateenkaarihistoria\"]}]}<\/script>\n<!-- \/ Yoast SEO plugin. -->","yoast_head_json":{"title":"Samlingar - Sateenkaari\u00adhistorian yst\u00e4v\u00e4t","robots":{"index":"index","follow":"follow","max-snippet":"max-snippet:-1","max-image-preview":"max-image-preview:large","max-video-preview":"max-video-preview:-1"},"canonical":"https:\/\/sateenkaarihistoria.fi\/sv\/samlingar\/","og_locale":"sv_SE","og_type":"article","og_title":"Samlingar - Sateenkaari\u00adhistorian yst\u00e4v\u00e4t","og_description":"P\u00e5 sidan Samlingar hittar du information om dokumentation av queerhistoria. Dessutom finns centrala samlingar relaterade till \u00e4mnet liksom instanserna som uppr\u00e4tth\u00e5ller dem listade. Dokumentation av queerhistoria \u00e4r det viktigaste verktyget&hellip;&nbsp;L\u00e4s mer &raquo;Samlingar","og_url":"https:\/\/sateenkaarihistoria.fi\/sv\/samlingar\/","og_site_name":"Sateenkaari\u00adhistorian yst\u00e4v\u00e4t","article_publisher":"https:\/\/www.facebook.com\/sateenkaarihistoria","article_modified_time":"2023-05-06T20:15:23+00:00","twitter_card":"summary_large_image","twitter_misc":{"Ber\u00e4knad l\u00e4stid":"1 minut"},"schema":{"@context":"https:\/\/schema.org","@graph":[{"@type":"WebPage","@id":"https:\/\/sateenkaarihistoria.fi\/sv\/samlingar\/","url":"https:\/\/sateenkaarihistoria.fi\/sv\/samlingar\/","name":"Samlingar - Sateenkaari\u00adhistorian yst\u00e4v\u00e4t","isPartOf":{"@id":"https:\/\/sateenkaarihistoria.fi\/#website"},"datePublished":"2021-05-15T17:55:21+00:00","dateModified":"2023-05-06T20:15:23+00:00","breadcrumb":{"@id":"https:\/\/sateenkaarihistoria.fi\/sv\/samlingar\/#breadcrumb"},"inLanguage":"sv-SE","potentialAction":[{"@type":"ReadAction","target":["https:\/\/sateenkaarihistoria.fi\/sv\/samlingar\/"]}]},{"@type":"BreadcrumbList","@id":"https:\/\/sateenkaarihistoria.fi\/sv\/samlingar\/#breadcrumb","itemListElement":[{"@type":"ListItem","position":1,"name":"Etusivu","item":"https:\/\/sateenkaarihistoria.fi\/sv\/"},{"@type":"ListItem","position":2,"name":"Samlingar"}]},{"@type":"WebSite","@id":"https:\/\/sateenkaarihistoria.fi\/#website","url":"https:\/\/sateenkaarihistoria.fi\/","name":"Sateenkaari\u00adhistorian yst\u00e4v\u00e4t","description":"Suomalaisen sateenkaarihistorian verkkopalvelu, joka kokoaa yhteen l\u00e4hteit\u00e4, aineistoja ja tietoa queer-historiasta, transhistoriasta, sukupuoliv\u00e4hemmist\u00f6jen ja seksuaaliv\u00e4hemmist\u00f6jen historiasta sek\u00e4 niiden tutkimuksesta.","publisher":{"@id":"https:\/\/sateenkaarihistoria.fi\/#organization"},"potentialAction":[{"@type":"SearchAction","target":{"@type":"EntryPoint","urlTemplate":"https:\/\/sateenkaarihistoria.fi\/?s={search_term_string}"},"query-input":{"@type":"PropertyValueSpecification","valueRequired":true,"valueName":"search_term_string"}}],"inLanguage":"sv-SE"},{"@type":"Organization","@id":"https:\/\/sateenkaarihistoria.fi\/#organization","name":"Sateenkaarihistorian yst\u00e4v\u00e4t","url":"https:\/\/sateenkaarihistoria.fi\/","logo":{"@type":"ImageObject","inLanguage":"sv-SE","@id":"https:\/\/sateenkaarihistoria.fi\/#\/schema\/logo\/image\/","url":"https:\/\/i0.wp.com\/sateenkaarihistoria.fi\/wp-content\/uploads\/2021\/12\/SHY-logo_250x169.jpg?fit=250%2C169&ssl=1","contentUrl":"https:\/\/i0.wp.com\/sateenkaarihistoria.fi\/wp-content\/uploads\/2021\/12\/SHY-logo_250x169.jpg?fit=250%2C169&ssl=1","width":250,"height":169,"caption":"Sateenkaarihistorian yst\u00e4v\u00e4t"},"image":{"@id":"https:\/\/sateenkaarihistoria.fi\/#\/schema\/logo\/image\/"},"sameAs":["https:\/\/www.facebook.com\/sateenkaarihistoria","https:\/\/instagram.com\/sateenkaarihistoria"]}]}},"taxonomy_info":[],"featured_image_src_large":false,"author_info":{"display_name":"admin","author_link":"https:\/\/sateenkaarihistoria.fi\/sv\/author\/admin\/"},"comment_info":0,"_links":{"self":[{"href":"https:\/\/sateenkaarihistoria.fi\/sv\/wp-json\/wp\/v2\/pages\/8547","targetHints":{"allow":["GET"]}}],"collection":[{"href":"https:\/\/sateenkaarihistoria.fi\/sv\/wp-json\/wp\/v2\/pages"}],"about":[{"href":"https:\/\/sateenkaarihistoria.fi\/sv\/wp-json\/wp\/v2\/types\/page"}],"author":[{"embeddable":true,"href":"https:\/\/sateenkaarihistoria.fi\/sv\/wp-json\/wp\/v2\/users\/1"}],"replies":[{"embeddable":true,"href":"https:\/\/sateenkaarihistoria.fi\/sv\/wp-json\/wp\/v2\/comments?post=8547"}],"version-history":[{"count":1,"href":"https:\/\/sateenkaarihistoria.fi\/sv\/wp-json\/wp\/v2\/pages\/8547\/revisions"}],"predecessor-version":[{"id":8548,"href":"https:\/\/sateenkaarihistoria.fi\/sv\/wp-json\/wp\/v2\/pages\/8547\/revisions\/8548"}],"wp:attachment":[{"href":"https:\/\/sateenkaarihistoria.fi\/sv\/wp-json\/wp\/v2\/media?parent=8547"}],"wp:term":[{"taxonomy":"author","embeddable":true,"href":"https:\/\/sateenkaarihistoria.fi\/sv\/wp-json\/wp\/v2\/ppma_author?post=8547"}],"curies":[{"name":"wp","href":"https:\/\/api.w.org\/{rel}","templated":true}]}}