{"id":4766,"date":"2022-01-20T13:42:07","date_gmt":"2022-01-20T11:42:07","guid":{"rendered":"https:\/\/sateenkaarihistoria.fi\/om-webbtidningen\/"},"modified":"2025-05-07T11:20:39","modified_gmt":"2025-05-07T08:20:39","slug":"om-webbtidningen","status":"publish","type":"page","link":"https:\/\/sateenkaarihistoria.fi\/sv\/webbtidning\/om-webbtidningen\/","title":{"rendered":"N\u00e4ttidskriften"},"content":{"rendered":"\n<p>I n\u00e4ttidskriften <em><a href=\"https:\/\/sateenkaarihistoria.fi\/sv\/webbtidning\/\">Skrifter av Queerhistoriens v\u00e4nner<\/a><\/em> som finns p\u00e5 hemsidan publicerar Queerhistoriens v\u00e4nner populariserad forskning om finl\u00e4ndsk queerhistoria och dess k\u00e4llor. <\/p>\n\n\n\n<p>Tidskriftens artiklar tj\u00e4nar s\u00e5v\u00e4l allm\u00e4nheten som forskarna, minnesinstitutionerna och utbildningssektorn. <\/p>\n\n\n\n<p>N\u00e4ttidskriftens ISSN \u00e4r <strong>ISSN 2737-3908<\/strong>. Numret inneb\u00e4r att artiklarna indexeras i offentliga register och de kan l\u00e4ggas till i universitetens databaser s\u00e5 att artikelskribenten och hens organisation f\u00e5r samh\u00e4lleligt genomslag.<\/p>\n\n\n\n<p>F\u00f6reningen <a href=\"https:\/\/sateenkaarihistoria.fi\/sv\/queerhistoriens-vanner\/\" data-type=\"page\" data-id=\"113\">Queerhistoriens v\u00e4nner rf<\/a> grundades 2020 i syfte att \u00f6ka k\u00e4nnedomen om k\u00f6nsm\u00e5ngfaldens och den sexuella m\u00e5ngfaldens historia. F\u00f6reningen vill dessutom fr\u00e4mja dokumentation och synligg\u00f6rande av denna historia, liksom queerhistorisk forskning.<\/p>\n\n\n\n<p>Webbtidningen st\u00f6ds av Konestiftelsen.<\/p>\n\n\n\n<h2 class=\"wp-block-heading\">Redaktion<\/h2>\n\n\n\n<p><strong>Chefredakt\u00f6r:\u00a0<\/strong>Tuula Juvonen <br><strong>Redaktionssekreterare:<\/strong>\u00a0Pinja Ylioja (verkkolehti@sateenkaarihistoria.fi)<br><strong>Redaktionen i \u00f6vrigt:<\/strong>\u00a0Till redaktionsr\u00e5det \u00e5r 2025 h\u00f6r Queerhistoriens v\u00e4nners styrelsemedlemmar Elina M\u00e4kinen, Eva Isaksson, Johanna Pohtinen, Kaura Raudaskoski ja Rose-Marie Peake<\/p>\n\n\n\n<h2 class=\"wp-block-heading\">Typer av text<\/h2>\n\n\n\n<p><strong>Artiklarna<\/strong> \u00e4r korta forskningsbaserade artiklar om queerhistoriska teman.<br><strong>Inl\u00e4ggen<\/strong> \u00e4r korta texter av olika f\u00f6rfattare om att dokumentera, forska i och l\u00e4ra ut queerhistoria.<br><strong>Presentationerna<\/strong> \u00e4r skrivna av minnesinstitutioner och lyfter fram vilka samlingar som finns och hur de kan anv\u00e4ndas.<br><strong>Recensionerna<\/strong> av b\u00f6cker eller andra verk \u00e4r skrivna av experter p\u00e5 queerhistoria.<br><strong>Pressmeddelandena<\/strong> f\u00f6rmedlar information om f\u00f6reningens och dess samarbetsparters verksamhet.<\/p>\n\n\n\n<div class=\"wp-block-columns verkkolehdentiedot is-layout-flex wp-container-core-columns-is-layout-9d6595d7 wp-block-columns-is-layout-flex\">\n<div class=\"wp-block-column is-layout-flow wp-block-column-is-layout-flow\" style=\"flex-basis:20%\"><div class=\"wp-block-image\">\n<figure class=\"alignright size-full is-resized\"><img loading=\"lazy\" decoding=\"async\" src=\"https:\/\/sateenkaarihistoria.fi\/wp-content\/uploads\/2021\/12\/verkkolehti_ikoni.png\" alt=\"\" class=\"wp-image-3648\" width=\"150\" height=\"174\" srcset=\"https:\/\/sateenkaarihistoria.fi\/wp-content\/uploads\/2021\/12\/verkkolehti_ikoni.png 150w, https:\/\/sateenkaarihistoria.fi\/wp-content\/uploads\/2021\/12\/verkkolehti_ikoni-129x150.png 129w\" sizes=\"auto, (max-width: 150px) 100vw, 150px\" \/><\/figure>\n<\/div><\/div>\n\n\n\n<div class=\"wp-block-column is-layout-flow wp-block-column-is-layout-flow\" style=\"flex-basis:80%\">\n<p><p><strong>Skrifter av queerhistoriens v\u00e4nner<\/strong> \u00e4r en webbtidning som ges ut av Queerhistoriens v\u00e4nner rf p\u00e5 <a href=\"https:\/\/sateenkaarihistoria.fi\/sv\/webbtidning\/\">sateenkaarihistoria.fi\/sv\/webbtidning\/<\/a> (svenska version).<\/p><\/p>\n\n\n\n<p><p><a href=\"https:\/\/sateenkaarihistoria.fi\/sv\/webbtidning\/om-webbtidningen\/\">Om webbtidningen<\/a><\/p><\/p>\n\n\n\n<p><p><a href=\"https:\/\/sateenkaarihistoria.fi\/sv\/webbtidning\/anvisningar-for-forfattare\/\">Anvisningar f\u00f6r f\u00f6rfattare<\/a><\/p><\/p>\n\n\n\n<p><strong>ISSN 2737-3908<\/strong><\/p>\n<\/div>\n<\/div>\n","protected":false},"excerpt":{"rendered":"<p>I n\u00e4ttidskriften Skrifter av Queerhistoriens v\u00e4nner som finns p\u00e5 hemsidan publicerar Queerhistoriens v\u00e4nner populariserad forskning om finl\u00e4ndsk queerhistoria och dess k\u00e4llor. Tidskriftens artiklar tj\u00e4nar s\u00e5v\u00e4l allm\u00e4nheten som forskarna, minnesinstitutionerna och&hellip;&nbsp;<a href=\"https:\/\/sateenkaarihistoria.fi\/sv\/webbtidning\/om-webbtidningen\/\" rel=\"bookmark\">L\u00e4s mer &raquo;<span class=\"screen-reader-text\">N\u00e4ttidskriften<\/span><\/a><\/p>\n","protected":false},"author":2,"featured_media":0,"parent":4757,"menu_order":0,"comment_status":"closed","ping_status":"closed","template":"","meta":{"_kad_blocks_custom_css":"","_kad_blocks_head_custom_js":"","_kad_blocks_body_custom_js":"","_kad_blocks_footer_custom_js":"","neve_meta_sidebar":"full-width","neve_meta_container":"","neve_meta_enable_content_width":"on","neve_meta_content_width":100,"neve_meta_title_alignment":"","neve_meta_author_avatar":"","neve_post_elements_order":"","neve_meta_disable_header":"","neve_meta_disable_footer":"","neve_meta_disable_title":"","footnotes":""},"ppma_author":[431,168],"class_list":["post-4766","page","type-page","status-publish","hentry"],"yoast_head":"<!-- This site is optimized with the Yoast SEO plugin v26.7 - https:\/\/yoast.com\/wordpress\/plugins\/seo\/ -->\n<title>N\u00e4ttidskriften - Sateenkaari\u00adhistorian yst\u00e4v\u00e4t<\/title>\n<meta name=\"robots\" content=\"index, follow, max-snippet:-1, max-image-preview:large, max-video-preview:-1\" \/>\n<link rel=\"canonical\" href=\"https:\/\/sateenkaarihistoria.fi\/sv\/webbtidning\/om-webbtidningen\/\" \/>\n<meta property=\"og:locale\" content=\"sv_SE\" \/>\n<meta property=\"og:type\" content=\"article\" \/>\n<meta property=\"og:title\" content=\"N\u00e4ttidskriften - Sateenkaari\u00adhistorian yst\u00e4v\u00e4t\" \/>\n<meta property=\"og:description\" content=\"I n\u00e4ttidskriften Skrifter av Queerhistoriens v\u00e4nner som finns p\u00e5 hemsidan publicerar Queerhistoriens v\u00e4nner populariserad forskning om finl\u00e4ndsk queerhistoria och dess k\u00e4llor. Tidskriftens artiklar tj\u00e4nar s\u00e5v\u00e4l allm\u00e4nheten som forskarna, minnesinstitutionerna och&hellip;&nbsp;L\u00e4s mer &raquo;N\u00e4ttidskriften\" \/>\n<meta property=\"og:url\" content=\"https:\/\/sateenkaarihistoria.fi\/sv\/webbtidning\/om-webbtidningen\/\" \/>\n<meta property=\"og:site_name\" content=\"Sateenkaari\u00adhistorian yst\u00e4v\u00e4t\" \/>\n<meta property=\"article:publisher\" content=\"https:\/\/www.facebook.com\/sateenkaarihistoria\" \/>\n<meta property=\"article:modified_time\" content=\"2025-05-07T08:20:39+00:00\" \/>\n<meta name=\"twitter:card\" content=\"summary_large_image\" \/>\n<meta name=\"twitter:label1\" content=\"Ber\u00e4knad l\u00e4stid\" \/>\n\t<meta name=\"twitter:data1\" content=\"2 minuter\" \/>\n<script type=\"application\/ld+json\" class=\"yoast-schema-graph\">{\"@context\":\"https:\/\/schema.org\",\"@graph\":[{\"@type\":\"WebPage\",\"@id\":\"https:\/\/sateenkaarihistoria.fi\/sv\/webbtidning\/om-webbtidningen\/\",\"url\":\"https:\/\/sateenkaarihistoria.fi\/sv\/webbtidning\/om-webbtidningen\/\",\"name\":\"N\u00e4ttidskriften - Sateenkaari\u00adhistorian yst\u00e4v\u00e4t\",\"isPartOf\":{\"@id\":\"https:\/\/sateenkaarihistoria.fi\/#website\"},\"datePublished\":\"2022-01-20T11:42:07+00:00\",\"dateModified\":\"2025-05-07T08:20:39+00:00\",\"breadcrumb\":{\"@id\":\"https:\/\/sateenkaarihistoria.fi\/sv\/webbtidning\/om-webbtidningen\/#breadcrumb\"},\"inLanguage\":\"sv-SE\",\"potentialAction\":[{\"@type\":\"ReadAction\",\"target\":[\"https:\/\/sateenkaarihistoria.fi\/sv\/webbtidning\/om-webbtidningen\/\"]}]},{\"@type\":\"BreadcrumbList\",\"@id\":\"https:\/\/sateenkaarihistoria.fi\/sv\/webbtidning\/om-webbtidningen\/#breadcrumb\",\"itemListElement\":[{\"@type\":\"ListItem\",\"position\":1,\"name\":\"Etusivu\",\"item\":\"https:\/\/sateenkaarihistoria.fi\/sv\/\"},{\"@type\":\"ListItem\",\"position\":2,\"name\":\"Skrifter av Queerhistoriens v\u00e4nner\",\"item\":\"https:\/\/sateenkaarihistoria.fi\/sv\/webbtidning\/\"},{\"@type\":\"ListItem\",\"position\":3,\"name\":\"N\u00e4ttidskriften\"}]},{\"@type\":\"WebSite\",\"@id\":\"https:\/\/sateenkaarihistoria.fi\/#website\",\"url\":\"https:\/\/sateenkaarihistoria.fi\/\",\"name\":\"Sateenkaari\u00adhistorian yst\u00e4v\u00e4t\",\"description\":\"Suomalaisen sateenkaarihistorian verkkopalvelu, joka kokoaa yhteen l\u00e4hteit\u00e4, aineistoja ja tietoa queer-historiasta, transhistoriasta, sukupuoliv\u00e4hemmist\u00f6jen ja seksuaaliv\u00e4hemmist\u00f6jen historiasta sek\u00e4 niiden tutkimuksesta.\",\"publisher\":{\"@id\":\"https:\/\/sateenkaarihistoria.fi\/#organization\"},\"potentialAction\":[{\"@type\":\"SearchAction\",\"target\":{\"@type\":\"EntryPoint\",\"urlTemplate\":\"https:\/\/sateenkaarihistoria.fi\/?s={search_term_string}\"},\"query-input\":{\"@type\":\"PropertyValueSpecification\",\"valueRequired\":true,\"valueName\":\"search_term_string\"}}],\"inLanguage\":\"sv-SE\"},{\"@type\":\"Organization\",\"@id\":\"https:\/\/sateenkaarihistoria.fi\/#organization\",\"name\":\"Sateenkaarihistorian yst\u00e4v\u00e4t\",\"url\":\"https:\/\/sateenkaarihistoria.fi\/\",\"logo\":{\"@type\":\"ImageObject\",\"inLanguage\":\"sv-SE\",\"@id\":\"https:\/\/sateenkaarihistoria.fi\/#\/schema\/logo\/image\/\",\"url\":\"https:\/\/i0.wp.com\/sateenkaarihistoria.fi\/wp-content\/uploads\/2021\/12\/SHY-logo_250x169.jpg?fit=250%2C169&ssl=1\",\"contentUrl\":\"https:\/\/i0.wp.com\/sateenkaarihistoria.fi\/wp-content\/uploads\/2021\/12\/SHY-logo_250x169.jpg?fit=250%2C169&ssl=1\",\"width\":250,\"height\":169,\"caption\":\"Sateenkaarihistorian yst\u00e4v\u00e4t\"},\"image\":{\"@id\":\"https:\/\/sateenkaarihistoria.fi\/#\/schema\/logo\/image\/\"},\"sameAs\":[\"https:\/\/www.facebook.com\/sateenkaarihistoria\",\"https:\/\/instagram.com\/sateenkaarihistoria\"]}]}<\/script>\n<!-- \/ Yoast SEO plugin. -->","yoast_head_json":{"title":"N\u00e4ttidskriften - Sateenkaari\u00adhistorian yst\u00e4v\u00e4t","robots":{"index":"index","follow":"follow","max-snippet":"max-snippet:-1","max-image-preview":"max-image-preview:large","max-video-preview":"max-video-preview:-1"},"canonical":"https:\/\/sateenkaarihistoria.fi\/sv\/webbtidning\/om-webbtidningen\/","og_locale":"sv_SE","og_type":"article","og_title":"N\u00e4ttidskriften - Sateenkaari\u00adhistorian yst\u00e4v\u00e4t","og_description":"I n\u00e4ttidskriften Skrifter av Queerhistoriens v\u00e4nner som finns p\u00e5 hemsidan publicerar Queerhistoriens v\u00e4nner populariserad forskning om finl\u00e4ndsk queerhistoria och dess k\u00e4llor. Tidskriftens artiklar tj\u00e4nar s\u00e5v\u00e4l allm\u00e4nheten som forskarna, minnesinstitutionerna och&hellip;&nbsp;L\u00e4s mer &raquo;N\u00e4ttidskriften","og_url":"https:\/\/sateenkaarihistoria.fi\/sv\/webbtidning\/om-webbtidningen\/","og_site_name":"Sateenkaari\u00adhistorian yst\u00e4v\u00e4t","article_publisher":"https:\/\/www.facebook.com\/sateenkaarihistoria","article_modified_time":"2025-05-07T08:20:39+00:00","twitter_card":"summary_large_image","twitter_misc":{"Ber\u00e4knad l\u00e4stid":"2 minuter"},"schema":{"@context":"https:\/\/schema.org","@graph":[{"@type":"WebPage","@id":"https:\/\/sateenkaarihistoria.fi\/sv\/webbtidning\/om-webbtidningen\/","url":"https:\/\/sateenkaarihistoria.fi\/sv\/webbtidning\/om-webbtidningen\/","name":"N\u00e4ttidskriften - Sateenkaari\u00adhistorian yst\u00e4v\u00e4t","isPartOf":{"@id":"https:\/\/sateenkaarihistoria.fi\/#website"},"datePublished":"2022-01-20T11:42:07+00:00","dateModified":"2025-05-07T08:20:39+00:00","breadcrumb":{"@id":"https:\/\/sateenkaarihistoria.fi\/sv\/webbtidning\/om-webbtidningen\/#breadcrumb"},"inLanguage":"sv-SE","potentialAction":[{"@type":"ReadAction","target":["https:\/\/sateenkaarihistoria.fi\/sv\/webbtidning\/om-webbtidningen\/"]}]},{"@type":"BreadcrumbList","@id":"https:\/\/sateenkaarihistoria.fi\/sv\/webbtidning\/om-webbtidningen\/#breadcrumb","itemListElement":[{"@type":"ListItem","position":1,"name":"Etusivu","item":"https:\/\/sateenkaarihistoria.fi\/sv\/"},{"@type":"ListItem","position":2,"name":"Skrifter av Queerhistoriens v\u00e4nner","item":"https:\/\/sateenkaarihistoria.fi\/sv\/webbtidning\/"},{"@type":"ListItem","position":3,"name":"N\u00e4ttidskriften"}]},{"@type":"WebSite","@id":"https:\/\/sateenkaarihistoria.fi\/#website","url":"https:\/\/sateenkaarihistoria.fi\/","name":"Sateenkaari\u00adhistorian yst\u00e4v\u00e4t","description":"Suomalaisen sateenkaarihistorian verkkopalvelu, joka kokoaa yhteen l\u00e4hteit\u00e4, aineistoja ja tietoa queer-historiasta, transhistoriasta, sukupuoliv\u00e4hemmist\u00f6jen ja seksuaaliv\u00e4hemmist\u00f6jen historiasta sek\u00e4 niiden tutkimuksesta.","publisher":{"@id":"https:\/\/sateenkaarihistoria.fi\/#organization"},"potentialAction":[{"@type":"SearchAction","target":{"@type":"EntryPoint","urlTemplate":"https:\/\/sateenkaarihistoria.fi\/?s={search_term_string}"},"query-input":{"@type":"PropertyValueSpecification","valueRequired":true,"valueName":"search_term_string"}}],"inLanguage":"sv-SE"},{"@type":"Organization","@id":"https:\/\/sateenkaarihistoria.fi\/#organization","name":"Sateenkaarihistorian yst\u00e4v\u00e4t","url":"https:\/\/sateenkaarihistoria.fi\/","logo":{"@type":"ImageObject","inLanguage":"sv-SE","@id":"https:\/\/sateenkaarihistoria.fi\/#\/schema\/logo\/image\/","url":"https:\/\/i0.wp.com\/sateenkaarihistoria.fi\/wp-content\/uploads\/2021\/12\/SHY-logo_250x169.jpg?fit=250%2C169&ssl=1","contentUrl":"https:\/\/i0.wp.com\/sateenkaarihistoria.fi\/wp-content\/uploads\/2021\/12\/SHY-logo_250x169.jpg?fit=250%2C169&ssl=1","width":250,"height":169,"caption":"Sateenkaarihistorian yst\u00e4v\u00e4t"},"image":{"@id":"https:\/\/sateenkaarihistoria.fi\/#\/schema\/logo\/image\/"},"sameAs":["https:\/\/www.facebook.com\/sateenkaarihistoria","https:\/\/instagram.com\/sateenkaarihistoria"]}]}},"taxonomy_info":[],"featured_image_src_large":false,"author_info":{"display_name":"Kaura Raudaskoski","author_link":"https:\/\/sateenkaarihistoria.fi\/sv\/author\/kaura\/"},"comment_info":0,"_links":{"self":[{"href":"https:\/\/sateenkaarihistoria.fi\/sv\/wp-json\/wp\/v2\/pages\/4766","targetHints":{"allow":["GET"]}}],"collection":[{"href":"https:\/\/sateenkaarihistoria.fi\/sv\/wp-json\/wp\/v2\/pages"}],"about":[{"href":"https:\/\/sateenkaarihistoria.fi\/sv\/wp-json\/wp\/v2\/types\/page"}],"author":[{"embeddable":true,"href":"https:\/\/sateenkaarihistoria.fi\/sv\/wp-json\/wp\/v2\/users\/2"}],"replies":[{"embeddable":true,"href":"https:\/\/sateenkaarihistoria.fi\/sv\/wp-json\/wp\/v2\/comments?post=4766"}],"version-history":[{"count":8,"href":"https:\/\/sateenkaarihistoria.fi\/sv\/wp-json\/wp\/v2\/pages\/4766\/revisions"}],"predecessor-version":[{"id":16359,"href":"https:\/\/sateenkaarihistoria.fi\/sv\/wp-json\/wp\/v2\/pages\/4766\/revisions\/16359"}],"up":[{"embeddable":true,"href":"https:\/\/sateenkaarihistoria.fi\/sv\/wp-json\/wp\/v2\/pages\/4757"}],"wp:attachment":[{"href":"https:\/\/sateenkaarihistoria.fi\/sv\/wp-json\/wp\/v2\/media?parent=4766"}],"wp:term":[{"taxonomy":"author","embeddable":true,"href":"https:\/\/sateenkaarihistoria.fi\/sv\/wp-json\/wp\/v2\/ppma_author?post=4766"}],"curies":[{"name":"wp","href":"https:\/\/api.w.org\/{rel}","templated":true}]}}