{"id":2748,"date":"2021-08-17T16:33:46","date_gmt":"2021-08-17T13:33:46","guid":{"rendered":"https:\/\/sateenkaarihistoria.fi\/?page_id=2748"},"modified":"2025-04-12T14:39:35","modified_gmt":"2025-04-12T11:39:35","slug":"anvisningar-for-forfattare","status":"publish","type":"page","link":"https:\/\/sateenkaarihistoria.fi\/sv\/webbtidning\/anvisningar-for-forfattare\/","title":{"rendered":"Anvisningar f\u00f6r f\u00f6rfattare"},"content":{"rendered":"\n<p>F\u00f6reningen Queerhistoriens v\u00e4nner rf, p\u00e5 finska Sateenkaarihistorian yst\u00e4v\u00e4t ry, \u00e4r grundad \u00e5r 2020 med syftet att fr\u00e4mja k\u00e4nnedomen och forskningen om samt bevarandet och synligg\u00f6randet av sexuella och k\u00f6nsminoriteters historia samt queerhistoria.<\/p>\n\n\n\n<p>Vi samlar in popul\u00e4r information om finsk regnb\u00e5gshistoria och dess k\u00e4llor baserat p\u00e5 forskning i online -tidningen Skrifter av Queerhistoriens v\u00e4nner p\u00e5 v\u00e5r webbtj\u00e4nst.<\/p>\n\n\n\n<p>F\u00f6rutom allm\u00e4nheten tj\u00e4nar tidskriftens artiklar s\u00e4rskilt forskare, minnesorganisationer och utbildningsinstitutioner. <\/p>\n\n\n\n<p>Vi publicerar f\u00f6ljande typer av text:<\/p>\n\n\n\n<p>P\u00e5 grund av f\u00f6reningens begr\u00e4nsade ekonomiska resurser utg\u00e5r f\u00f6rfattaravgift endast till f\u00f6rfattare som inte kan inkludera skrivande i sitt m\u00e5nadsbetalda arbete. Observera att f\u00f6rfattaravgift alltid avtalas separat och betalas om f\u00f6reningen har medel f\u00f6r det.<\/p>\n\n\n\n<figure class=\"wp-block-table\"><table><thead><tr><th>Text:<\/th><th class=\"has-text-align-left\" data-align=\"left\">Beskrivning:<\/th><th class=\"has-text-align-right\" data-align=\"right\"><strong>F\u00f6rfattaravgift<\/strong>:<\/th><\/tr><\/thead><tbody><tr><td><strong>Artiklar<\/strong><\/td><td class=\"has-text-align-left\" data-align=\"left\">Korta (cirka 1000\u20131200 ord) vetenskapliga artiklar om teman i queerhistorien baserade p\u00e5 forskares egen forskning<\/td><td class=\"has-text-align-right\" data-align=\"right\"><strong>250 e<\/strong><\/td><\/tr><tr><td><strong>Inl\u00e4gg<\/strong><\/td><td class=\"has-text-align-left\" data-align=\"left\">Korta (cirka 400-700 ord) texter av olika f\u00f6rfattare om lagring, forskning eller undervisning i regnb\u00e5gshistoria<\/td><td class=\"has-text-align-right\" data-align=\"right\"><strong>150 e<\/strong><\/td><\/tr><tr><td><strong>Presentationer<\/strong><\/td><td class=\"has-text-align-left\" data-align=\"left\">Presentationer skrivna av minnesorganisationer om deras samlingar och anv\u00e4ndbarhet<\/td><td class=\"has-text-align-right\" data-align=\"right\">&#8211;<\/td><\/tr><tr><td><strong>Pressmeddelande<\/strong><\/td><td class=\"has-text-align-left\" data-align=\"left\">Pressmeddelande relaterade till f\u00f6reningens verksamhetsomr\u00e5de<\/td><td class=\"has-text-align-right\" data-align=\"right\">&#8211;<\/td><\/tr><\/tbody><\/table><\/figure>\n\n\n\n<p>Texter som erbjuds f\u00f6r publicering m\u00e5ste skrivas informativt och i sunt f\u00f6rnuft. Vetenskapliga artiklar anv\u00e4nder referenser (interna referenser) och \/ eller en bibliografi i slutet. Vi publicerar texter p\u00e5 finska, svenska och engelska. <\/p>\n\n\n\n<p>Manuskript skickas till <a href=\"mailto:verkkolehti@sateenkaarihistoria.fi\">verkkolehti@sateenkaarihistoria.fi<\/a>. Tuula Juvonen \u00e4r chefredakt\u00f6r f\u00f6r webbtidningen och Pinja Ylioja \u00e4r redaktionssekreterare. Redaktionen best\u00e5r av medlemmar i <a href=\"https:\/\/sateenkaarihistoria.fi\/sv\/kontaktuppgifter\/\">f\u00f6reningens styrelse<\/a>.<\/p>\n\n\n\n<p>Om m\u00f6jligt, v\u00e4nligen inkludera en artikelbild. Bilden ska vara tillr\u00e4ckligt stor och helst horisontell, med ett bildf\u00f6rh\u00e5llande p\u00e5 16:9, f\u00f6r att kunna visas korrekt p\u00e5 olika plattformar. En bild \u00f6kar tillg\u00e4ngligheten till texten, t.ex. genom s\u00f6kmotorer. Vid behov kan redaktionen producera en artikelbild.<\/p>\n\n\n\n<p>ISSN -numret f\u00f6r artikalr p\u00e5 svenska kommer att ans\u00f6kas under 2022. Artiklarna kommer att lagras i offentliga databaser och kan kopplas till universitetets forskningsinformationssystem f\u00f6r att f\u00e5 social p\u00e5verkan f\u00f6r f\u00f6rfattarna och deras organisationer.<\/p>\n","protected":false},"excerpt":{"rendered":"<p>F\u00f6reningen Queerhistoriens v\u00e4nner rf, p\u00e5 finska Sateenkaarihistorian yst\u00e4v\u00e4t ry, \u00e4r grundad \u00e5r 2020 med syftet att fr\u00e4mja k\u00e4nnedomen och forskningen om samt bevarandet och synligg\u00f6randet av sexuella och k\u00f6nsminoriteters historia&hellip;&nbsp;<a href=\"https:\/\/sateenkaarihistoria.fi\/sv\/webbtidning\/anvisningar-for-forfattare\/\" rel=\"bookmark\">L\u00e4s mer &raquo;<span class=\"screen-reader-text\">Anvisningar f\u00f6r f\u00f6rfattare<\/span><\/a><\/p>\n","protected":false},"author":1,"featured_media":0,"parent":4757,"menu_order":0,"comment_status":"closed","ping_status":"closed","template":"","meta":{"_kad_blocks_custom_css":"","_kad_blocks_head_custom_js":"","_kad_blocks_body_custom_js":"","_kad_blocks_footer_custom_js":"","neve_meta_sidebar":"default","neve_meta_container":"default","neve_meta_enable_content_width":"off","neve_meta_content_width":100,"neve_meta_title_alignment":"","neve_meta_author_avatar":"","neve_post_elements_order":"","neve_meta_disable_header":"","neve_meta_disable_footer":"","neve_meta_disable_title":"","footnotes":""},"ppma_author":[434,162],"class_list":["post-2748","page","type-page","status-publish","hentry"],"yoast_head":"<!-- This site is optimized with the Yoast SEO plugin v26.7 - https:\/\/yoast.com\/wordpress\/plugins\/seo\/ -->\n<title>Anvisningar f\u00f6r f\u00f6rfattare - Sateenkaari\u00adhistorian yst\u00e4v\u00e4t<\/title>\n<meta name=\"description\" content=\"Ker\u00e4\u00e4mme Sateenkaarihistorian yst\u00e4vien kirjoituksia -verkkolehteen tutkimukseen perustuvaa yleistajuista tietoa.\u00a0Lue t\u00e4st\u00e4 ohjeet kirjoittajille.\" \/>\n<meta name=\"robots\" content=\"index, follow, max-snippet:-1, max-image-preview:large, max-video-preview:-1\" \/>\n<link rel=\"canonical\" href=\"https:\/\/sateenkaarihistoria.fi\/sv\/webbtidning\/anvisningar-for-forfattare\/\" \/>\n<meta property=\"og:locale\" content=\"sv_SE\" \/>\n<meta property=\"og:type\" content=\"article\" \/>\n<meta property=\"og:title\" content=\"Anvisningar f\u00f6r f\u00f6rfattare - Sateenkaari\u00adhistorian yst\u00e4v\u00e4t\" \/>\n<meta property=\"og:description\" content=\"Ker\u00e4\u00e4mme Sateenkaarihistorian yst\u00e4vien kirjoituksia -verkkolehteen tutkimukseen perustuvaa yleistajuista tietoa.\u00a0Lue t\u00e4st\u00e4 ohjeet kirjoittajille.\" \/>\n<meta property=\"og:url\" content=\"https:\/\/sateenkaarihistoria.fi\/sv\/webbtidning\/anvisningar-for-forfattare\/\" \/>\n<meta property=\"og:site_name\" content=\"Sateenkaari\u00adhistorian yst\u00e4v\u00e4t\" \/>\n<meta property=\"article:publisher\" content=\"https:\/\/www.facebook.com\/sateenkaarihistoria\" \/>\n<meta property=\"article:modified_time\" content=\"2025-04-12T11:39:35+00:00\" \/>\n<meta name=\"twitter:card\" content=\"summary_large_image\" \/>\n<meta name=\"twitter:label1\" content=\"Ber\u00e4knad l\u00e4stid\" \/>\n\t<meta name=\"twitter:data1\" content=\"2 minuter\" \/>\n<script type=\"application\/ld+json\" class=\"yoast-schema-graph\">{\"@context\":\"https:\/\/schema.org\",\"@graph\":[{\"@type\":\"WebPage\",\"@id\":\"https:\/\/sateenkaarihistoria.fi\/sv\/webbtidning\/anvisningar-for-forfattare\/\",\"url\":\"https:\/\/sateenkaarihistoria.fi\/sv\/webbtidning\/anvisningar-for-forfattare\/\",\"name\":\"Anvisningar f\u00f6r f\u00f6rfattare - Sateenkaari\u00adhistorian yst\u00e4v\u00e4t\",\"isPartOf\":{\"@id\":\"https:\/\/sateenkaarihistoria.fi\/#website\"},\"datePublished\":\"2021-08-17T13:33:46+00:00\",\"dateModified\":\"2025-04-12T11:39:35+00:00\",\"description\":\"Ker\u00e4\u00e4mme Sateenkaarihistorian yst\u00e4vien kirjoituksia -verkkolehteen tutkimukseen perustuvaa yleistajuista tietoa.\u00a0Lue t\u00e4st\u00e4 ohjeet kirjoittajille.\",\"breadcrumb\":{\"@id\":\"https:\/\/sateenkaarihistoria.fi\/sv\/webbtidning\/anvisningar-for-forfattare\/#breadcrumb\"},\"inLanguage\":\"sv-SE\",\"potentialAction\":[{\"@type\":\"ReadAction\",\"target\":[\"https:\/\/sateenkaarihistoria.fi\/sv\/webbtidning\/anvisningar-for-forfattare\/\"]}]},{\"@type\":\"BreadcrumbList\",\"@id\":\"https:\/\/sateenkaarihistoria.fi\/sv\/webbtidning\/anvisningar-for-forfattare\/#breadcrumb\",\"itemListElement\":[{\"@type\":\"ListItem\",\"position\":1,\"name\":\"Etusivu\",\"item\":\"https:\/\/sateenkaarihistoria.fi\/sv\/\"},{\"@type\":\"ListItem\",\"position\":2,\"name\":\"Skrifter av Queerhistoriens v\u00e4nner\",\"item\":\"https:\/\/sateenkaarihistoria.fi\/sv\/webbtidning\/\"},{\"@type\":\"ListItem\",\"position\":3,\"name\":\"Anvisningar f\u00f6r f\u00f6rfattare\"}]},{\"@type\":\"WebSite\",\"@id\":\"https:\/\/sateenkaarihistoria.fi\/#website\",\"url\":\"https:\/\/sateenkaarihistoria.fi\/\",\"name\":\"Sateenkaari\u00adhistorian yst\u00e4v\u00e4t\",\"description\":\"Suomalaisen sateenkaarihistorian verkkopalvelu, joka kokoaa yhteen l\u00e4hteit\u00e4, aineistoja ja tietoa queer-historiasta, transhistoriasta, sukupuoliv\u00e4hemmist\u00f6jen ja seksuaaliv\u00e4hemmist\u00f6jen historiasta sek\u00e4 niiden tutkimuksesta.\",\"publisher\":{\"@id\":\"https:\/\/sateenkaarihistoria.fi\/#organization\"},\"potentialAction\":[{\"@type\":\"SearchAction\",\"target\":{\"@type\":\"EntryPoint\",\"urlTemplate\":\"https:\/\/sateenkaarihistoria.fi\/?s={search_term_string}\"},\"query-input\":{\"@type\":\"PropertyValueSpecification\",\"valueRequired\":true,\"valueName\":\"search_term_string\"}}],\"inLanguage\":\"sv-SE\"},{\"@type\":\"Organization\",\"@id\":\"https:\/\/sateenkaarihistoria.fi\/#organization\",\"name\":\"Sateenkaarihistorian yst\u00e4v\u00e4t\",\"url\":\"https:\/\/sateenkaarihistoria.fi\/\",\"logo\":{\"@type\":\"ImageObject\",\"inLanguage\":\"sv-SE\",\"@id\":\"https:\/\/sateenkaarihistoria.fi\/#\/schema\/logo\/image\/\",\"url\":\"https:\/\/i0.wp.com\/sateenkaarihistoria.fi\/wp-content\/uploads\/2021\/12\/SHY-logo_250x169.jpg?fit=250%2C169&ssl=1\",\"contentUrl\":\"https:\/\/i0.wp.com\/sateenkaarihistoria.fi\/wp-content\/uploads\/2021\/12\/SHY-logo_250x169.jpg?fit=250%2C169&ssl=1\",\"width\":250,\"height\":169,\"caption\":\"Sateenkaarihistorian yst\u00e4v\u00e4t\"},\"image\":{\"@id\":\"https:\/\/sateenkaarihistoria.fi\/#\/schema\/logo\/image\/\"},\"sameAs\":[\"https:\/\/www.facebook.com\/sateenkaarihistoria\",\"https:\/\/instagram.com\/sateenkaarihistoria\"]}]}<\/script>\n<!-- \/ Yoast SEO plugin. -->","yoast_head_json":{"title":"Anvisningar f\u00f6r f\u00f6rfattare - Sateenkaari\u00adhistorian yst\u00e4v\u00e4t","description":"Ker\u00e4\u00e4mme Sateenkaarihistorian yst\u00e4vien kirjoituksia -verkkolehteen tutkimukseen perustuvaa yleistajuista tietoa.\u00a0Lue t\u00e4st\u00e4 ohjeet kirjoittajille.","robots":{"index":"index","follow":"follow","max-snippet":"max-snippet:-1","max-image-preview":"max-image-preview:large","max-video-preview":"max-video-preview:-1"},"canonical":"https:\/\/sateenkaarihistoria.fi\/sv\/webbtidning\/anvisningar-for-forfattare\/","og_locale":"sv_SE","og_type":"article","og_title":"Anvisningar f\u00f6r f\u00f6rfattare - Sateenkaari\u00adhistorian yst\u00e4v\u00e4t","og_description":"Ker\u00e4\u00e4mme Sateenkaarihistorian yst\u00e4vien kirjoituksia -verkkolehteen tutkimukseen perustuvaa yleistajuista tietoa.\u00a0Lue t\u00e4st\u00e4 ohjeet kirjoittajille.","og_url":"https:\/\/sateenkaarihistoria.fi\/sv\/webbtidning\/anvisningar-for-forfattare\/","og_site_name":"Sateenkaari\u00adhistorian yst\u00e4v\u00e4t","article_publisher":"https:\/\/www.facebook.com\/sateenkaarihistoria","article_modified_time":"2025-04-12T11:39:35+00:00","twitter_card":"summary_large_image","twitter_misc":{"Ber\u00e4knad l\u00e4stid":"2 minuter"},"schema":{"@context":"https:\/\/schema.org","@graph":[{"@type":"WebPage","@id":"https:\/\/sateenkaarihistoria.fi\/sv\/webbtidning\/anvisningar-for-forfattare\/","url":"https:\/\/sateenkaarihistoria.fi\/sv\/webbtidning\/anvisningar-for-forfattare\/","name":"Anvisningar f\u00f6r f\u00f6rfattare - Sateenkaari\u00adhistorian yst\u00e4v\u00e4t","isPartOf":{"@id":"https:\/\/sateenkaarihistoria.fi\/#website"},"datePublished":"2021-08-17T13:33:46+00:00","dateModified":"2025-04-12T11:39:35+00:00","description":"Ker\u00e4\u00e4mme Sateenkaarihistorian yst\u00e4vien kirjoituksia -verkkolehteen tutkimukseen perustuvaa yleistajuista tietoa.\u00a0Lue t\u00e4st\u00e4 ohjeet kirjoittajille.","breadcrumb":{"@id":"https:\/\/sateenkaarihistoria.fi\/sv\/webbtidning\/anvisningar-for-forfattare\/#breadcrumb"},"inLanguage":"sv-SE","potentialAction":[{"@type":"ReadAction","target":["https:\/\/sateenkaarihistoria.fi\/sv\/webbtidning\/anvisningar-for-forfattare\/"]}]},{"@type":"BreadcrumbList","@id":"https:\/\/sateenkaarihistoria.fi\/sv\/webbtidning\/anvisningar-for-forfattare\/#breadcrumb","itemListElement":[{"@type":"ListItem","position":1,"name":"Etusivu","item":"https:\/\/sateenkaarihistoria.fi\/sv\/"},{"@type":"ListItem","position":2,"name":"Skrifter av Queerhistoriens v\u00e4nner","item":"https:\/\/sateenkaarihistoria.fi\/sv\/webbtidning\/"},{"@type":"ListItem","position":3,"name":"Anvisningar f\u00f6r f\u00f6rfattare"}]},{"@type":"WebSite","@id":"https:\/\/sateenkaarihistoria.fi\/#website","url":"https:\/\/sateenkaarihistoria.fi\/","name":"Sateenkaari\u00adhistorian yst\u00e4v\u00e4t","description":"Suomalaisen sateenkaarihistorian verkkopalvelu, joka kokoaa yhteen l\u00e4hteit\u00e4, aineistoja ja tietoa queer-historiasta, transhistoriasta, sukupuoliv\u00e4hemmist\u00f6jen ja seksuaaliv\u00e4hemmist\u00f6jen historiasta sek\u00e4 niiden tutkimuksesta.","publisher":{"@id":"https:\/\/sateenkaarihistoria.fi\/#organization"},"potentialAction":[{"@type":"SearchAction","target":{"@type":"EntryPoint","urlTemplate":"https:\/\/sateenkaarihistoria.fi\/?s={search_term_string}"},"query-input":{"@type":"PropertyValueSpecification","valueRequired":true,"valueName":"search_term_string"}}],"inLanguage":"sv-SE"},{"@type":"Organization","@id":"https:\/\/sateenkaarihistoria.fi\/#organization","name":"Sateenkaarihistorian yst\u00e4v\u00e4t","url":"https:\/\/sateenkaarihistoria.fi\/","logo":{"@type":"ImageObject","inLanguage":"sv-SE","@id":"https:\/\/sateenkaarihistoria.fi\/#\/schema\/logo\/image\/","url":"https:\/\/i0.wp.com\/sateenkaarihistoria.fi\/wp-content\/uploads\/2021\/12\/SHY-logo_250x169.jpg?fit=250%2C169&ssl=1","contentUrl":"https:\/\/i0.wp.com\/sateenkaarihistoria.fi\/wp-content\/uploads\/2021\/12\/SHY-logo_250x169.jpg?fit=250%2C169&ssl=1","width":250,"height":169,"caption":"Sateenkaarihistorian yst\u00e4v\u00e4t"},"image":{"@id":"https:\/\/sateenkaarihistoria.fi\/#\/schema\/logo\/image\/"},"sameAs":["https:\/\/www.facebook.com\/sateenkaarihistoria","https:\/\/instagram.com\/sateenkaarihistoria"]}]}},"taxonomy_info":[],"featured_image_src_large":false,"author_info":{"display_name":"admin","author_link":"https:\/\/sateenkaarihistoria.fi\/sv\/author\/admin\/"},"comment_info":0,"_links":{"self":[{"href":"https:\/\/sateenkaarihistoria.fi\/sv\/wp-json\/wp\/v2\/pages\/2748","targetHints":{"allow":["GET"]}}],"collection":[{"href":"https:\/\/sateenkaarihistoria.fi\/sv\/wp-json\/wp\/v2\/pages"}],"about":[{"href":"https:\/\/sateenkaarihistoria.fi\/sv\/wp-json\/wp\/v2\/types\/page"}],"author":[{"embeddable":true,"href":"https:\/\/sateenkaarihistoria.fi\/sv\/wp-json\/wp\/v2\/users\/1"}],"replies":[{"embeddable":true,"href":"https:\/\/sateenkaarihistoria.fi\/sv\/wp-json\/wp\/v2\/comments?post=2748"}],"version-history":[{"count":12,"href":"https:\/\/sateenkaarihistoria.fi\/sv\/wp-json\/wp\/v2\/pages\/2748\/revisions"}],"predecessor-version":[{"id":16120,"href":"https:\/\/sateenkaarihistoria.fi\/sv\/wp-json\/wp\/v2\/pages\/2748\/revisions\/16120"}],"up":[{"embeddable":true,"href":"https:\/\/sateenkaarihistoria.fi\/sv\/wp-json\/wp\/v2\/pages\/4757"}],"wp:attachment":[{"href":"https:\/\/sateenkaarihistoria.fi\/sv\/wp-json\/wp\/v2\/media?parent=2748"}],"wp:term":[{"taxonomy":"author","embeddable":true,"href":"https:\/\/sateenkaarihistoria.fi\/sv\/wp-json\/wp\/v2\/ppma_author?post=2748"}],"curies":[{"name":"wp","href":"https:\/\/api.w.org\/{rel}","templated":true}]}}