{"id":2703,"date":"2021-03-26T18:50:05","date_gmt":"2021-03-26T16:50:05","guid":{"rendered":"https:\/\/sateenkaarihistoria.fi\/?page_id=2703"},"modified":"2023-01-26T19:37:27","modified_gmt":"2023-01-26T17:37:27","slug":"skolbesok","status":"publish","type":"page","link":"https:\/\/sateenkaarihistoria.fi\/sv\/redskap\/skolbesok\/","title":{"rendered":"Boka en forskare till skolan: gratis skolbes\u00f6k h\u00f6sten 2022"},"content":{"rendered":"\n<figure class=\"wp-block-image size-full\"><img loading=\"lazy\" decoding=\"async\" width=\"2560\" height=\"1215\" src=\"https:\/\/sateenkaarihistoria.fi\/wp-content\/uploads\/2022\/09\/kouluvierailut_banneri_2022_FI-scaled.jpg\" alt=\"Mustavalkoinen kuva, jossa nelj\u00e4 nuorta tulevat k\u00e4si k\u00e4dess\u00e4 kameraa kohti. P\u00e4\u00e4ll\u00e4 teksti Tilaa tutkija kouluun - kouluvierailut 2022.\" class=\"wp-image-6154\" srcset=\"https:\/\/sateenkaarihistoria.fi\/wp-content\/uploads\/2022\/09\/kouluvierailut_banneri_2022_FI-scaled.jpg 2560w, https:\/\/sateenkaarihistoria.fi\/wp-content\/uploads\/2022\/09\/kouluvierailut_banneri_2022_FI-1000x475.jpg 1000w, https:\/\/sateenkaarihistoria.fi\/wp-content\/uploads\/2022\/09\/kouluvierailut_banneri_2022_FI-150x71.jpg 150w, https:\/\/sateenkaarihistoria.fi\/wp-content\/uploads\/2022\/09\/kouluvierailut_banneri_2022_FI-768x365.jpg 768w, https:\/\/sateenkaarihistoria.fi\/wp-content\/uploads\/2022\/09\/kouluvierailut_banneri_2022_FI-1536x729.jpg 1536w, https:\/\/sateenkaarihistoria.fi\/wp-content\/uploads\/2022\/09\/kouluvierailut_banneri_2022_FI-2048x972.jpg 2048w\" sizes=\"auto, (max-width: 2560px) 100vw, 2560px\" \/><figcaption class=\"wp-element-caption\">Foto: Arbetararkivet (1976).<\/figcaption><\/figure>\n\n\n\n<p>Skolbes\u00f6ksprogrammet har avslutats. I framtiden kommer vi att unders\u00f6ka m\u00f6jligheterna att g\u00f6ra skolbes\u00f6k med hj\u00e4lp av volont\u00e4rer. Tack till alla som deltog 2021\u20132022!<\/p>\n\n\n\n<p><strong>Hur har det varit att leva som homosexuell tidigare? Vilka \u00e4r k\u00e4ndisarna i finsk regnb\u00e5gshistoria? Hur har queerm\u00e4nniskor organiserat och p\u00e5verkat samh\u00e4llet? Varf\u00f6r \u00e4r s\u00e5 lite k\u00e4nt om queerhistoria, och vad kan man veta om det?<\/strong><\/p>\n\n\n\n<p>Queerhistorien \u00e4r en historia som \u00e4r gemensam f\u00f6r alla. Queerhistoriens v\u00e4nner anordnar ett skolbes\u00f6ksprogram d\u00e4r forskare inom regnb\u00e5gshistorien bes\u00f6ker skolor. Vi erbjuder 15 gratis forskarbes\u00f6k till skolor under h\u00f6stterminen 2022. Bes\u00f6ken \u00e4r en del av projektet <em>G\u00f6r regnb\u00e5gshistorien synlig<\/em> som finansieras av <a href=\"https:\/\/koneensaatio.fi\/sv\/\" target=\"_blank\" rel=\"noreferrer noopener\">Konestiftelsen<\/a>. <a href=\"https:\/\/sateenkaarihistoria.fi\/sv\/markesaret-2021\/\">M\u00e4rkes\u00e5ret f\u00f6r finsk regnb\u00e5gshistoria 2021<\/a> f\u00f6rde queerhistorien i offentlig diskussion.<\/p>\n\n\n\n<h2 class=\"wp-block-heading\">Vad \u00e4r det f\u00f6r skolbes\u00f6k?<\/h2>\n\n\n\n<p>Forskarbes\u00f6k \u00e4r gratis 45\u201360 minuters skolbes\u00f6k p\u00e5 utbildningsinstitutioner av forskare inom regnb\u00e5gshistoria inom olika omr\u00e5den. Det \u00e4r ett unikt tillf\u00e4lle att f\u00e5 en forskare att delta i en lektion eller ett bes\u00f6k p\u00e5 en utbildningsinstitution, som kan belysa historiens m\u00e5ngfald med tankestimulerande exempel och ber\u00e4ttelser baserade p\u00e5 den unders\u00f6kta informationen.<\/p>\n\n\n\n<h2 class=\"wp-block-heading\">Vem \u00e4r skolbes\u00f6ken f\u00f6r?<\/h2>\n\n\n\n<p>Skolbes\u00f6k \u00e4r l\u00e4mpliga f\u00f6r h\u00f6gstadiet och gymnasieskolan. De planeras med st\u00f6d av en yrkesl\u00e4rare och anpassar dem till varje grupps bes\u00f6k och behov. Bes\u00f6ken g\u00f6rs av forskare inom regnb\u00e5gshistoria fr\u00e5n olika omr\u00e5den och passar in i l\u00e4roplanerna i gymnasieskolan (\u00e5rskurs 7\u20139) samt gymnasieskolans historia, samh\u00e4llsl\u00e4ra, livs\u00e5sk\u00e5dningskunskap, filosofi och h\u00e4lsovetenskap. Bes\u00f6k passar ocks\u00e5 f\u00f6r andra gymnasieskolor.<\/p>\n\n\n\n<p>Det \u00e4r m\u00f6jligt att planera skolbes\u00f6k som passar varje lektion eller h\u00e4ndelse. <\/p>\n\n\n\n<p>Bes\u00f6ket kan vara p\u00e5 svenska, finska eller engelska.<\/p>\n\n\n\n<p>Om du vill kan du kombinera skolbes\u00f6ket ocks\u00e5 med <strong>materialpaketet Regnb\u00e5gslivet <\/strong>i Finna Luokkahuone -tj\u00e4nsten, genom att ta upp teman medborgarinflytande, regnb\u00e5gsblick eller familjer och m\u00e4nskliga relationer.<\/p>\n\n\n\n<div class=\"wp-block-buttons is-layout-flex wp-block-buttons-is-layout-flex\">\n<div class=\"wp-block-button is-style-primary\"><a class=\"wp-block-button__link wp-element-button\" href=\"https:\/\/www.finna.fi\/Content\/sateenkaarielamaa?lng=sv\">Till materialpaketet<\/a><\/div>\n<\/div>\n\n\n\n<h2 class=\"wp-block-heading\">Hur kan jag boka ett skolbes\u00f6k?<\/h2>\n\n\n\n<p>Skolbes\u00f6k bokas p\u00e5 bokningsformul\u00e4ret, som \u00e4r l\u00e4nkat under dessa bokningsvillkor. Skolbes\u00f6k kan bokas f\u00f6r hela h\u00f6stterminen 2022. Bes\u00f6ket kan till exempel planeras under <a href=\"https:\/\/sateenkaarihistoria.fi\/sv\/queerhistorisk-manad\/\">Queerhistoriska m\u00e5naden<\/a>, dvs. november, d\u00e5 en stor m\u00e4ngd relaterade nyheter, evenemang, publikprogram och material publiceras i hela landet.<\/p>\n\n\n\n<p>F\u00f6r ett bes\u00f6k p\u00e5 plats \u00e4r den maximala gruppstorleken 30 personer. Bes\u00f6k kan ocks\u00e5 arrangeras p\u00e5 distans (Zoom eller Teams) om bes\u00f6ket p\u00e5 plats inte lyckas, till exempel p\u00e5 grund av koronas\u00e4kerhet.<\/p>\n\n\n\n<p>Att boka ett bes\u00f6k kr\u00e4ver ocks\u00e5 att hela gruppen fyller i ett kort fr\u00e5geformul\u00e4r under eller efter bes\u00f6ket. Blanketten \u00e4r enkel och fylls i av hela gruppen som deltar i bes\u00f6ket. L\u00e4nken till formul\u00e4ret kommer att delas under bes\u00f6ket och kan fyllas i med en mobiltelefon i en webbl\u00e4sare eller skrivas ut p\u00e5 papper.<\/p>\n\n\n\n<p>Boka ditt forskningsbes\u00f6k i god tid, senast tv\u00e5 veckor f\u00f6re din \u00f6nskade tid. Vi kommer att bekr\u00e4fta bokningen s\u00e5 snart som m\u00f6jligt till den e -postadress som finns p\u00e5 formul\u00e4ret. Avbokning eller \u00e4ndring av bokningen m\u00e5ste g\u00f6ras senast tre dagar f\u00f6re bokad tid. Avbokade bokningar sl\u00e4pps sedan till n\u00e4sta bokare i k\u00f6n.<\/p>\n\n\n\n<div class=\"wp-block-buttons is-layout-flex wp-block-buttons-is-layout-flex\">\n<div class=\"wp-block-button is-style-primary\"><a class=\"wp-block-button__link wp-element-button\" href=\"https:\/\/docs.google.com\/forms\/d\/e\/1FAIpQLSfuN-VbvJiJ1r2eGi9SuHTVeLEPrKhEwY7AyYwL21fBfGErMw\/viewform?usp=sf_link\">Till bokningsformul\u00e4ret<\/a><\/div>\n<\/div>\n\n\n\n<p><\/p>\n\n\n\n<h2 class=\"wp-block-heading\">Ytterligare information:<\/h2>\n\n\n\n<p>Kaura Raudaskoski<br>Projektkoordinator \/ Sekret\u00e4r<br>sihteeri@sateenkaarihistoria.fi<br>+358 45 783 17571<\/p>\n\n\n\n<p><strong>\u00c4r du forskare i regnb\u00e5gshistoria? <a href=\"https:\/\/sateenkaarihistoria.fi\/sv\/queerhistoriens-vanner\/forskarelistan\/\">G\u00e5 med i forskarelistan h\u00e4r<\/a>!<\/strong><\/p>\n","protected":false},"excerpt":{"rendered":"<p>Skolbes\u00f6ksprogrammet har avslutats. I framtiden kommer vi att unders\u00f6ka m\u00f6jligheterna att g\u00f6ra skolbes\u00f6k med hj\u00e4lp av volont\u00e4rer. Tack till alla som deltog 2021\u20132022! Hur har det varit att leva som&hellip;&nbsp;<a href=\"https:\/\/sateenkaarihistoria.fi\/sv\/redskap\/skolbesok\/\" rel=\"bookmark\">L\u00e4s mer &raquo;<span class=\"screen-reader-text\">Boka en forskare till skolan: gratis skolbes\u00f6k h\u00f6sten 2022<\/span><\/a><\/p>\n","protected":false},"author":1,"featured_media":0,"parent":1471,"menu_order":0,"comment_status":"closed","ping_status":"closed","template":"","meta":{"_kad_blocks_custom_css":"","_kad_blocks_head_custom_js":"","_kad_blocks_body_custom_js":"","_kad_blocks_footer_custom_js":"","neve_meta_sidebar":"default","neve_meta_container":"","neve_meta_enable_content_width":"off","neve_meta_content_width":100,"neve_meta_title_alignment":"","neve_meta_author_avatar":"","neve_post_elements_order":"","neve_meta_disable_header":"","neve_meta_disable_footer":"","neve_meta_disable_title":"","footnotes":""},"ppma_author":[162],"class_list":["post-2703","page","type-page","status-publish","hentry"],"yoast_head":"<!-- This site is optimized with the Yoast SEO plugin v26.7 - https:\/\/yoast.com\/wordpress\/plugins\/seo\/ -->\n<title>Boka en forskare till skolan: gratis skolbes\u00f6k h\u00f6sten 2022 - Sateenkaari\u00adhistorian yst\u00e4v\u00e4t<\/title>\n<meta name=\"robots\" content=\"index, follow, max-snippet:-1, max-image-preview:large, max-video-preview:-1\" \/>\n<link rel=\"canonical\" href=\"https:\/\/sateenkaarihistoria.fi\/sv\/redskap\/skolbesok\/\" \/>\n<meta property=\"og:locale\" content=\"sv_SE\" \/>\n<meta property=\"og:type\" content=\"article\" \/>\n<meta property=\"og:title\" content=\"Boka en forskare till skolan: gratis skolbes\u00f6k h\u00f6sten 2022 - Sateenkaari\u00adhistorian yst\u00e4v\u00e4t\" \/>\n<meta property=\"og:description\" content=\"Skolbes\u00f6ksprogrammet har avslutats. I framtiden kommer vi att unders\u00f6ka m\u00f6jligheterna att g\u00f6ra skolbes\u00f6k med hj\u00e4lp av volont\u00e4rer. Tack till alla som deltog 2021\u20132022! Hur har det varit att leva som&hellip;&nbsp;L\u00e4s mer &raquo;Boka en forskare till skolan: gratis skolbes\u00f6k h\u00f6sten 2022\" \/>\n<meta property=\"og:url\" content=\"https:\/\/sateenkaarihistoria.fi\/sv\/redskap\/skolbesok\/\" \/>\n<meta property=\"og:site_name\" content=\"Sateenkaari\u00adhistorian yst\u00e4v\u00e4t\" \/>\n<meta property=\"article:publisher\" content=\"https:\/\/www.facebook.com\/sateenkaarihistoria\" \/>\n<meta property=\"article:modified_time\" content=\"2023-01-26T17:37:27+00:00\" \/>\n<meta property=\"og:image\" content=\"https:\/\/sateenkaarihistoria.fi\/wp-content\/uploads\/2022\/09\/kouluvierailut_banneri_2022_FI-scaled.jpg\" \/>\n<meta name=\"twitter:card\" content=\"summary_large_image\" \/>\n<meta name=\"twitter:label1\" content=\"Ber\u00e4knad l\u00e4stid\" \/>\n\t<meta name=\"twitter:data1\" content=\"4 minuter\" \/>\n<script type=\"application\/ld+json\" class=\"yoast-schema-graph\">{\"@context\":\"https:\/\/schema.org\",\"@graph\":[{\"@type\":\"WebPage\",\"@id\":\"https:\/\/sateenkaarihistoria.fi\/sv\/redskap\/skolbesok\/\",\"url\":\"https:\/\/sateenkaarihistoria.fi\/sv\/redskap\/skolbesok\/\",\"name\":\"Boka en forskare till skolan: gratis skolbes\u00f6k h\u00f6sten 2022 - Sateenkaari\u00adhistorian yst\u00e4v\u00e4t\",\"isPartOf\":{\"@id\":\"https:\/\/sateenkaarihistoria.fi\/#website\"},\"primaryImageOfPage\":{\"@id\":\"https:\/\/sateenkaarihistoria.fi\/sv\/redskap\/skolbesok\/#primaryimage\"},\"image\":{\"@id\":\"https:\/\/sateenkaarihistoria.fi\/sv\/redskap\/skolbesok\/#primaryimage\"},\"thumbnailUrl\":\"https:\/\/sateenkaarihistoria.fi\/wp-content\/uploads\/2022\/09\/kouluvierailut_banneri_2022_FI-scaled.jpg\",\"datePublished\":\"2021-03-26T16:50:05+00:00\",\"dateModified\":\"2023-01-26T17:37:27+00:00\",\"breadcrumb\":{\"@id\":\"https:\/\/sateenkaarihistoria.fi\/sv\/redskap\/skolbesok\/#breadcrumb\"},\"inLanguage\":\"sv-SE\",\"potentialAction\":[{\"@type\":\"ReadAction\",\"target\":[\"https:\/\/sateenkaarihistoria.fi\/sv\/redskap\/skolbesok\/\"]}]},{\"@type\":\"ImageObject\",\"inLanguage\":\"sv-SE\",\"@id\":\"https:\/\/sateenkaarihistoria.fi\/sv\/redskap\/skolbesok\/#primaryimage\",\"url\":\"https:\/\/sateenkaarihistoria.fi\/wp-content\/uploads\/2022\/09\/kouluvierailut_banneri_2022_FI-scaled.jpg\",\"contentUrl\":\"https:\/\/sateenkaarihistoria.fi\/wp-content\/uploads\/2022\/09\/kouluvierailut_banneri_2022_FI-scaled.jpg\"},{\"@type\":\"BreadcrumbList\",\"@id\":\"https:\/\/sateenkaarihistoria.fi\/sv\/redskap\/skolbesok\/#breadcrumb\",\"itemListElement\":[{\"@type\":\"ListItem\",\"position\":1,\"name\":\"Etusivu\",\"item\":\"https:\/\/sateenkaarihistoria.fi\/sv\/\"},{\"@type\":\"ListItem\",\"position\":2,\"name\":\"Redskap\",\"item\":\"https:\/\/sateenkaarihistoria.fi\/sv\/redskap\/\"},{\"@type\":\"ListItem\",\"position\":3,\"name\":\"Boka en forskare till skolan: gratis skolbes\u00f6k h\u00f6sten 2022\"}]},{\"@type\":\"WebSite\",\"@id\":\"https:\/\/sateenkaarihistoria.fi\/#website\",\"url\":\"https:\/\/sateenkaarihistoria.fi\/\",\"name\":\"Sateenkaari\u00adhistorian yst\u00e4v\u00e4t\",\"description\":\"Suomalaisen sateenkaarihistorian verkkopalvelu, joka kokoaa yhteen l\u00e4hteit\u00e4, aineistoja ja tietoa queer-historiasta, transhistoriasta, sukupuoliv\u00e4hemmist\u00f6jen ja seksuaaliv\u00e4hemmist\u00f6jen historiasta sek\u00e4 niiden tutkimuksesta.\",\"publisher\":{\"@id\":\"https:\/\/sateenkaarihistoria.fi\/#organization\"},\"potentialAction\":[{\"@type\":\"SearchAction\",\"target\":{\"@type\":\"EntryPoint\",\"urlTemplate\":\"https:\/\/sateenkaarihistoria.fi\/?s={search_term_string}\"},\"query-input\":{\"@type\":\"PropertyValueSpecification\",\"valueRequired\":true,\"valueName\":\"search_term_string\"}}],\"inLanguage\":\"sv-SE\"},{\"@type\":\"Organization\",\"@id\":\"https:\/\/sateenkaarihistoria.fi\/#organization\",\"name\":\"Sateenkaarihistorian yst\u00e4v\u00e4t\",\"url\":\"https:\/\/sateenkaarihistoria.fi\/\",\"logo\":{\"@type\":\"ImageObject\",\"inLanguage\":\"sv-SE\",\"@id\":\"https:\/\/sateenkaarihistoria.fi\/#\/schema\/logo\/image\/\",\"url\":\"https:\/\/i0.wp.com\/sateenkaarihistoria.fi\/wp-content\/uploads\/2021\/12\/SHY-logo_250x169.jpg?fit=250%2C169&ssl=1\",\"contentUrl\":\"https:\/\/i0.wp.com\/sateenkaarihistoria.fi\/wp-content\/uploads\/2021\/12\/SHY-logo_250x169.jpg?fit=250%2C169&ssl=1\",\"width\":250,\"height\":169,\"caption\":\"Sateenkaarihistorian yst\u00e4v\u00e4t\"},\"image\":{\"@id\":\"https:\/\/sateenkaarihistoria.fi\/#\/schema\/logo\/image\/\"},\"sameAs\":[\"https:\/\/www.facebook.com\/sateenkaarihistoria\",\"https:\/\/instagram.com\/sateenkaarihistoria\"]}]}<\/script>\n<!-- \/ Yoast SEO plugin. -->","yoast_head_json":{"title":"Boka en forskare till skolan: gratis skolbes\u00f6k h\u00f6sten 2022 - Sateenkaari\u00adhistorian yst\u00e4v\u00e4t","robots":{"index":"index","follow":"follow","max-snippet":"max-snippet:-1","max-image-preview":"max-image-preview:large","max-video-preview":"max-video-preview:-1"},"canonical":"https:\/\/sateenkaarihistoria.fi\/sv\/redskap\/skolbesok\/","og_locale":"sv_SE","og_type":"article","og_title":"Boka en forskare till skolan: gratis skolbes\u00f6k h\u00f6sten 2022 - Sateenkaari\u00adhistorian yst\u00e4v\u00e4t","og_description":"Skolbes\u00f6ksprogrammet har avslutats. I framtiden kommer vi att unders\u00f6ka m\u00f6jligheterna att g\u00f6ra skolbes\u00f6k med hj\u00e4lp av volont\u00e4rer. Tack till alla som deltog 2021\u20132022! Hur har det varit att leva som&hellip;&nbsp;L\u00e4s mer &raquo;Boka en forskare till skolan: gratis skolbes\u00f6k h\u00f6sten 2022","og_url":"https:\/\/sateenkaarihistoria.fi\/sv\/redskap\/skolbesok\/","og_site_name":"Sateenkaari\u00adhistorian yst\u00e4v\u00e4t","article_publisher":"https:\/\/www.facebook.com\/sateenkaarihistoria","article_modified_time":"2023-01-26T17:37:27+00:00","og_image":[{"url":"https:\/\/sateenkaarihistoria.fi\/wp-content\/uploads\/2022\/09\/kouluvierailut_banneri_2022_FI-scaled.jpg","type":"","width":"","height":""}],"twitter_card":"summary_large_image","twitter_misc":{"Ber\u00e4knad l\u00e4stid":"4 minuter"},"schema":{"@context":"https:\/\/schema.org","@graph":[{"@type":"WebPage","@id":"https:\/\/sateenkaarihistoria.fi\/sv\/redskap\/skolbesok\/","url":"https:\/\/sateenkaarihistoria.fi\/sv\/redskap\/skolbesok\/","name":"Boka en forskare till skolan: gratis skolbes\u00f6k h\u00f6sten 2022 - Sateenkaari\u00adhistorian yst\u00e4v\u00e4t","isPartOf":{"@id":"https:\/\/sateenkaarihistoria.fi\/#website"},"primaryImageOfPage":{"@id":"https:\/\/sateenkaarihistoria.fi\/sv\/redskap\/skolbesok\/#primaryimage"},"image":{"@id":"https:\/\/sateenkaarihistoria.fi\/sv\/redskap\/skolbesok\/#primaryimage"},"thumbnailUrl":"https:\/\/sateenkaarihistoria.fi\/wp-content\/uploads\/2022\/09\/kouluvierailut_banneri_2022_FI-scaled.jpg","datePublished":"2021-03-26T16:50:05+00:00","dateModified":"2023-01-26T17:37:27+00:00","breadcrumb":{"@id":"https:\/\/sateenkaarihistoria.fi\/sv\/redskap\/skolbesok\/#breadcrumb"},"inLanguage":"sv-SE","potentialAction":[{"@type":"ReadAction","target":["https:\/\/sateenkaarihistoria.fi\/sv\/redskap\/skolbesok\/"]}]},{"@type":"ImageObject","inLanguage":"sv-SE","@id":"https:\/\/sateenkaarihistoria.fi\/sv\/redskap\/skolbesok\/#primaryimage","url":"https:\/\/sateenkaarihistoria.fi\/wp-content\/uploads\/2022\/09\/kouluvierailut_banneri_2022_FI-scaled.jpg","contentUrl":"https:\/\/sateenkaarihistoria.fi\/wp-content\/uploads\/2022\/09\/kouluvierailut_banneri_2022_FI-scaled.jpg"},{"@type":"BreadcrumbList","@id":"https:\/\/sateenkaarihistoria.fi\/sv\/redskap\/skolbesok\/#breadcrumb","itemListElement":[{"@type":"ListItem","position":1,"name":"Etusivu","item":"https:\/\/sateenkaarihistoria.fi\/sv\/"},{"@type":"ListItem","position":2,"name":"Redskap","item":"https:\/\/sateenkaarihistoria.fi\/sv\/redskap\/"},{"@type":"ListItem","position":3,"name":"Boka en forskare till skolan: gratis skolbes\u00f6k h\u00f6sten 2022"}]},{"@type":"WebSite","@id":"https:\/\/sateenkaarihistoria.fi\/#website","url":"https:\/\/sateenkaarihistoria.fi\/","name":"Sateenkaari\u00adhistorian yst\u00e4v\u00e4t","description":"Suomalaisen sateenkaarihistorian verkkopalvelu, joka kokoaa yhteen l\u00e4hteit\u00e4, aineistoja ja tietoa queer-historiasta, transhistoriasta, sukupuoliv\u00e4hemmist\u00f6jen ja seksuaaliv\u00e4hemmist\u00f6jen historiasta sek\u00e4 niiden tutkimuksesta.","publisher":{"@id":"https:\/\/sateenkaarihistoria.fi\/#organization"},"potentialAction":[{"@type":"SearchAction","target":{"@type":"EntryPoint","urlTemplate":"https:\/\/sateenkaarihistoria.fi\/?s={search_term_string}"},"query-input":{"@type":"PropertyValueSpecification","valueRequired":true,"valueName":"search_term_string"}}],"inLanguage":"sv-SE"},{"@type":"Organization","@id":"https:\/\/sateenkaarihistoria.fi\/#organization","name":"Sateenkaarihistorian yst\u00e4v\u00e4t","url":"https:\/\/sateenkaarihistoria.fi\/","logo":{"@type":"ImageObject","inLanguage":"sv-SE","@id":"https:\/\/sateenkaarihistoria.fi\/#\/schema\/logo\/image\/","url":"https:\/\/i0.wp.com\/sateenkaarihistoria.fi\/wp-content\/uploads\/2021\/12\/SHY-logo_250x169.jpg?fit=250%2C169&ssl=1","contentUrl":"https:\/\/i0.wp.com\/sateenkaarihistoria.fi\/wp-content\/uploads\/2021\/12\/SHY-logo_250x169.jpg?fit=250%2C169&ssl=1","width":250,"height":169,"caption":"Sateenkaarihistorian yst\u00e4v\u00e4t"},"image":{"@id":"https:\/\/sateenkaarihistoria.fi\/#\/schema\/logo\/image\/"},"sameAs":["https:\/\/www.facebook.com\/sateenkaarihistoria","https:\/\/instagram.com\/sateenkaarihistoria"]}]}},"taxonomy_info":[],"featured_image_src_large":false,"author_info":{"display_name":"admin","author_link":"https:\/\/sateenkaarihistoria.fi\/sv\/author\/admin\/"},"comment_info":0,"_links":{"self":[{"href":"https:\/\/sateenkaarihistoria.fi\/sv\/wp-json\/wp\/v2\/pages\/2703","targetHints":{"allow":["GET"]}}],"collection":[{"href":"https:\/\/sateenkaarihistoria.fi\/sv\/wp-json\/wp\/v2\/pages"}],"about":[{"href":"https:\/\/sateenkaarihistoria.fi\/sv\/wp-json\/wp\/v2\/types\/page"}],"author":[{"embeddable":true,"href":"https:\/\/sateenkaarihistoria.fi\/sv\/wp-json\/wp\/v2\/users\/1"}],"replies":[{"embeddable":true,"href":"https:\/\/sateenkaarihistoria.fi\/sv\/wp-json\/wp\/v2\/comments?post=2703"}],"version-history":[{"count":10,"href":"https:\/\/sateenkaarihistoria.fi\/sv\/wp-json\/wp\/v2\/pages\/2703\/revisions"}],"predecessor-version":[{"id":8065,"href":"https:\/\/sateenkaarihistoria.fi\/sv\/wp-json\/wp\/v2\/pages\/2703\/revisions\/8065"}],"up":[{"embeddable":true,"href":"https:\/\/sateenkaarihistoria.fi\/sv\/wp-json\/wp\/v2\/pages\/1471"}],"wp:attachment":[{"href":"https:\/\/sateenkaarihistoria.fi\/sv\/wp-json\/wp\/v2\/media?parent=2703"}],"wp:term":[{"taxonomy":"author","embeddable":true,"href":"https:\/\/sateenkaarihistoria.fi\/sv\/wp-json\/wp\/v2\/ppma_author?post=2703"}],"curies":[{"name":"wp","href":"https:\/\/api.w.org\/{rel}","templated":true}]}}