{"id":2397,"date":"2021-03-26T18:54:44","date_gmt":"2021-03-26T16:54:44","guid":{"rendered":"https:\/\/sateenkaarihistoria.fi\/?page_id=2397"},"modified":"2024-12-10T22:42:21","modified_gmt":"2024-12-10T20:42:21","slug":"forskarelistan","status":"publish","type":"page","link":"https:\/\/sateenkaarihistoria.fi\/sv\/queerhistoriens-vanner\/forskarelistan\/","title":{"rendered":"Queerhistoriens forskarelista"},"content":{"rendered":"\n<p>Queerhistoriens v\u00e4nner rf uppr\u00e4tth\u00f6ll tidigare en separat tv\u00e4rvetenskaplig forskarelista f\u00f6r queerhistoria, till vars medlemmar f\u00f6rmedlades expertf\u00f6rfr\u00e5gningar och andra uppdrag.<\/p>\n\n\n\n<p>Fr\u00e5n och med augusti 2024 slogs forskarelistan samman med en ny, bredare e-postlista f\u00f6r queerhistoria, som \u00e4r \u00f6ppen f\u00f6r alla som arbetar med qeerhistoria \u2013 \u00e4ven andra \u00e4n forskare.<\/p>\n\n\n\n<p>Om du \u00e4r intresserad av att g\u00e5 med p\u00e5 e-postlistan, kontakta: sihteeri@sateenkaarihistoria.fi.<\/p>\n","protected":false},"excerpt":{"rendered":"<p>Queerhistoriens v\u00e4nner rf uppr\u00e4tth\u00f6ll tidigare en separat tv\u00e4rvetenskaplig forskarelista f\u00f6r queerhistoria, till vars medlemmar f\u00f6rmedlades expertf\u00f6rfr\u00e5gningar och andra uppdrag. Fr\u00e5n och med augusti 2024 slogs forskarelistan samman med en ny,&hellip;&nbsp;<a href=\"https:\/\/sateenkaarihistoria.fi\/sv\/queerhistoriens-vanner\/forskarelistan\/\" rel=\"bookmark\">L\u00e4s mer &raquo;<span class=\"screen-reader-text\">Queerhistoriens forskarelista<\/span><\/a><\/p>\n","protected":false},"author":1,"featured_media":0,"parent":1450,"menu_order":0,"comment_status":"closed","ping_status":"closed","template":"","meta":{"_kad_blocks_custom_css":"","_kad_blocks_head_custom_js":"","_kad_blocks_body_custom_js":"","_kad_blocks_footer_custom_js":"","neve_meta_sidebar":"default","neve_meta_container":"","neve_meta_enable_content_width":"off","neve_meta_content_width":100,"neve_meta_title_alignment":"","neve_meta_author_avatar":"","neve_post_elements_order":"","neve_meta_disable_header":"","neve_meta_disable_footer":"","neve_meta_disable_title":"","footnotes":""},"ppma_author":[434,162],"class_list":["post-2397","page","type-page","status-publish","hentry"],"yoast_head":"<!-- This site is optimized with the Yoast SEO plugin v26.7 - https:\/\/yoast.com\/wordpress\/plugins\/seo\/ -->\n<title>Queerhistoriens forskarelista - Sateenkaari\u00adhistorian yst\u00e4v\u00e4t<\/title>\n<meta name=\"robots\" content=\"index, follow, max-snippet:-1, max-image-preview:large, max-video-preview:-1\" \/>\n<link rel=\"canonical\" href=\"https:\/\/sateenkaarihistoria.fi\/sv\/queerhistoriens-vanner\/forskarelistan\/\" \/>\n<meta property=\"og:locale\" content=\"sv_SE\" \/>\n<meta property=\"og:type\" content=\"article\" \/>\n<meta property=\"og:title\" content=\"Queerhistoriens forskarelista - Sateenkaari\u00adhistorian yst\u00e4v\u00e4t\" \/>\n<meta property=\"og:description\" content=\"Queerhistoriens v\u00e4nner rf uppr\u00e4tth\u00f6ll tidigare en separat tv\u00e4rvetenskaplig forskarelista f\u00f6r queerhistoria, till vars medlemmar f\u00f6rmedlades expertf\u00f6rfr\u00e5gningar och andra uppdrag. Fr\u00e5n och med augusti 2024 slogs forskarelistan samman med en ny,&hellip;&nbsp;L\u00e4s mer &raquo;Queerhistoriens forskarelista\" \/>\n<meta property=\"og:url\" content=\"https:\/\/sateenkaarihistoria.fi\/sv\/queerhistoriens-vanner\/forskarelistan\/\" \/>\n<meta property=\"og:site_name\" content=\"Sateenkaari\u00adhistorian yst\u00e4v\u00e4t\" \/>\n<meta property=\"article:publisher\" content=\"https:\/\/www.facebook.com\/sateenkaarihistoria\" \/>\n<meta property=\"article:modified_time\" content=\"2024-12-10T20:42:21+00:00\" \/>\n<meta name=\"twitter:card\" content=\"summary_large_image\" \/>\n<script type=\"application\/ld+json\" class=\"yoast-schema-graph\">{\"@context\":\"https:\/\/schema.org\",\"@graph\":[{\"@type\":\"WebPage\",\"@id\":\"https:\/\/sateenkaarihistoria.fi\/sv\/queerhistoriens-vanner\/forskarelistan\/\",\"url\":\"https:\/\/sateenkaarihistoria.fi\/sv\/queerhistoriens-vanner\/forskarelistan\/\",\"name\":\"Queerhistoriens forskarelista - Sateenkaari\u00adhistorian yst\u00e4v\u00e4t\",\"isPartOf\":{\"@id\":\"https:\/\/sateenkaarihistoria.fi\/#website\"},\"datePublished\":\"2021-03-26T16:54:44+00:00\",\"dateModified\":\"2024-12-10T20:42:21+00:00\",\"breadcrumb\":{\"@id\":\"https:\/\/sateenkaarihistoria.fi\/sv\/queerhistoriens-vanner\/forskarelistan\/#breadcrumb\"},\"inLanguage\":\"sv-SE\",\"potentialAction\":[{\"@type\":\"ReadAction\",\"target\":[\"https:\/\/sateenkaarihistoria.fi\/sv\/queerhistoriens-vanner\/forskarelistan\/\"]}]},{\"@type\":\"BreadcrumbList\",\"@id\":\"https:\/\/sateenkaarihistoria.fi\/sv\/queerhistoriens-vanner\/forskarelistan\/#breadcrumb\",\"itemListElement\":[{\"@type\":\"ListItem\",\"position\":1,\"name\":\"Etusivu\",\"item\":\"https:\/\/sateenkaarihistoria.fi\/sv\/\"},{\"@type\":\"ListItem\",\"position\":2,\"name\":\"Queerhistoriens v\u00e4nner\",\"item\":\"https:\/\/sateenkaarihistoria.fi\/sv\/queerhistoriens-vanner\/\"},{\"@type\":\"ListItem\",\"position\":3,\"name\":\"Queerhistoriens forskarelista\"}]},{\"@type\":\"WebSite\",\"@id\":\"https:\/\/sateenkaarihistoria.fi\/#website\",\"url\":\"https:\/\/sateenkaarihistoria.fi\/\",\"name\":\"Sateenkaari\u00adhistorian yst\u00e4v\u00e4t\",\"description\":\"Suomalaisen sateenkaarihistorian verkkopalvelu, joka kokoaa yhteen l\u00e4hteit\u00e4, aineistoja ja tietoa queer-historiasta, transhistoriasta, sukupuoliv\u00e4hemmist\u00f6jen ja seksuaaliv\u00e4hemmist\u00f6jen historiasta sek\u00e4 niiden tutkimuksesta.\",\"publisher\":{\"@id\":\"https:\/\/sateenkaarihistoria.fi\/#organization\"},\"potentialAction\":[{\"@type\":\"SearchAction\",\"target\":{\"@type\":\"EntryPoint\",\"urlTemplate\":\"https:\/\/sateenkaarihistoria.fi\/?s={search_term_string}\"},\"query-input\":{\"@type\":\"PropertyValueSpecification\",\"valueRequired\":true,\"valueName\":\"search_term_string\"}}],\"inLanguage\":\"sv-SE\"},{\"@type\":\"Organization\",\"@id\":\"https:\/\/sateenkaarihistoria.fi\/#organization\",\"name\":\"Sateenkaarihistorian yst\u00e4v\u00e4t\",\"url\":\"https:\/\/sateenkaarihistoria.fi\/\",\"logo\":{\"@type\":\"ImageObject\",\"inLanguage\":\"sv-SE\",\"@id\":\"https:\/\/sateenkaarihistoria.fi\/#\/schema\/logo\/image\/\",\"url\":\"https:\/\/i0.wp.com\/sateenkaarihistoria.fi\/wp-content\/uploads\/2021\/12\/SHY-logo_250x169.jpg?fit=250%2C169&ssl=1\",\"contentUrl\":\"https:\/\/i0.wp.com\/sateenkaarihistoria.fi\/wp-content\/uploads\/2021\/12\/SHY-logo_250x169.jpg?fit=250%2C169&ssl=1\",\"width\":250,\"height\":169,\"caption\":\"Sateenkaarihistorian yst\u00e4v\u00e4t\"},\"image\":{\"@id\":\"https:\/\/sateenkaarihistoria.fi\/#\/schema\/logo\/image\/\"},\"sameAs\":[\"https:\/\/www.facebook.com\/sateenkaarihistoria\",\"https:\/\/instagram.com\/sateenkaarihistoria\"]}]}<\/script>\n<!-- \/ Yoast SEO plugin. -->","yoast_head_json":{"title":"Queerhistoriens forskarelista - Sateenkaari\u00adhistorian yst\u00e4v\u00e4t","robots":{"index":"index","follow":"follow","max-snippet":"max-snippet:-1","max-image-preview":"max-image-preview:large","max-video-preview":"max-video-preview:-1"},"canonical":"https:\/\/sateenkaarihistoria.fi\/sv\/queerhistoriens-vanner\/forskarelistan\/","og_locale":"sv_SE","og_type":"article","og_title":"Queerhistoriens forskarelista - Sateenkaari\u00adhistorian yst\u00e4v\u00e4t","og_description":"Queerhistoriens v\u00e4nner rf uppr\u00e4tth\u00f6ll tidigare en separat tv\u00e4rvetenskaplig forskarelista f\u00f6r queerhistoria, till vars medlemmar f\u00f6rmedlades expertf\u00f6rfr\u00e5gningar och andra uppdrag. Fr\u00e5n och med augusti 2024 slogs forskarelistan samman med en ny,&hellip;&nbsp;L\u00e4s mer &raquo;Queerhistoriens forskarelista","og_url":"https:\/\/sateenkaarihistoria.fi\/sv\/queerhistoriens-vanner\/forskarelistan\/","og_site_name":"Sateenkaari\u00adhistorian yst\u00e4v\u00e4t","article_publisher":"https:\/\/www.facebook.com\/sateenkaarihistoria","article_modified_time":"2024-12-10T20:42:21+00:00","twitter_card":"summary_large_image","schema":{"@context":"https:\/\/schema.org","@graph":[{"@type":"WebPage","@id":"https:\/\/sateenkaarihistoria.fi\/sv\/queerhistoriens-vanner\/forskarelistan\/","url":"https:\/\/sateenkaarihistoria.fi\/sv\/queerhistoriens-vanner\/forskarelistan\/","name":"Queerhistoriens forskarelista - Sateenkaari\u00adhistorian yst\u00e4v\u00e4t","isPartOf":{"@id":"https:\/\/sateenkaarihistoria.fi\/#website"},"datePublished":"2021-03-26T16:54:44+00:00","dateModified":"2024-12-10T20:42:21+00:00","breadcrumb":{"@id":"https:\/\/sateenkaarihistoria.fi\/sv\/queerhistoriens-vanner\/forskarelistan\/#breadcrumb"},"inLanguage":"sv-SE","potentialAction":[{"@type":"ReadAction","target":["https:\/\/sateenkaarihistoria.fi\/sv\/queerhistoriens-vanner\/forskarelistan\/"]}]},{"@type":"BreadcrumbList","@id":"https:\/\/sateenkaarihistoria.fi\/sv\/queerhistoriens-vanner\/forskarelistan\/#breadcrumb","itemListElement":[{"@type":"ListItem","position":1,"name":"Etusivu","item":"https:\/\/sateenkaarihistoria.fi\/sv\/"},{"@type":"ListItem","position":2,"name":"Queerhistoriens v\u00e4nner","item":"https:\/\/sateenkaarihistoria.fi\/sv\/queerhistoriens-vanner\/"},{"@type":"ListItem","position":3,"name":"Queerhistoriens forskarelista"}]},{"@type":"WebSite","@id":"https:\/\/sateenkaarihistoria.fi\/#website","url":"https:\/\/sateenkaarihistoria.fi\/","name":"Sateenkaari\u00adhistorian yst\u00e4v\u00e4t","description":"Suomalaisen sateenkaarihistorian verkkopalvelu, joka kokoaa yhteen l\u00e4hteit\u00e4, aineistoja ja tietoa queer-historiasta, transhistoriasta, sukupuoliv\u00e4hemmist\u00f6jen ja seksuaaliv\u00e4hemmist\u00f6jen historiasta sek\u00e4 niiden tutkimuksesta.","publisher":{"@id":"https:\/\/sateenkaarihistoria.fi\/#organization"},"potentialAction":[{"@type":"SearchAction","target":{"@type":"EntryPoint","urlTemplate":"https:\/\/sateenkaarihistoria.fi\/?s={search_term_string}"},"query-input":{"@type":"PropertyValueSpecification","valueRequired":true,"valueName":"search_term_string"}}],"inLanguage":"sv-SE"},{"@type":"Organization","@id":"https:\/\/sateenkaarihistoria.fi\/#organization","name":"Sateenkaarihistorian yst\u00e4v\u00e4t","url":"https:\/\/sateenkaarihistoria.fi\/","logo":{"@type":"ImageObject","inLanguage":"sv-SE","@id":"https:\/\/sateenkaarihistoria.fi\/#\/schema\/logo\/image\/","url":"https:\/\/i0.wp.com\/sateenkaarihistoria.fi\/wp-content\/uploads\/2021\/12\/SHY-logo_250x169.jpg?fit=250%2C169&ssl=1","contentUrl":"https:\/\/i0.wp.com\/sateenkaarihistoria.fi\/wp-content\/uploads\/2021\/12\/SHY-logo_250x169.jpg?fit=250%2C169&ssl=1","width":250,"height":169,"caption":"Sateenkaarihistorian yst\u00e4v\u00e4t"},"image":{"@id":"https:\/\/sateenkaarihistoria.fi\/#\/schema\/logo\/image\/"},"sameAs":["https:\/\/www.facebook.com\/sateenkaarihistoria","https:\/\/instagram.com\/sateenkaarihistoria"]}]}},"taxonomy_info":[],"featured_image_src_large":false,"author_info":{"display_name":"admin","author_link":"https:\/\/sateenkaarihistoria.fi\/sv\/author\/admin\/"},"comment_info":0,"_links":{"self":[{"href":"https:\/\/sateenkaarihistoria.fi\/sv\/wp-json\/wp\/v2\/pages\/2397","targetHints":{"allow":["GET"]}}],"collection":[{"href":"https:\/\/sateenkaarihistoria.fi\/sv\/wp-json\/wp\/v2\/pages"}],"about":[{"href":"https:\/\/sateenkaarihistoria.fi\/sv\/wp-json\/wp\/v2\/types\/page"}],"author":[{"embeddable":true,"href":"https:\/\/sateenkaarihistoria.fi\/sv\/wp-json\/wp\/v2\/users\/1"}],"replies":[{"embeddable":true,"href":"https:\/\/sateenkaarihistoria.fi\/sv\/wp-json\/wp\/v2\/comments?post=2397"}],"version-history":[{"count":4,"href":"https:\/\/sateenkaarihistoria.fi\/sv\/wp-json\/wp\/v2\/pages\/2397\/revisions"}],"predecessor-version":[{"id":15062,"href":"https:\/\/sateenkaarihistoria.fi\/sv\/wp-json\/wp\/v2\/pages\/2397\/revisions\/15062"}],"up":[{"embeddable":true,"href":"https:\/\/sateenkaarihistoria.fi\/sv\/wp-json\/wp\/v2\/pages\/1450"}],"wp:attachment":[{"href":"https:\/\/sateenkaarihistoria.fi\/sv\/wp-json\/wp\/v2\/media?parent=2397"}],"wp:term":[{"taxonomy":"author","embeddable":true,"href":"https:\/\/sateenkaarihistoria.fi\/sv\/wp-json\/wp\/v2\/ppma_author?post=2397"}],"curies":[{"name":"wp","href":"https:\/\/api.w.org\/{rel}","templated":true}]}}