{"id":1478,"date":"2020-08-25T23:09:16","date_gmt":"2020-08-25T20:09:16","guid":{"rendered":"https:\/\/sateenkaarihistoria.fi\/wordpress\/?page_id=1478"},"modified":"2022-10-13T15:26:00","modified_gmt":"2022-10-13T12:26:00","slug":"queerhistorisk-manad","status":"publish","type":"page","link":"https:\/\/sateenkaarihistoria.fi\/sv\/evenemang\/queerhistorisk-manad\/","title":{"rendered":"Queerhistorisk m\u00e5nad"},"content":{"rendered":"\n<div class=\"wp-block-buttons is-horizontal is-content-justification-left is-layout-flex wp-container-core-buttons-is-layout-1 wp-block-buttons-is-layout-flex\">\n<div class=\"wp-block-button is-style-primary\"><a class=\"wp-block-button__link\" href=\"https:\/\/sateenkaarihistoria.fi\/events\/\">Evenemang<\/a><\/div>\n\n\n\n<div class=\"wp-block-button is-style-primary\"><a class=\"wp-block-button__link\" href=\"https:\/\/sateenkaarihistoria.fi\/sv\/evenemang\/tidigare-ars-program\/\">Evenemangsarkiv<\/a><\/div>\n\n\n\n<div class=\"wp-block-button is-style-primary\"><a class=\"wp-block-button__link\" href=\"https:\/\/sateenkaarihistoria.fi\/tapahtumat-sivu\/merkkivuosi-2021\/\">M\u00e4rkes\u00e5ret 2021<\/a><\/div>\n<\/div>\n\n<div style=\"height:33px\" aria-hidden=\"true\" class=\"wp-block-spacer\"><\/div>\n\n<figure class=\"wp-block-image size-full\"><img decoding=\"async\" src=\"https:\/\/sateenkaarihistoria.fi\/wp-content\/uploads\/2022\/09\/shk_infobanner.jpg\" alt=\"Queerhistorisk m&#xE5;nad\" class=\"wp-image-6287\"\/><\/figure>\n\n<h2 class=\"wp-block-heading\">Queerhistorisk m\u00e5nad<\/h2>\n\n<p>Sexuella och k\u00f6nsminoriteters historia har alltid funnits, men den har oftast h\u00e5llits dold. Den har funnits \u00f6verallt \u2013 i alla tider, samh\u00e4llsklasser och kulturer, men f\u00f6r att f\u00e5 syn p\u00e5 den kr\u00e4vs k\u00e4nslighet och en f\u00f6rm\u00e5ga till en moth\u00e5rsl\u00e4sning.<\/p>\n\n<p>Queerhistoriens v\u00e4nner rf bjuder in minnesorganisationer, skolor, konst- och kulturorganisationer samt f\u00f6reningar att fira queerhistoriska varje november. Syftet med m\u00e5naden \u00e4r att granska finsk historia och kultur ur ett hbtiqa-perspektiv och inkludera dem i v\u00e5rt gemensamma kulturarv.<\/p>\n\n<p>Vi utmanar dig och din organisation att delta i m\u00e5naden och att lyfta fram den nedtystade historien och g\u00f6ra den till allas v\u00e5rt gemensamma kulturarv!<\/p>\n\n<h2 class=\"wp-block-heading\">Hur kan du delta?<\/h2>\n\n<div class=\"wp-block-buttons is-layout-flex wp-block-buttons-is-layout-flex\">\n<div class=\"wp-block-button is-style-primary\"><a class=\"wp-block-button__link\" href=\"https:\/\/sateenkaarihistoria.fi\/sv\/evenemang\/anmal-ditt-evenemang\/\">Anm\u00e4l ditt evenemang<\/a><\/div>\n<\/div>\n\n<p><span class=\"VIiyi\" lang=\"sv\"><span class=\"JLqJ4b ChMk0b\" data-language-for-alternatives=\"sv\" data-language-to-translate-into=\"fi\" data-phrase-index=\"0\" data-number-of-phrases=\"3\"><span class=\"Q4iAWc\">Du kan anm\u00e4la ditt eget evenemang direkt p\u00e5 v\u00e5r hemsida med knappen ovan.<\/span><\/span> <span class=\"JLqJ4b ChMk0b\" data-language-for-alternatives=\"sv\" data-language-to-translate-into=\"fi\" data-phrase-index=\"1\" data-number-of-phrases=\"3\"><span class=\"Q4iAWc\">Du kan bl\u00e4ddra i tidigare \u00e5rs eventarkiv f\u00f6r id\u00e9er och inspiration till olika s\u00e4tt att delta (endast p\u00e5 finska f\u00f6r tillf\u00e4llet).<\/span><\/span> <span class=\"JLqJ4b ChMk0b\" data-language-for-alternatives=\"sv\" data-language-to-translate-into=\"fi\" data-phrase-index=\"2\" data-number-of-phrases=\"3\"><span class=\"Q4iAWc\">Queerhistoriska m\u00e5naden \u00e4r en helhet som \u00e4r \u00f6ppet f\u00f6r alla och du kan delta i det till exempel enligt f\u00f6ljande:<\/span><\/span><\/span><\/p>\n\n<p><strong>Genom att arrangera ett evenemang eller en utst\u00e4llning:<\/strong> Helheten f\u00f6rverkligas genom de deltagande organisationernas egna resurser. Arrang\u00f6ren ansvarar ocks\u00e5 sj\u00e4lv f\u00f6r den egna marknadsf\u00f6ringen av evenemanget. Teamet bakom Queerhistorisk m\u00e5nad modererar kalendern och l\u00e4gger ut dem p\u00e5 kalendern.<\/p>\n\n<p><strong>Genom att f\u00f6ra fram hbtiq-historian i vardagen:<\/strong> Bibliotek kan delta till exempel genom att arrangera en bok- eller materialutst\u00e4llning i anslutning till temat. Skolor kan delta genom att arrangera temadagar kring temat, genom att bjuda in forskare i sexuella och k\u00f6nsminoriteters historia, eller genom att arrangera olika verkst\u00e4der och grupparbeten.<\/p>\n\n<p><span class=\"VIiyi\" lang=\"sv\"><span class=\"JLqJ4b ChMk0b\" data-language-for-alternatives=\"sv\" data-language-to-translate-into=\"fi\" data-phrase-index=\"0\" data-number-of-phrases=\"2\"><span class=\"Q4iAWc\"><strong>Genom att skriva om queerhistoria<\/strong>: Posta g\u00e4rna <\/span><\/span><span class=\"JLqJ4b ChMk0b\" data-language-for-alternatives=\"sv\" data-language-to-translate-into=\"fi\" data-phrase-index=\"0\" data-number-of-phrases=\"1\"><span class=\"Q4iAWc\">tankev\u00e4ckande blogginl\u00e4gg om din organisations f\u00f6rh\u00e5llande till queerhistoria. Eller <a href=\"https:\/\/sateenkaarihistoria.fi\/sv\/webbtidning\/anvisningar-for-forfattare\/\">f\u00f6rsl\u00e5 en text till oss<\/a>: Queerhistoriens v\u00e4nner <\/span><\/span><\/span><span class=\"VIiyi\" lang=\"sv\"><span class=\"JLqJ4b ChMk0b\" data-language-for-alternatives=\"sv\" data-language-to-translate-into=\"fi\" data-phrase-index=\"0\" data-number-of-phrases=\"2\"><span class=\"Q4iAWc\">publicerar ett <a href=\"https:\/\/sateenkaarihistoria.fi\/sv\/webbtidning\/\">webbtidning<\/a> med texter om queerhistoria ur m\u00e5nga olika perspektiv p\u00e5 v\u00e5r hemsida.<\/span><\/span><\/span><\/p>\n\n<p><span class=\"VIiyi\" lang=\"sv\"><span class=\"JLqJ4b ChMk0b\" data-language-for-alternatives=\"sv\" data-language-to-translate-into=\"fi\" data-phrase-index=\"0\" data-number-of-phrases=\"2\"><span class=\"Q4iAWc\"><strong>Genom att informera om queerhistoria:<\/strong> Du kan ocks\u00e5 delta i genom att dela material, bilder, texter eller reflektioner relaterade till queerhistoria p\u00e5 sociala medier med hashtaggarna #Sateenkaarihistoria #Queerhistoria #QueerHistory.<\/span><\/span> <span class=\"JLqJ4b ChMk0b\" data-language-for-alternatives=\"sv\" data-language-to-translate-into=\"fi\" data-phrase-index=\"1\" data-number-of-phrases=\"2\"><span class=\"Q4iAWc\">Du kan l\u00e4nka eller tagga v\u00e5r profil antingen p\u00e5 Facebook eller Instagram (@sateenkaarihistoria) \u2013 vi g\u00f6r uttag fr\u00e5n temam\u00e5nadens inl\u00e4gg p\u00e5 v\u00e5ra egna kanaler.<\/span><\/span><\/span><\/p>\n\n<h2 class=\"wp-block-heading\">Bakgrund<\/h2>\n\n<p>M\u00e5naden som lyfter fram det gemensamma kulturarvet f\u00f6r sexuella och k\u00f6nsminoriteter \u00e4gde rum i Finland f\u00f6r f\u00f6rsta g\u00e5ngen 2018. Vid den tiden deltagade f\u00f6ljande organisationer: Aine konstmuseum, Ateneum konstmuseum, AV-arkki, Goetheinstitutet, Helsingfors stadsmuseum, Nationalmuseum, Nationalteatern, Servicen Kultur f\u00f6r alla, Finska Litteraturs\u00e4llskapet, Svenska litteraturs\u00e4llskapet, Arbetararkivet, Arbetarmuseet Werstas och Yle Levande arkiv. Under m\u00e5naden rapporterades och skrevs det mycket om historien relaterad till sexualla och k\u00f6nsminoriteter, och minnesorganisationer lyfte fram tidigare dolt material, organiserade minneskaf\u00e9er och implementerade queerguidningar.<\/p>\n\n<p>Sedan 2020 samordnas queerhistoriska m\u00e5nad av Queerhistoriens v\u00e4nner rf.<\/p>\n","protected":false},"excerpt":{"rendered":"<p>Queerhistorisk m\u00e5nad Sexuella och k\u00f6nsminoriteters historia har alltid funnits, men den har oftast h\u00e5llits dold. Den har funnits \u00f6verallt \u2013 i alla tider, samh\u00e4llsklasser och kulturer, men f\u00f6r att f\u00e5&hellip;&nbsp;<a href=\"https:\/\/sateenkaarihistoria.fi\/sv\/evenemang\/queerhistorisk-manad\/\" rel=\"bookmark\">L\u00e4s mer &raquo;<span class=\"screen-reader-text\">Queerhistorisk m\u00e5nad<\/span><\/a><\/p>\n","protected":false},"author":1,"featured_media":6289,"parent":8500,"menu_order":0,"comment_status":"closed","ping_status":"closed","template":"","meta":{"_kad_blocks_custom_css":"","_kad_blocks_head_custom_js":"","_kad_blocks_body_custom_js":"","_kad_blocks_footer_custom_js":"","neve_meta_sidebar":"","neve_meta_container":"","neve_meta_enable_content_width":"off","neve_meta_content_width":100,"neve_meta_title_alignment":"","neve_meta_author_avatar":"","neve_post_elements_order":"","neve_meta_disable_header":"","neve_meta_disable_footer":"","neve_meta_disable_title":"","footnotes":""},"ppma_author":[162],"class_list":["post-1478","page","type-page","status-publish","has-post-thumbnail","hentry"],"yoast_head":"<!-- This site is optimized with the Yoast SEO plugin v26.7 - https:\/\/yoast.com\/wordpress\/plugins\/seo\/ -->\n<title>Queerhistorisk m\u00e5nad - Sateenkaari\u00adhistorian yst\u00e4v\u00e4t<\/title>\n<meta name=\"robots\" content=\"index, follow, max-snippet:-1, max-image-preview:large, max-video-preview:-1\" \/>\n<link rel=\"canonical\" href=\"https:\/\/sateenkaarihistoria.fi\/sv\/queerhistorisk-manad\/\" \/>\n<meta property=\"og:locale\" content=\"sv_SE\" \/>\n<meta property=\"og:type\" content=\"article\" \/>\n<meta property=\"og:title\" content=\"Queerhistorisk m\u00e5nad - Sateenkaari\u00adhistorian yst\u00e4v\u00e4t\" \/>\n<meta property=\"og:description\" content=\"Queerhistorisk m\u00e5nad Sexuella och k\u00f6nsminoriteters historia har alltid funnits, men den har oftast h\u00e5llits dold. Den har funnits \u00f6verallt \u2013 i alla tider, samh\u00e4llsklasser och kulturer, men f\u00f6r att f\u00e5&hellip;&nbsp;L\u00e4s mer &raquo;Queerhistorisk m\u00e5nad\" \/>\n<meta property=\"og:url\" content=\"https:\/\/sateenkaarihistoria.fi\/sv\/queerhistorisk-manad\/\" \/>\n<meta property=\"og:site_name\" content=\"Sateenkaari\u00adhistorian yst\u00e4v\u00e4t\" \/>\n<meta property=\"article:publisher\" content=\"https:\/\/www.facebook.com\/sateenkaarihistoria\" \/>\n<meta property=\"article:modified_time\" content=\"2022-10-13T12:26:00+00:00\" \/>\n<meta property=\"og:image\" content=\"https:\/\/sateenkaarihistoria.fi\/wp-content\/uploads\/2022\/09\/shk_infobanner-768x432.jpg\" \/>\n\t<meta property=\"og:image:width\" content=\"768\" \/>\n\t<meta property=\"og:image:height\" content=\"432\" \/>\n\t<meta property=\"og:image:type\" content=\"image\/jpeg\" \/>\n<meta name=\"twitter:card\" content=\"summary_large_image\" \/>\n<meta name=\"twitter:label1\" content=\"Ber\u00e4knad l\u00e4stid\" \/>\n\t<meta name=\"twitter:data1\" content=\"3 minuter\" \/>\n<script type=\"application\/ld+json\" class=\"yoast-schema-graph\">{\"@context\":\"https:\/\/schema.org\",\"@graph\":[{\"@type\":\"WebPage\",\"@id\":\"https:\/\/sateenkaarihistoria.fi\/sv\/queerhistorisk-manad\/\",\"url\":\"https:\/\/sateenkaarihistoria.fi\/sv\/queerhistorisk-manad\/\",\"name\":\"Queerhistorisk m\u00e5nad - Sateenkaari\u00adhistorian yst\u00e4v\u00e4t\",\"isPartOf\":{\"@id\":\"https:\/\/sateenkaarihistoria.fi\/#website\"},\"primaryImageOfPage\":{\"@id\":\"https:\/\/sateenkaarihistoria.fi\/sv\/queerhistorisk-manad\/#primaryimage\"},\"image\":{\"@id\":\"https:\/\/sateenkaarihistoria.fi\/sv\/queerhistorisk-manad\/#primaryimage\"},\"thumbnailUrl\":\"https:\/\/sateenkaarihistoria.fi\/wp-content\/uploads\/2022\/09\/shk_infobanner-e1699625563184.jpg\",\"datePublished\":\"2020-08-25T20:09:16+00:00\",\"dateModified\":\"2022-10-13T12:26:00+00:00\",\"breadcrumb\":{\"@id\":\"https:\/\/sateenkaarihistoria.fi\/sv\/queerhistorisk-manad\/#breadcrumb\"},\"inLanguage\":\"sv-SE\",\"potentialAction\":[{\"@type\":\"ReadAction\",\"target\":[\"https:\/\/sateenkaarihistoria.fi\/sv\/queerhistorisk-manad\/\"]}]},{\"@type\":\"ImageObject\",\"inLanguage\":\"sv-SE\",\"@id\":\"https:\/\/sateenkaarihistoria.fi\/sv\/queerhistorisk-manad\/#primaryimage\",\"url\":\"https:\/\/sateenkaarihistoria.fi\/wp-content\/uploads\/2022\/09\/shk_infobanner-e1699625563184.jpg\",\"contentUrl\":\"https:\/\/sateenkaarihistoria.fi\/wp-content\/uploads\/2022\/09\/shk_infobanner-e1699625563184.jpg\",\"width\":1600,\"height\":900,\"caption\":\"Queerhistorisk m\u00e5nad\"},{\"@type\":\"BreadcrumbList\",\"@id\":\"https:\/\/sateenkaarihistoria.fi\/sv\/queerhistorisk-manad\/#breadcrumb\",\"itemListElement\":[{\"@type\":\"ListItem\",\"position\":1,\"name\":\"Etusivu\",\"item\":\"https:\/\/sateenkaarihistoria.fi\/sv\/\"},{\"@type\":\"ListItem\",\"position\":2,\"name\":\"Queerhistorisk m\u00e5nad\"}]},{\"@type\":\"WebSite\",\"@id\":\"https:\/\/sateenkaarihistoria.fi\/#website\",\"url\":\"https:\/\/sateenkaarihistoria.fi\/\",\"name\":\"Sateenkaari\u00adhistorian yst\u00e4v\u00e4t\",\"description\":\"Suomalaisen sateenkaarihistorian verkkopalvelu, joka kokoaa yhteen l\u00e4hteit\u00e4, aineistoja ja tietoa queer-historiasta, transhistoriasta, sukupuoliv\u00e4hemmist\u00f6jen ja seksuaaliv\u00e4hemmist\u00f6jen historiasta sek\u00e4 niiden tutkimuksesta.\",\"publisher\":{\"@id\":\"https:\/\/sateenkaarihistoria.fi\/#organization\"},\"potentialAction\":[{\"@type\":\"SearchAction\",\"target\":{\"@type\":\"EntryPoint\",\"urlTemplate\":\"https:\/\/sateenkaarihistoria.fi\/?s={search_term_string}\"},\"query-input\":{\"@type\":\"PropertyValueSpecification\",\"valueRequired\":true,\"valueName\":\"search_term_string\"}}],\"inLanguage\":\"sv-SE\"},{\"@type\":\"Organization\",\"@id\":\"https:\/\/sateenkaarihistoria.fi\/#organization\",\"name\":\"Sateenkaarihistorian yst\u00e4v\u00e4t\",\"url\":\"https:\/\/sateenkaarihistoria.fi\/\",\"logo\":{\"@type\":\"ImageObject\",\"inLanguage\":\"sv-SE\",\"@id\":\"https:\/\/sateenkaarihistoria.fi\/#\/schema\/logo\/image\/\",\"url\":\"https:\/\/i0.wp.com\/sateenkaarihistoria.fi\/wp-content\/uploads\/2021\/12\/SHY-logo_250x169.jpg?fit=250%2C169&ssl=1\",\"contentUrl\":\"https:\/\/i0.wp.com\/sateenkaarihistoria.fi\/wp-content\/uploads\/2021\/12\/SHY-logo_250x169.jpg?fit=250%2C169&ssl=1\",\"width\":250,\"height\":169,\"caption\":\"Sateenkaarihistorian yst\u00e4v\u00e4t\"},\"image\":{\"@id\":\"https:\/\/sateenkaarihistoria.fi\/#\/schema\/logo\/image\/\"},\"sameAs\":[\"https:\/\/www.facebook.com\/sateenkaarihistoria\",\"https:\/\/instagram.com\/sateenkaarihistoria\"]}]}<\/script>\n<!-- \/ Yoast SEO plugin. -->","yoast_head_json":{"title":"Queerhistorisk m\u00e5nad - Sateenkaari\u00adhistorian yst\u00e4v\u00e4t","robots":{"index":"index","follow":"follow","max-snippet":"max-snippet:-1","max-image-preview":"max-image-preview:large","max-video-preview":"max-video-preview:-1"},"canonical":"https:\/\/sateenkaarihistoria.fi\/sv\/queerhistorisk-manad\/","og_locale":"sv_SE","og_type":"article","og_title":"Queerhistorisk m\u00e5nad - Sateenkaari\u00adhistorian yst\u00e4v\u00e4t","og_description":"Queerhistorisk m\u00e5nad Sexuella och k\u00f6nsminoriteters historia har alltid funnits, men den har oftast h\u00e5llits dold. Den har funnits \u00f6verallt \u2013 i alla tider, samh\u00e4llsklasser och kulturer, men f\u00f6r att f\u00e5&hellip;&nbsp;L\u00e4s mer &raquo;Queerhistorisk m\u00e5nad","og_url":"https:\/\/sateenkaarihistoria.fi\/sv\/queerhistorisk-manad\/","og_site_name":"Sateenkaari\u00adhistorian yst\u00e4v\u00e4t","article_publisher":"https:\/\/www.facebook.com\/sateenkaarihistoria","article_modified_time":"2022-10-13T12:26:00+00:00","og_image":[{"width":768,"height":432,"url":"https:\/\/sateenkaarihistoria.fi\/wp-content\/uploads\/2022\/09\/shk_infobanner-768x432.jpg","type":"image\/jpeg"}],"twitter_card":"summary_large_image","twitter_misc":{"Ber\u00e4knad l\u00e4stid":"3 minuter"},"schema":{"@context":"https:\/\/schema.org","@graph":[{"@type":"WebPage","@id":"https:\/\/sateenkaarihistoria.fi\/sv\/queerhistorisk-manad\/","url":"https:\/\/sateenkaarihistoria.fi\/sv\/queerhistorisk-manad\/","name":"Queerhistorisk m\u00e5nad - Sateenkaari\u00adhistorian yst\u00e4v\u00e4t","isPartOf":{"@id":"https:\/\/sateenkaarihistoria.fi\/#website"},"primaryImageOfPage":{"@id":"https:\/\/sateenkaarihistoria.fi\/sv\/queerhistorisk-manad\/#primaryimage"},"image":{"@id":"https:\/\/sateenkaarihistoria.fi\/sv\/queerhistorisk-manad\/#primaryimage"},"thumbnailUrl":"https:\/\/sateenkaarihistoria.fi\/wp-content\/uploads\/2022\/09\/shk_infobanner-e1699625563184.jpg","datePublished":"2020-08-25T20:09:16+00:00","dateModified":"2022-10-13T12:26:00+00:00","breadcrumb":{"@id":"https:\/\/sateenkaarihistoria.fi\/sv\/queerhistorisk-manad\/#breadcrumb"},"inLanguage":"sv-SE","potentialAction":[{"@type":"ReadAction","target":["https:\/\/sateenkaarihistoria.fi\/sv\/queerhistorisk-manad\/"]}]},{"@type":"ImageObject","inLanguage":"sv-SE","@id":"https:\/\/sateenkaarihistoria.fi\/sv\/queerhistorisk-manad\/#primaryimage","url":"https:\/\/sateenkaarihistoria.fi\/wp-content\/uploads\/2022\/09\/shk_infobanner-e1699625563184.jpg","contentUrl":"https:\/\/sateenkaarihistoria.fi\/wp-content\/uploads\/2022\/09\/shk_infobanner-e1699625563184.jpg","width":1600,"height":900,"caption":"Queerhistorisk m\u00e5nad"},{"@type":"BreadcrumbList","@id":"https:\/\/sateenkaarihistoria.fi\/sv\/queerhistorisk-manad\/#breadcrumb","itemListElement":[{"@type":"ListItem","position":1,"name":"Etusivu","item":"https:\/\/sateenkaarihistoria.fi\/sv\/"},{"@type":"ListItem","position":2,"name":"Queerhistorisk m\u00e5nad"}]},{"@type":"WebSite","@id":"https:\/\/sateenkaarihistoria.fi\/#website","url":"https:\/\/sateenkaarihistoria.fi\/","name":"Sateenkaari\u00adhistorian yst\u00e4v\u00e4t","description":"Suomalaisen sateenkaarihistorian verkkopalvelu, joka kokoaa yhteen l\u00e4hteit\u00e4, aineistoja ja tietoa queer-historiasta, transhistoriasta, sukupuoliv\u00e4hemmist\u00f6jen ja seksuaaliv\u00e4hemmist\u00f6jen historiasta sek\u00e4 niiden tutkimuksesta.","publisher":{"@id":"https:\/\/sateenkaarihistoria.fi\/#organization"},"potentialAction":[{"@type":"SearchAction","target":{"@type":"EntryPoint","urlTemplate":"https:\/\/sateenkaarihistoria.fi\/?s={search_term_string}"},"query-input":{"@type":"PropertyValueSpecification","valueRequired":true,"valueName":"search_term_string"}}],"inLanguage":"sv-SE"},{"@type":"Organization","@id":"https:\/\/sateenkaarihistoria.fi\/#organization","name":"Sateenkaarihistorian yst\u00e4v\u00e4t","url":"https:\/\/sateenkaarihistoria.fi\/","logo":{"@type":"ImageObject","inLanguage":"sv-SE","@id":"https:\/\/sateenkaarihistoria.fi\/#\/schema\/logo\/image\/","url":"https:\/\/i0.wp.com\/sateenkaarihistoria.fi\/wp-content\/uploads\/2021\/12\/SHY-logo_250x169.jpg?fit=250%2C169&ssl=1","contentUrl":"https:\/\/i0.wp.com\/sateenkaarihistoria.fi\/wp-content\/uploads\/2021\/12\/SHY-logo_250x169.jpg?fit=250%2C169&ssl=1","width":250,"height":169,"caption":"Sateenkaarihistorian yst\u00e4v\u00e4t"},"image":{"@id":"https:\/\/sateenkaarihistoria.fi\/#\/schema\/logo\/image\/"},"sameAs":["https:\/\/www.facebook.com\/sateenkaarihistoria","https:\/\/instagram.com\/sateenkaarihistoria"]}]}},"taxonomy_info":[],"featured_image_src_large":["https:\/\/sateenkaarihistoria.fi\/wp-content\/uploads\/2022\/09\/shk_infobanner-e1699625563184.jpg",1200,675,false],"author_info":{"display_name":"admin","author_link":"https:\/\/sateenkaarihistoria.fi\/sv\/author\/admin\/"},"comment_info":0,"_links":{"self":[{"href":"https:\/\/sateenkaarihistoria.fi\/sv\/wp-json\/wp\/v2\/pages\/1478","targetHints":{"allow":["GET"]}}],"collection":[{"href":"https:\/\/sateenkaarihistoria.fi\/sv\/wp-json\/wp\/v2\/pages"}],"about":[{"href":"https:\/\/sateenkaarihistoria.fi\/sv\/wp-json\/wp\/v2\/types\/page"}],"author":[{"embeddable":true,"href":"https:\/\/sateenkaarihistoria.fi\/sv\/wp-json\/wp\/v2\/users\/1"}],"replies":[{"embeddable":true,"href":"https:\/\/sateenkaarihistoria.fi\/sv\/wp-json\/wp\/v2\/comments?post=1478"}],"version-history":[{"count":16,"href":"https:\/\/sateenkaarihistoria.fi\/sv\/wp-json\/wp\/v2\/pages\/1478\/revisions"}],"predecessor-version":[{"id":6642,"href":"https:\/\/sateenkaarihistoria.fi\/sv\/wp-json\/wp\/v2\/pages\/1478\/revisions\/6642"}],"up":[{"embeddable":true,"href":"https:\/\/sateenkaarihistoria.fi\/sv\/wp-json\/wp\/v2\/pages\/8500"}],"wp:featuredmedia":[{"embeddable":true,"href":"https:\/\/sateenkaarihistoria.fi\/sv\/wp-json\/wp\/v2\/media\/6289"}],"wp:attachment":[{"href":"https:\/\/sateenkaarihistoria.fi\/sv\/wp-json\/wp\/v2\/media?parent=1478"}],"wp:term":[{"taxonomy":"author","embeddable":true,"href":"https:\/\/sateenkaarihistoria.fi\/sv\/wp-json\/wp\/v2\/ppma_author?post=1478"}],"curies":[{"name":"wp","href":"https:\/\/api.w.org\/{rel}","templated":true}]}}