{"id":1458,"date":"2020-06-12T04:20:19","date_gmt":"2020-06-12T01:20:19","guid":{"rendered":"https:\/\/sateenkaarihistoria.fi\/wordpress\/?page_id=1458"},"modified":"2024-02-09T18:50:42","modified_gmt":"2024-02-09T16:50:42","slug":"kontaktuppgifter","status":"publish","type":"page","link":"https:\/\/sateenkaarihistoria.fi\/sv\/queerhistoriens-vanner\/kontaktuppgifter\/","title":{"rendered":"Kontaktuppgifter"},"content":{"rendered":"\n<p><strong>F\u00f6r allm\u00e4nna fr\u00e5gor kan du kontakta oss via e-post p\u00e5 <a href=\"mailto:info@sateenkaarihistoria.fi\">info@sateenkaarihistoria.fi<\/a><\/strong><\/p>\n\n\n\n<p><strong>F\u00f6r information om redaktionen f\u00f6r webbtidningen, se <a href=\"https:\/\/sateenkaarihistoria.fi\/sv\/webbtidning\/om-webbtidningen\/\">sidan om webbtidningen<\/a>.<\/strong><\/p>\n\n\n\n<p><\/p>\n\n\n\n<div class=\"wp-block-columns is-layout-flex wp-container-core-columns-is-layout-1 wp-block-columns-is-layout-flex\">\n<div class=\"wp-block-column korostuslaatikko is-layout-flow wp-block-column-is-layout-flow\">\n<p><strong>Queerhistoriens v\u00e4nner<\/strong><br>c\/o Seta ry<br>Pasilanraitio 5<br>00240 Helsingfors<br>info@sateenkaarihistoria.fi<br>FO-nummer : 3137523-5<br>F\u00f6reningens registreringstid: 8.10.2020<br>EU-kommissionens PIC: 878898474<\/p>\n\n\n\n<p><\/p>\n\n\n\n<p><strong>Facebook:<\/strong><br><a href=\"https:\/\/facebook.com\/sateenkaarihistoria\">Sateenkaarihistoria<\/a><br><strong>Instagram:<\/strong><br><a href=\"https:\/\/instagram.com\/sateenkaarihistoria\">@sateenkaarihistoria<\/a><\/p>\n\n\n\n<p><\/p>\n\n\n\n<p><strong>Sekret\u00e4r<\/strong><br>Kaura Raudaskoski<br><a href=\"mailto:sihteeri@sateenkaarihistoria.fi\">sihteeri@sateenkaarihistoria.fi<\/a><br>+358 45 783 17571<br>(Pronomen: hen \/ they)<\/p>\n<\/div>\n<\/div>\n\n\n\n<div style=\"height:44px\" aria-hidden=\"true\" class=\"wp-block-spacer\"><\/div>\n\n\n\n<h2 class=\"wp-block-heading\">Styrelsen f\u00f6r Queerhistoriens V\u00e4nner 2023-2024<\/h2>\n\n\n\n<p><strong>Ordf\u00f6rande<\/strong><br>Tuula Juvonen<br>puheenjohtaja@sateenkaarihistoria.fi<\/p>\n\n\n\n<p><strong>Vice ordf\u00f6rande<\/strong><br>Antti Kauppinen<\/p>\n\n\n\n<p><strong>Skattm\u00e4stare<\/strong><br>Rose-Marie Peake<\/p>\n\n\n\n<p><strong>Styrelseledamot<\/strong><br>Eva Isaksson<\/p>\n\n\n\n<p><strong>Styrelseledamot<\/strong><br>Niklas Koskinen<\/p>\n\n\n\n<p><strong>Styrelseledamot<\/strong><br>Jean Lukkarinen<\/p>\n\n\n\n<p><strong>Styrelseledamot<\/strong><br>Ulla Rohunen<\/p>\n\n\n\n<p><strong>Styrelseledamot<\/strong><br>Ruka Toivonen<\/p>\n\n\n\n<p><strong>Suppleant i styrelsen<\/strong><br>Wisam Elfadl<\/p>\n\n\n\n<p><strong>Suppleant i styrelsen<\/strong><br>Sandra Hagman<\/p>\n\n\n\n<p><strong>Suppleant i styrelsen<\/strong><br>Elina M\u00e4kinen<\/p>\n\n\n\n<p><strong>Suppleant i styrelsen<\/strong><br>Iris Olavinen<\/p>\n\n\n\n<p><strong>Suppleant i styrelsen<\/strong><br>Rita Paqval\u00e9n<\/p>\n\n\n\n<p><strong>Suppleant i styrelsen<\/strong><br>Kari Silvola<br><\/p>\n\n\n\n<p><strong>Styrelsens sekreterare<\/strong><br>Kaura Raudaskoski<br>sihteeri@sateenkaarihistoria.fi<\/p>\n\n\n\n<p><\/p>\n\n\n\n<h2 class=\"wp-block-heading\">Faktureringsadress<\/h2>\n\n\n\n<p>Faktureringsadressen f\u00f6r Queerhistoriens v\u00e4nner har \u00e4ndrats den 20.4.2023. Du hittar v\u00e5r nya faktureringsadress nedan.<\/p>\n\n\n\n<p>I princip beg\u00e4r vi fakturor <strong>som e-fakturor<\/strong>.<br>F\u00f6r fakturor som skickas via e-post m\u00e5ste fakturan och dess bilagor skickas <strong>som en enda PDF-bilaga<\/strong>.<br>Observera att <strong>endast fakturor<\/strong> kan skickas till postboxadressen.<\/p>\n\n\n\n<h3 class=\"wp-block-heading\"><strong>E-fakturor<\/strong><\/h3>\n\n\n\n<p>E-faktureringsadress 003731375235<br>Operat\u00f6r OpenText, id 003708599126<\/p>\n\n\n\n<h3 class=\"wp-block-heading\">Fakturering via e-post<\/h3>\n\n\n\n<p><a href=\"mailto:fennoa.500973@erin.posti.com\" target=\"_blank\" rel=\"noreferrer noopener\">fennoa.500973@erin.posti.com<\/a><br>(F\u00f6r fakturor som skickas via e-post m\u00e5ste fakturan och dess bilagor skickas som en enda PDF-bilaga).<\/p>\n\n\n\n<h3 class=\"wp-block-heading\"><strong>Fakturering per post<\/strong><\/h3>\n\n\n\n<p>Sateenkaarihistorian yst\u00e4v\u00e4t ry<br>PL 67239<br>01051 LASKUT<\/p>\n","protected":false},"excerpt":{"rendered":"<p>F\u00f6r allm\u00e4nna fr\u00e5gor kan du kontakta oss via e-post p\u00e5 info@sateenkaarihistoria.fi F\u00f6r information om redaktionen f\u00f6r webbtidningen, se sidan om webbtidningen. Queerhistoriens v\u00e4nnerc\/o Seta ryPasilanraitio 500240 Helsingforsinfo@sateenkaarihistoria.fiFO-nummer : 3137523-5F\u00f6reningens registreringstid:&hellip;&nbsp;<a href=\"https:\/\/sateenkaarihistoria.fi\/sv\/queerhistoriens-vanner\/kontaktuppgifter\/\" rel=\"bookmark\">L\u00e4s mer &raquo;<span class=\"screen-reader-text\">Kontaktuppgifter<\/span><\/a><\/p>\n","protected":false},"author":1,"featured_media":0,"parent":1450,"menu_order":0,"comment_status":"closed","ping_status":"closed","template":"","meta":{"_kad_blocks_custom_css":"","_kad_blocks_head_custom_js":"","_kad_blocks_body_custom_js":"","_kad_blocks_footer_custom_js":"","neve_meta_sidebar":"","neve_meta_container":"","neve_meta_enable_content_width":"off","neve_meta_content_width":100,"neve_meta_title_alignment":"","neve_meta_author_avatar":"","neve_post_elements_order":"","neve_meta_disable_header":"","neve_meta_disable_footer":"","neve_meta_disable_title":"","footnotes":""},"ppma_author":[434],"class_list":["post-1458","page","type-page","status-publish","hentry"],"yoast_head":"<!-- This site is optimized with the Yoast SEO plugin v26.7 - https:\/\/yoast.com\/wordpress\/plugins\/seo\/ -->\n<title>Kontaktuppgifter - Sateenkaari\u00adhistorian yst\u00e4v\u00e4t<\/title>\n<meta name=\"robots\" content=\"index, follow, max-snippet:-1, max-image-preview:large, max-video-preview:-1\" \/>\n<link rel=\"canonical\" href=\"https:\/\/sateenkaarihistoria.fi\/sv\/queerhistoriens-vanner\/kontaktuppgifter\/\" \/>\n<meta property=\"og:locale\" content=\"sv_SE\" \/>\n<meta property=\"og:type\" content=\"article\" \/>\n<meta property=\"og:title\" content=\"Kontaktuppgifter - Sateenkaari\u00adhistorian yst\u00e4v\u00e4t\" \/>\n<meta property=\"og:description\" content=\"F\u00f6r allm\u00e4nna fr\u00e5gor kan du kontakta oss via e-post p\u00e5 info@sateenkaarihistoria.fi F\u00f6r information om redaktionen f\u00f6r webbtidningen, se sidan om webbtidningen. Queerhistoriens v\u00e4nnerc\/o Seta ryPasilanraitio 500240 Helsingforsinfo@sateenkaarihistoria.fiFO-nummer : 3137523-5F\u00f6reningens registreringstid:&hellip;&nbsp;L\u00e4s mer &raquo;Kontaktuppgifter\" \/>\n<meta property=\"og:url\" content=\"https:\/\/sateenkaarihistoria.fi\/sv\/queerhistoriens-vanner\/kontaktuppgifter\/\" \/>\n<meta property=\"og:site_name\" content=\"Sateenkaari\u00adhistorian yst\u00e4v\u00e4t\" \/>\n<meta property=\"article:publisher\" content=\"https:\/\/www.facebook.com\/sateenkaarihistoria\" \/>\n<meta property=\"article:modified_time\" content=\"2024-02-09T16:50:42+00:00\" \/>\n<meta name=\"twitter:card\" content=\"summary_large_image\" \/>\n<meta name=\"twitter:label1\" content=\"Ber\u00e4knad l\u00e4stid\" \/>\n\t<meta name=\"twitter:data1\" content=\"2 minuter\" \/>\n<script type=\"application\/ld+json\" class=\"yoast-schema-graph\">{\"@context\":\"https:\/\/schema.org\",\"@graph\":[{\"@type\":\"WebPage\",\"@id\":\"https:\/\/sateenkaarihistoria.fi\/sv\/queerhistoriens-vanner\/kontaktuppgifter\/\",\"url\":\"https:\/\/sateenkaarihistoria.fi\/sv\/queerhistoriens-vanner\/kontaktuppgifter\/\",\"name\":\"Kontaktuppgifter - Sateenkaari\u00adhistorian yst\u00e4v\u00e4t\",\"isPartOf\":{\"@id\":\"https:\/\/sateenkaarihistoria.fi\/#website\"},\"datePublished\":\"2020-06-12T01:20:19+00:00\",\"dateModified\":\"2024-02-09T16:50:42+00:00\",\"breadcrumb\":{\"@id\":\"https:\/\/sateenkaarihistoria.fi\/sv\/queerhistoriens-vanner\/kontaktuppgifter\/#breadcrumb\"},\"inLanguage\":\"sv-SE\",\"potentialAction\":[{\"@type\":\"ReadAction\",\"target\":[\"https:\/\/sateenkaarihistoria.fi\/sv\/queerhistoriens-vanner\/kontaktuppgifter\/\"]}]},{\"@type\":\"BreadcrumbList\",\"@id\":\"https:\/\/sateenkaarihistoria.fi\/sv\/queerhistoriens-vanner\/kontaktuppgifter\/#breadcrumb\",\"itemListElement\":[{\"@type\":\"ListItem\",\"position\":1,\"name\":\"Etusivu\",\"item\":\"https:\/\/sateenkaarihistoria.fi\/sv\/\"},{\"@type\":\"ListItem\",\"position\":2,\"name\":\"Queerhistoriens v\u00e4nner\",\"item\":\"https:\/\/sateenkaarihistoria.fi\/sv\/queerhistoriens-vanner\/\"},{\"@type\":\"ListItem\",\"position\":3,\"name\":\"Kontaktuppgifter\"}]},{\"@type\":\"WebSite\",\"@id\":\"https:\/\/sateenkaarihistoria.fi\/#website\",\"url\":\"https:\/\/sateenkaarihistoria.fi\/\",\"name\":\"Sateenkaari\u00adhistorian yst\u00e4v\u00e4t\",\"description\":\"Suomalaisen sateenkaarihistorian verkkopalvelu, joka kokoaa yhteen l\u00e4hteit\u00e4, aineistoja ja tietoa queer-historiasta, transhistoriasta, sukupuoliv\u00e4hemmist\u00f6jen ja seksuaaliv\u00e4hemmist\u00f6jen historiasta sek\u00e4 niiden tutkimuksesta.\",\"publisher\":{\"@id\":\"https:\/\/sateenkaarihistoria.fi\/#organization\"},\"potentialAction\":[{\"@type\":\"SearchAction\",\"target\":{\"@type\":\"EntryPoint\",\"urlTemplate\":\"https:\/\/sateenkaarihistoria.fi\/?s={search_term_string}\"},\"query-input\":{\"@type\":\"PropertyValueSpecification\",\"valueRequired\":true,\"valueName\":\"search_term_string\"}}],\"inLanguage\":\"sv-SE\"},{\"@type\":\"Organization\",\"@id\":\"https:\/\/sateenkaarihistoria.fi\/#organization\",\"name\":\"Sateenkaarihistorian yst\u00e4v\u00e4t\",\"url\":\"https:\/\/sateenkaarihistoria.fi\/\",\"logo\":{\"@type\":\"ImageObject\",\"inLanguage\":\"sv-SE\",\"@id\":\"https:\/\/sateenkaarihistoria.fi\/#\/schema\/logo\/image\/\",\"url\":\"https:\/\/i0.wp.com\/sateenkaarihistoria.fi\/wp-content\/uploads\/2021\/12\/SHY-logo_250x169.jpg?fit=250%2C169&ssl=1\",\"contentUrl\":\"https:\/\/i0.wp.com\/sateenkaarihistoria.fi\/wp-content\/uploads\/2021\/12\/SHY-logo_250x169.jpg?fit=250%2C169&ssl=1\",\"width\":250,\"height\":169,\"caption\":\"Sateenkaarihistorian yst\u00e4v\u00e4t\"},\"image\":{\"@id\":\"https:\/\/sateenkaarihistoria.fi\/#\/schema\/logo\/image\/\"},\"sameAs\":[\"https:\/\/www.facebook.com\/sateenkaarihistoria\",\"https:\/\/instagram.com\/sateenkaarihistoria\"]}]}<\/script>\n<!-- \/ Yoast SEO plugin. -->","yoast_head_json":{"title":"Kontaktuppgifter - Sateenkaari\u00adhistorian yst\u00e4v\u00e4t","robots":{"index":"index","follow":"follow","max-snippet":"max-snippet:-1","max-image-preview":"max-image-preview:large","max-video-preview":"max-video-preview:-1"},"canonical":"https:\/\/sateenkaarihistoria.fi\/sv\/queerhistoriens-vanner\/kontaktuppgifter\/","og_locale":"sv_SE","og_type":"article","og_title":"Kontaktuppgifter - Sateenkaari\u00adhistorian yst\u00e4v\u00e4t","og_description":"F\u00f6r allm\u00e4nna fr\u00e5gor kan du kontakta oss via e-post p\u00e5 info@sateenkaarihistoria.fi F\u00f6r information om redaktionen f\u00f6r webbtidningen, se sidan om webbtidningen. Queerhistoriens v\u00e4nnerc\/o Seta ryPasilanraitio 500240 Helsingforsinfo@sateenkaarihistoria.fiFO-nummer : 3137523-5F\u00f6reningens registreringstid:&hellip;&nbsp;L\u00e4s mer &raquo;Kontaktuppgifter","og_url":"https:\/\/sateenkaarihistoria.fi\/sv\/queerhistoriens-vanner\/kontaktuppgifter\/","og_site_name":"Sateenkaari\u00adhistorian yst\u00e4v\u00e4t","article_publisher":"https:\/\/www.facebook.com\/sateenkaarihistoria","article_modified_time":"2024-02-09T16:50:42+00:00","twitter_card":"summary_large_image","twitter_misc":{"Ber\u00e4knad l\u00e4stid":"2 minuter"},"schema":{"@context":"https:\/\/schema.org","@graph":[{"@type":"WebPage","@id":"https:\/\/sateenkaarihistoria.fi\/sv\/queerhistoriens-vanner\/kontaktuppgifter\/","url":"https:\/\/sateenkaarihistoria.fi\/sv\/queerhistoriens-vanner\/kontaktuppgifter\/","name":"Kontaktuppgifter - Sateenkaari\u00adhistorian yst\u00e4v\u00e4t","isPartOf":{"@id":"https:\/\/sateenkaarihistoria.fi\/#website"},"datePublished":"2020-06-12T01:20:19+00:00","dateModified":"2024-02-09T16:50:42+00:00","breadcrumb":{"@id":"https:\/\/sateenkaarihistoria.fi\/sv\/queerhistoriens-vanner\/kontaktuppgifter\/#breadcrumb"},"inLanguage":"sv-SE","potentialAction":[{"@type":"ReadAction","target":["https:\/\/sateenkaarihistoria.fi\/sv\/queerhistoriens-vanner\/kontaktuppgifter\/"]}]},{"@type":"BreadcrumbList","@id":"https:\/\/sateenkaarihistoria.fi\/sv\/queerhistoriens-vanner\/kontaktuppgifter\/#breadcrumb","itemListElement":[{"@type":"ListItem","position":1,"name":"Etusivu","item":"https:\/\/sateenkaarihistoria.fi\/sv\/"},{"@type":"ListItem","position":2,"name":"Queerhistoriens v\u00e4nner","item":"https:\/\/sateenkaarihistoria.fi\/sv\/queerhistoriens-vanner\/"},{"@type":"ListItem","position":3,"name":"Kontaktuppgifter"}]},{"@type":"WebSite","@id":"https:\/\/sateenkaarihistoria.fi\/#website","url":"https:\/\/sateenkaarihistoria.fi\/","name":"Sateenkaari\u00adhistorian yst\u00e4v\u00e4t","description":"Suomalaisen sateenkaarihistorian verkkopalvelu, joka kokoaa yhteen l\u00e4hteit\u00e4, aineistoja ja tietoa queer-historiasta, transhistoriasta, sukupuoliv\u00e4hemmist\u00f6jen ja seksuaaliv\u00e4hemmist\u00f6jen historiasta sek\u00e4 niiden tutkimuksesta.","publisher":{"@id":"https:\/\/sateenkaarihistoria.fi\/#organization"},"potentialAction":[{"@type":"SearchAction","target":{"@type":"EntryPoint","urlTemplate":"https:\/\/sateenkaarihistoria.fi\/?s={search_term_string}"},"query-input":{"@type":"PropertyValueSpecification","valueRequired":true,"valueName":"search_term_string"}}],"inLanguage":"sv-SE"},{"@type":"Organization","@id":"https:\/\/sateenkaarihistoria.fi\/#organization","name":"Sateenkaarihistorian yst\u00e4v\u00e4t","url":"https:\/\/sateenkaarihistoria.fi\/","logo":{"@type":"ImageObject","inLanguage":"sv-SE","@id":"https:\/\/sateenkaarihistoria.fi\/#\/schema\/logo\/image\/","url":"https:\/\/i0.wp.com\/sateenkaarihistoria.fi\/wp-content\/uploads\/2021\/12\/SHY-logo_250x169.jpg?fit=250%2C169&ssl=1","contentUrl":"https:\/\/i0.wp.com\/sateenkaarihistoria.fi\/wp-content\/uploads\/2021\/12\/SHY-logo_250x169.jpg?fit=250%2C169&ssl=1","width":250,"height":169,"caption":"Sateenkaarihistorian yst\u00e4v\u00e4t"},"image":{"@id":"https:\/\/sateenkaarihistoria.fi\/#\/schema\/logo\/image\/"},"sameAs":["https:\/\/www.facebook.com\/sateenkaarihistoria","https:\/\/instagram.com\/sateenkaarihistoria"]}]}},"taxonomy_info":[],"featured_image_src_large":false,"author_info":{"display_name":"admin","author_link":"https:\/\/sateenkaarihistoria.fi\/sv\/author\/admin\/"},"comment_info":0,"_links":{"self":[{"href":"https:\/\/sateenkaarihistoria.fi\/sv\/wp-json\/wp\/v2\/pages\/1458","targetHints":{"allow":["GET"]}}],"collection":[{"href":"https:\/\/sateenkaarihistoria.fi\/sv\/wp-json\/wp\/v2\/pages"}],"about":[{"href":"https:\/\/sateenkaarihistoria.fi\/sv\/wp-json\/wp\/v2\/types\/page"}],"author":[{"embeddable":true,"href":"https:\/\/sateenkaarihistoria.fi\/sv\/wp-json\/wp\/v2\/users\/1"}],"replies":[{"embeddable":true,"href":"https:\/\/sateenkaarihistoria.fi\/sv\/wp-json\/wp\/v2\/comments?post=1458"}],"version-history":[{"count":9,"href":"https:\/\/sateenkaarihistoria.fi\/sv\/wp-json\/wp\/v2\/pages\/1458\/revisions"}],"predecessor-version":[{"id":11621,"href":"https:\/\/sateenkaarihistoria.fi\/sv\/wp-json\/wp\/v2\/pages\/1458\/revisions\/11621"}],"up":[{"embeddable":true,"href":"https:\/\/sateenkaarihistoria.fi\/sv\/wp-json\/wp\/v2\/pages\/1450"}],"wp:attachment":[{"href":"https:\/\/sateenkaarihistoria.fi\/sv\/wp-json\/wp\/v2\/media?parent=1458"}],"wp:term":[{"taxonomy":"author","embeddable":true,"href":"https:\/\/sateenkaarihistoria.fi\/sv\/wp-json\/wp\/v2\/ppma_author?post=1458"}],"curies":[{"name":"wp","href":"https:\/\/api.w.org\/{rel}","templated":true}]}}