{"id":1450,"date":"2020-06-12T03:31:36","date_gmt":"2020-06-12T00:31:36","guid":{"rendered":"https:\/\/sateenkaarihistoria.fi\/wordpress\/?page_id=1450"},"modified":"2023-04-14T22:40:07","modified_gmt":"2023-04-14T19:40:07","slug":"queerhistoriens-vanner","status":"publish","type":"page","link":"https:\/\/sateenkaarihistoria.fi\/sv\/queerhistoriens-vanner\/","title":{"rendered":"Queerhistoriens v\u00e4nner"},"content":{"rendered":"\n<div class=\"wp-block-buttons is-layout-flex wp-block-buttons-is-layout-flex\">\n<div class=\"wp-block-button is-style-primary\"><a class=\"wp-block-button__link\" href=\"https:\/\/sateenkaarihistoria.fi\/sv\/queerhistoriens-vanner\/bli-medlem\/\">Bli medlem<\/a><\/div>\n\n\n\n<div class=\"wp-block-button is-style-primary\"><a class=\"wp-block-button__link\" href=\"https:\/\/sateenkaarihistoria.fi\/sateenkaarihistorian-ystavat\/lahjoita\/\">Donera<\/a><\/div>\n\n\n\n<div class=\"wp-block-button is-style-primary\"><a class=\"wp-block-button__link\" href=\"https:\/\/sateenkaarihistoria.fi\/sateenkaarihistorian-ystavat\/vuosikertomukset\/\">\u00c5rsber\u00e4ttelser<\/a><\/div>\n\n\n\n<div class=\"wp-block-button is-style-primary\"><a class=\"wp-block-button__link\" href=\"https:\/\/sateenkaarihistoria.fi\/sv\/queerhistoriens-vanner\/foreningens-stadgar\/\">F\u00f6reningens regler<\/a><\/div>\n\n\n\n<div class=\"wp-block-button is-style-primary\"><a class=\"wp-block-button__link\" href=\"https:\/\/sateenkaarihistoria.fi\/sv\/queerhistoriens-vanner\/kontaktuppgifter\/\">Kontaktuppgifter<\/a><\/div>\n\n\n\n<div class=\"wp-block-button is-style-primary\"><a class=\"wp-block-button__link\" href=\"https:\/\/sateenkaarihistoria.fi\/sv\/queerhistoriens-vanner\/forskarelistan\/\">Forskarlista<\/a><\/div>\n\n\n\n<div class=\"wp-block-button is-style-primary\"><a class=\"wp-block-button__link\" href=\"https:\/\/sateenkaarihistoria.fi\/sateenkaarihistorian-ystavat\/turvallisemman-tilan-periaatteet\/\">Principer f\u00f6r en tryggare milj\u00f6<\/a><\/div>\n\n\n\n<div class=\"wp-block-button is-style-primary\"><a class=\"wp-block-button__link\" href=\"https:\/\/sateenkaarihistoria.fi\/sateenkaarihistorian-ystavat\/verkkopalvelusta\/\">Sidadministrat\u00f6r<\/a><\/div>\n<\/div>\n\n<div style=\"height:40px\" aria-hidden=\"true\" class=\"wp-block-spacer\"><\/div>\n\n<h2 class=\"wp-block-heading\">Presentation av f\u00f6reningen<\/h2>\n\n<p>F\u00f6reningen Queerhistoriens v\u00e4nner rf, p\u00e5 finska Sateenkaarihistorian yst\u00e4v\u00e4t ry, grundades 2020 i syfte att \u00f6ka k\u00e4nnedomen om k\u00f6nsm\u00e5ngfaldens och den sexuella m\u00e5ngfaldens historia. F\u00f6reningen vill dessutom fr\u00e4mja dokumentation och synligg\u00f6rande av denna historia, liksom queerhistorisk forskning. <\/p>\n\n<p>Vi medlemmar st\u00f6der, fr\u00e4mjar och ut\u00f6var queerhistorisk forskning genom att i v\u00e5ra egna sammanhang f\u00f6rverkliga projekt relaterade till queerhistoria samt genom att publicera queerhistoriska unders\u00f6kningar och andra relaterade texter. Vid tillf\u00e4lle l\u00e4r vi dessutom ut queerhistoria.<\/p>\n\n<p>F\u00f6reningen uppr\u00e4tth\u00e5ller plattformen sateenkaarihistoria.fi, som \u00e4r riktad s\u00e5v\u00e4l till allm\u00e4nheten som till intresserade m\u00e5lgrupper. Vi ordnar \u00e4ven diskussionstillf\u00e4llen, seminarier och andra evenemang relaterade till queerhistoria. Vi informerar om dessa p\u00e5 v\u00e5r n\u00e4tsida, p\u00e5 Facebook och p\u00e5 Instagram.<\/p>\n\n<p>Dessutom uppr\u00e4tth\u00e5ller vi kontakten med olika akt\u00f6rer f\u00f6r att fr\u00e4mja forskning, dokumentation och synligg\u00f6rande. Samarbetet med minnesinstitutionerna \u00e4r s\u00e4rskilt viktigt f\u00f6r att uppn\u00e5 detta syfte. <\/p>\n\n<p>I det f\u00f6rsta verksamhets\u00e5rets verksamhetsplan st\u00e4lldes f\u00f6ljande konkreta m\u00e5l upp:<\/p>\n\n<ol class=\"wp-block-list\"><li>konstruktion av plattformen <em>Sateenkaarihistoria.fi<\/em> inf\u00f6r den queerhistoriska m\u00e5naden, <\/li><li>koordinering av den queerhistoriska temam\u00e5naden i samarbete med arbetarmuseet Werstas, och <\/li><li>inledande av planeringen inf\u00f6r m\u00e4rkes\u00e5ret 2021. \u00c5r 2021 \u00e4r det 50 \u00e5r sedan homosexuella handlingar blev lagliga i Finland. M\u00e4rkes\u00e5ret 2021 kommer s\u00e4kert att medf\u00f6ra s\u00e4rskilt mycket aktivitet inom f\u00f6reningen.<\/li><\/ol>\n\n<p>Om du upplever att f\u00f6reningens m\u00e5ls\u00e4ttningar ligger dig n\u00e4ra och du vill st\u00f6da verksamheten f\u00e5r du g\u00e4rna bli medlem! Vi ordnar n\u00e5gra (distans)tr\u00e4ffar f\u00f6r v\u00e5ra medlemmar \u00e5rligen, d\u00e4r vi tillsammans planerar kommande verksamhet och ber\u00e4ttar om v\u00e5ra senaste initiativ. <\/p>\n\n<p>V\u00e5r f\u00f6rsta tr\u00e4ff h\u00f6lls p\u00e5 Zoom 1.11.2020 d\u00e5 vi uppm\u00e4rksammade lanseringen av n\u00e4tsidorna och den queerhistoriska temam\u00e5naden.<\/p>\n\n<p>Lyssna p\u00e5 Radio Moreenis program om Queerhistoriens v\u00e4nner:<\/p>\n\n<div class=\"wp-block-buttons is-layout-flex wp-block-buttons-is-layout-flex\">\n<div class=\"wp-block-button is-style-primary\"><a class=\"wp-block-button__link\" href=\"https:\/\/soundcloud.com\/radio_moreeni\/sateenkaarihistorian-ystavat-ry-aloitti-toimintansa-tana-syksyna-verstas-13112020\">Lyssna h\u00e4r<\/a><\/div>\n<\/div>\n\n<p><\/p>\n","protected":false},"excerpt":{"rendered":"<p>Presentation av f\u00f6reningen F\u00f6reningen Queerhistoriens v\u00e4nner rf, p\u00e5 finska Sateenkaarihistorian yst\u00e4v\u00e4t ry, grundades 2020 i syfte att \u00f6ka k\u00e4nnedomen om k\u00f6nsm\u00e5ngfaldens och den sexuella m\u00e5ngfaldens historia. F\u00f6reningen vill dessutom fr\u00e4mja&hellip;&nbsp;<a href=\"https:\/\/sateenkaarihistoria.fi\/sv\/queerhistoriens-vanner\/\" rel=\"bookmark\">L\u00e4s mer &raquo;<span class=\"screen-reader-text\">Queerhistoriens v\u00e4nner<\/span><\/a><\/p>\n","protected":false},"author":1,"featured_media":0,"parent":0,"menu_order":0,"comment_status":"closed","ping_status":"closed","template":"","meta":{"_kad_blocks_custom_css":"","_kad_blocks_head_custom_js":"","_kad_blocks_body_custom_js":"","_kad_blocks_footer_custom_js":"","neve_meta_sidebar":"default","neve_meta_container":"","neve_meta_enable_content_width":"off","neve_meta_content_width":100,"neve_meta_title_alignment":"","neve_meta_author_avatar":"","neve_post_elements_order":"","neve_meta_disable_header":"","neve_meta_disable_footer":"","neve_meta_disable_title":"","footnotes":""},"ppma_author":[434,162],"class_list":["post-1450","page","type-page","status-publish","hentry"],"yoast_head":"<!-- This site is optimized with the Yoast SEO plugin v26.7 - https:\/\/yoast.com\/wordpress\/plugins\/seo\/ -->\n<title>Queerhistoriens v\u00e4nner - Sateenkaari\u00adhistorian yst\u00e4v\u00e4t<\/title>\n<meta name=\"robots\" content=\"index, follow, max-snippet:-1, max-image-preview:large, max-video-preview:-1\" \/>\n<link rel=\"canonical\" href=\"https:\/\/sateenkaarihistoria.fi\/sv\/queerhistoriens-vanner\/\" \/>\n<meta property=\"og:locale\" content=\"sv_SE\" \/>\n<meta property=\"og:type\" content=\"article\" \/>\n<meta property=\"og:title\" content=\"Queerhistoriens v\u00e4nner - Sateenkaari\u00adhistorian yst\u00e4v\u00e4t\" \/>\n<meta property=\"og:description\" content=\"Presentation av f\u00f6reningen F\u00f6reningen Queerhistoriens v\u00e4nner rf, p\u00e5 finska Sateenkaarihistorian yst\u00e4v\u00e4t ry, grundades 2020 i syfte att \u00f6ka k\u00e4nnedomen om k\u00f6nsm\u00e5ngfaldens och den sexuella m\u00e5ngfaldens historia. F\u00f6reningen vill dessutom fr\u00e4mja&hellip;&nbsp;L\u00e4s mer &raquo;Queerhistoriens v\u00e4nner\" \/>\n<meta property=\"og:url\" content=\"https:\/\/sateenkaarihistoria.fi\/sv\/queerhistoriens-vanner\/\" \/>\n<meta property=\"og:site_name\" content=\"Sateenkaari\u00adhistorian yst\u00e4v\u00e4t\" \/>\n<meta property=\"article:publisher\" content=\"https:\/\/www.facebook.com\/sateenkaarihistoria\" \/>\n<meta property=\"article:modified_time\" content=\"2023-04-14T19:40:07+00:00\" \/>\n<meta name=\"twitter:card\" content=\"summary_large_image\" \/>\n<meta name=\"twitter:label1\" content=\"Ber\u00e4knad l\u00e4stid\" \/>\n\t<meta name=\"twitter:data1\" content=\"2 minuter\" \/>\n<script type=\"application\/ld+json\" class=\"yoast-schema-graph\">{\"@context\":\"https:\/\/schema.org\",\"@graph\":[{\"@type\":\"WebPage\",\"@id\":\"https:\/\/sateenkaarihistoria.fi\/sv\/queerhistoriens-vanner\/\",\"url\":\"https:\/\/sateenkaarihistoria.fi\/sv\/queerhistoriens-vanner\/\",\"name\":\"Queerhistoriens v\u00e4nner - Sateenkaari\u00adhistorian yst\u00e4v\u00e4t\",\"isPartOf\":{\"@id\":\"https:\/\/sateenkaarihistoria.fi\/#website\"},\"datePublished\":\"2020-06-12T00:31:36+00:00\",\"dateModified\":\"2023-04-14T19:40:07+00:00\",\"breadcrumb\":{\"@id\":\"https:\/\/sateenkaarihistoria.fi\/sv\/queerhistoriens-vanner\/#breadcrumb\"},\"inLanguage\":\"sv-SE\",\"potentialAction\":[{\"@type\":\"ReadAction\",\"target\":[\"https:\/\/sateenkaarihistoria.fi\/sv\/queerhistoriens-vanner\/\"]}]},{\"@type\":\"BreadcrumbList\",\"@id\":\"https:\/\/sateenkaarihistoria.fi\/sv\/queerhistoriens-vanner\/#breadcrumb\",\"itemListElement\":[{\"@type\":\"ListItem\",\"position\":1,\"name\":\"Etusivu\",\"item\":\"https:\/\/sateenkaarihistoria.fi\/sv\/\"},{\"@type\":\"ListItem\",\"position\":2,\"name\":\"Queerhistoriens v\u00e4nner\"}]},{\"@type\":\"WebSite\",\"@id\":\"https:\/\/sateenkaarihistoria.fi\/#website\",\"url\":\"https:\/\/sateenkaarihistoria.fi\/\",\"name\":\"Sateenkaari\u00adhistorian yst\u00e4v\u00e4t\",\"description\":\"Suomalaisen sateenkaarihistorian verkkopalvelu, joka kokoaa yhteen l\u00e4hteit\u00e4, aineistoja ja tietoa queer-historiasta, transhistoriasta, sukupuoliv\u00e4hemmist\u00f6jen ja seksuaaliv\u00e4hemmist\u00f6jen historiasta sek\u00e4 niiden tutkimuksesta.\",\"publisher\":{\"@id\":\"https:\/\/sateenkaarihistoria.fi\/#organization\"},\"potentialAction\":[{\"@type\":\"SearchAction\",\"target\":{\"@type\":\"EntryPoint\",\"urlTemplate\":\"https:\/\/sateenkaarihistoria.fi\/?s={search_term_string}\"},\"query-input\":{\"@type\":\"PropertyValueSpecification\",\"valueRequired\":true,\"valueName\":\"search_term_string\"}}],\"inLanguage\":\"sv-SE\"},{\"@type\":\"Organization\",\"@id\":\"https:\/\/sateenkaarihistoria.fi\/#organization\",\"name\":\"Sateenkaarihistorian yst\u00e4v\u00e4t\",\"url\":\"https:\/\/sateenkaarihistoria.fi\/\",\"logo\":{\"@type\":\"ImageObject\",\"inLanguage\":\"sv-SE\",\"@id\":\"https:\/\/sateenkaarihistoria.fi\/#\/schema\/logo\/image\/\",\"url\":\"https:\/\/i0.wp.com\/sateenkaarihistoria.fi\/wp-content\/uploads\/2021\/12\/SHY-logo_250x169.jpg?fit=250%2C169&ssl=1\",\"contentUrl\":\"https:\/\/i0.wp.com\/sateenkaarihistoria.fi\/wp-content\/uploads\/2021\/12\/SHY-logo_250x169.jpg?fit=250%2C169&ssl=1\",\"width\":250,\"height\":169,\"caption\":\"Sateenkaarihistorian yst\u00e4v\u00e4t\"},\"image\":{\"@id\":\"https:\/\/sateenkaarihistoria.fi\/#\/schema\/logo\/image\/\"},\"sameAs\":[\"https:\/\/www.facebook.com\/sateenkaarihistoria\",\"https:\/\/instagram.com\/sateenkaarihistoria\"]}]}<\/script>\n<!-- \/ Yoast SEO plugin. -->","yoast_head_json":{"title":"Queerhistoriens v\u00e4nner - Sateenkaari\u00adhistorian yst\u00e4v\u00e4t","robots":{"index":"index","follow":"follow","max-snippet":"max-snippet:-1","max-image-preview":"max-image-preview:large","max-video-preview":"max-video-preview:-1"},"canonical":"https:\/\/sateenkaarihistoria.fi\/sv\/queerhistoriens-vanner\/","og_locale":"sv_SE","og_type":"article","og_title":"Queerhistoriens v\u00e4nner - Sateenkaari\u00adhistorian yst\u00e4v\u00e4t","og_description":"Presentation av f\u00f6reningen F\u00f6reningen Queerhistoriens v\u00e4nner rf, p\u00e5 finska Sateenkaarihistorian yst\u00e4v\u00e4t ry, grundades 2020 i syfte att \u00f6ka k\u00e4nnedomen om k\u00f6nsm\u00e5ngfaldens och den sexuella m\u00e5ngfaldens historia. F\u00f6reningen vill dessutom fr\u00e4mja&hellip;&nbsp;L\u00e4s mer &raquo;Queerhistoriens v\u00e4nner","og_url":"https:\/\/sateenkaarihistoria.fi\/sv\/queerhistoriens-vanner\/","og_site_name":"Sateenkaari\u00adhistorian yst\u00e4v\u00e4t","article_publisher":"https:\/\/www.facebook.com\/sateenkaarihistoria","article_modified_time":"2023-04-14T19:40:07+00:00","twitter_card":"summary_large_image","twitter_misc":{"Ber\u00e4knad l\u00e4stid":"2 minuter"},"schema":{"@context":"https:\/\/schema.org","@graph":[{"@type":"WebPage","@id":"https:\/\/sateenkaarihistoria.fi\/sv\/queerhistoriens-vanner\/","url":"https:\/\/sateenkaarihistoria.fi\/sv\/queerhistoriens-vanner\/","name":"Queerhistoriens v\u00e4nner - Sateenkaari\u00adhistorian yst\u00e4v\u00e4t","isPartOf":{"@id":"https:\/\/sateenkaarihistoria.fi\/#website"},"datePublished":"2020-06-12T00:31:36+00:00","dateModified":"2023-04-14T19:40:07+00:00","breadcrumb":{"@id":"https:\/\/sateenkaarihistoria.fi\/sv\/queerhistoriens-vanner\/#breadcrumb"},"inLanguage":"sv-SE","potentialAction":[{"@type":"ReadAction","target":["https:\/\/sateenkaarihistoria.fi\/sv\/queerhistoriens-vanner\/"]}]},{"@type":"BreadcrumbList","@id":"https:\/\/sateenkaarihistoria.fi\/sv\/queerhistoriens-vanner\/#breadcrumb","itemListElement":[{"@type":"ListItem","position":1,"name":"Etusivu","item":"https:\/\/sateenkaarihistoria.fi\/sv\/"},{"@type":"ListItem","position":2,"name":"Queerhistoriens v\u00e4nner"}]},{"@type":"WebSite","@id":"https:\/\/sateenkaarihistoria.fi\/#website","url":"https:\/\/sateenkaarihistoria.fi\/","name":"Sateenkaari\u00adhistorian yst\u00e4v\u00e4t","description":"Suomalaisen sateenkaarihistorian verkkopalvelu, joka kokoaa yhteen l\u00e4hteit\u00e4, aineistoja ja tietoa queer-historiasta, transhistoriasta, sukupuoliv\u00e4hemmist\u00f6jen ja seksuaaliv\u00e4hemmist\u00f6jen historiasta sek\u00e4 niiden tutkimuksesta.","publisher":{"@id":"https:\/\/sateenkaarihistoria.fi\/#organization"},"potentialAction":[{"@type":"SearchAction","target":{"@type":"EntryPoint","urlTemplate":"https:\/\/sateenkaarihistoria.fi\/?s={search_term_string}"},"query-input":{"@type":"PropertyValueSpecification","valueRequired":true,"valueName":"search_term_string"}}],"inLanguage":"sv-SE"},{"@type":"Organization","@id":"https:\/\/sateenkaarihistoria.fi\/#organization","name":"Sateenkaarihistorian yst\u00e4v\u00e4t","url":"https:\/\/sateenkaarihistoria.fi\/","logo":{"@type":"ImageObject","inLanguage":"sv-SE","@id":"https:\/\/sateenkaarihistoria.fi\/#\/schema\/logo\/image\/","url":"https:\/\/i0.wp.com\/sateenkaarihistoria.fi\/wp-content\/uploads\/2021\/12\/SHY-logo_250x169.jpg?fit=250%2C169&ssl=1","contentUrl":"https:\/\/i0.wp.com\/sateenkaarihistoria.fi\/wp-content\/uploads\/2021\/12\/SHY-logo_250x169.jpg?fit=250%2C169&ssl=1","width":250,"height":169,"caption":"Sateenkaarihistorian yst\u00e4v\u00e4t"},"image":{"@id":"https:\/\/sateenkaarihistoria.fi\/#\/schema\/logo\/image\/"},"sameAs":["https:\/\/www.facebook.com\/sateenkaarihistoria","https:\/\/instagram.com\/sateenkaarihistoria"]}]}},"taxonomy_info":[],"featured_image_src_large":false,"author_info":{"display_name":"admin","author_link":"https:\/\/sateenkaarihistoria.fi\/sv\/author\/admin\/"},"comment_info":0,"_links":{"self":[{"href":"https:\/\/sateenkaarihistoria.fi\/sv\/wp-json\/wp\/v2\/pages\/1450","targetHints":{"allow":["GET"]}}],"collection":[{"href":"https:\/\/sateenkaarihistoria.fi\/sv\/wp-json\/wp\/v2\/pages"}],"about":[{"href":"https:\/\/sateenkaarihistoria.fi\/sv\/wp-json\/wp\/v2\/types\/page"}],"author":[{"embeddable":true,"href":"https:\/\/sateenkaarihistoria.fi\/sv\/wp-json\/wp\/v2\/users\/1"}],"replies":[{"embeddable":true,"href":"https:\/\/sateenkaarihistoria.fi\/sv\/wp-json\/wp\/v2\/comments?post=1450"}],"version-history":[{"count":8,"href":"https:\/\/sateenkaarihistoria.fi\/sv\/wp-json\/wp\/v2\/pages\/1450\/revisions"}],"predecessor-version":[{"id":8467,"href":"https:\/\/sateenkaarihistoria.fi\/sv\/wp-json\/wp\/v2\/pages\/1450\/revisions\/8467"}],"wp:attachment":[{"href":"https:\/\/sateenkaarihistoria.fi\/sv\/wp-json\/wp\/v2\/media?parent=1450"}],"wp:term":[{"taxonomy":"author","embeddable":true,"href":"https:\/\/sateenkaarihistoria.fi\/sv\/wp-json\/wp\/v2\/ppma_author?post=1450"}],"curies":[{"name":"wp","href":"https:\/\/api.w.org\/{rel}","templated":true}]}}