{"id":8211,"date":"2020-09-21T22:16:19","date_gmt":"2020-09-21T19:16:19","guid":{"rendered":"https:\/\/sateenkaarihistoria.fi\/events-page\/queer-history-commemorative-year-2021\/"},"modified":"2023-02-17T00:48:29","modified_gmt":"2023-02-16T22:48:29","slug":"queer-history-commemorative-year-2021","status":"publish","type":"page","link":"https:\/\/sateenkaarihistoria.fi\/en\/events-page\/queer-history-commemorative-year-2021\/","title":{"rendered":"Queer History Commemorative Year 2021"},"content":{"rendered":"\n<div class=\"wp-block-buttons is-layout-flex wp-block-buttons-is-layout-flex\">\n<div class=\"wp-block-button is-style-primary\"><a class=\"wp-block-button__link wp-element-button\" href=\"https:\/\/sateenkaarihistoria.fi\/tapahtumat\/\">Event Calendar<\/a><\/div>\n\n\n\n<div class=\"wp-block-button is-style-primary\"><a class=\"wp-block-button__link wp-element-button\" href=\"https:\/\/sateenkaarihistoria.fi\/en\/events-page\/add-your-event\/\">Add Your Own Event<\/a><\/div>\n\n\n\n<div class=\"wp-block-button is-style-primary\"><a class=\"wp-block-button__link wp-element-button\" href=\"https:\/\/sateenkaarihistoria.fi\/en\/events-page\/queer-history-month-in-finland\/\">Queer History Month<\/a><\/div>\n\n\n\n<div class=\"wp-block-button is-style-primary\"><a class=\"wp-block-button__link wp-element-button\" href=\"https:\/\/sateenkaarihistoria.fi\/en\/events-page\/events-archive\/\">Event Archive<\/a><\/div>\n<\/div>\n\n<div style=\"height:20px\" aria-hidden=\"true\" class=\"wp-block-spacer\"><\/div>\n\n<p>The year 2021 marked 50 years since homosexual acts were decriminalised in the Finnish Penal Code. Although homosexual acts were no longer punishable from 1971, the classification of the disease remained until 1981. The 1971 amendment to the law also set a higher age of consent for homosexual acts and introduced the &#8220;ban of incitement&#8221; to commit legal homosexual acts, which criminalised incitement to commit legal homosexual acts.  These amendments were only abolished from the Criminal Code in 1999.<\/p>\n\n<p>In addition to the 50th anniversary of decriminalisation and the 40th anniversary of declassification, summer 2021 will mark the 10th anniversary of the removal of fetish and transvestism from the disease classification in 2011.<\/p>\n\n<h2 class=\"wp-block-heading\">Events and programme<\/h2>\n\n<p>The Friends of Queer History coordinates the activities of the commemorative year by organising events, school visits and publishing information on the history of gender and sexual minorities in Finland. We also invited other actors to get involved: they were asked to register their own events and publications in the events calendar. You can browse the events announced during the marker year in <a href=\"https:\/\/sateenkaarihistoria.fi\/en\/events-page\/events-archive\/\">the event archive<\/a>.<\/p>\n\n<p>The themes of the year were also highlighted on our social media channels:<\/p>\n\n<p>Facebook: sateenkaarihistoria<br\/>Instagram: @sateenkaarihistoria<\/p>\n\n<h3 class=\"wp-block-heading\">Programme organised by the Friends of Queer History:<\/h3>\n\n<p><strong><a href=\"https:\/\/sateenkaarihistoria.fi\/event\/historian-vaaryydet-1-medikalisaation-haavat\/\">Injustices of History 1: The Wounds of Medicalisation<\/a><\/strong><br\/>June 21, 2021, from 10 am to 4 pm<br\/><a href=\"https:\/\/sateenkaarihistoria.fi\/listaus\/historian-vaaryydet-1-medikalisaation-haavat-tapahtumatellenteet\/\">Watch the event recordings here<\/a> (with sign language interpretation and subtitles in English, Finnish and Swedish).<\/p>\n\n<p><strong><a href=\"https:\/\/sateenkaarihistoria.fi\/event\/historian-vaaryydet-2-kriminalisoinnin-varjot\/\">Injustices of History 2: The Shadows of Criminalisation<\/a><\/strong><br\/>3.11.2021<br\/><a href=\"https:\/\/sateenkaarihistoria.fi\/listaus\/historian-vaaryydet-2-kriminalisoinnin-varjot-tapahtumatallenteet\/\">Watch the event recordings here<\/a> (with sign language interpretation and subtitles in English, Finnish, and Swedish).<\/p>\n\n<p><strong><a href=\"https:\/\/sateenkaarihistoria.fi\/en\/school-visits\/\">Order a researcher to school &#8211; school visit programme<\/a><\/strong><br\/>Autumn semester 2021, Autumn semester 2022<\/p>\n\n<p><strong><a href=\"https:\/\/sateenkaarihistoria.fi\/en\/events-page\/queer-history-month-in-finland\/\">Queer History Month<\/a><\/strong><br\/>1.11. &#8211; 30.11.2021<\/p>\n\n<h2 class=\"wp-block-heading\">Read more about the anniversary in our online magazine:<\/h2>\n\n<p><a href=\"https:\/\/sateenkaarihistoria.fi\/homoseksuaalisuudesta-langetettujen-tuomioiden-taustoja\/\"><strong>Sandra Hagman: Background on homosexuality convictions<\/strong><\/a><\/p>\n\n<p><a href=\"https:\/\/sateenkaarihistoria.fi\/homoseksuaalisen-kanssakaymisen-rikosoikeudellinen-kontrolli-suomessa\/\"><strong>Miikka Vuorela: Criminal control of homosexual activity in Finland<\/strong><\/a><\/p>\n\n<p><strong><a href=\"https:\/\/sateenkaarihistoria.fi\/tahmeasti-paraneva-tautiluokitus\/\">Jukka Lehtonen: The slowly improving disease classification<\/a><\/strong><\/p>\n\n<p><a href=\"https:\/\/sateenkaarihistoria.fi\/olin-1960-luvun-nuori\/\"><strong>Eva Isaksson: My teenage years in the 1960s<\/strong><\/a><\/p>\n\n<p><strong><a href=\"https:\/\/sateenkaarihistoria.fi\/terveydenhoidon-ihmetekoja-kymmenettuhannet-sairaat-tervehtyivat-virastopaatoksella\/\">Anukatariina Saloheimo: Healthcare miracles &#8211; tens of thousands of sick people cured by a policy change!<\/a><\/strong><\/p>\n","protected":false},"excerpt":{"rendered":"<p>The year 2021 marked 50 years since homosexual acts were decriminalised in the Finnish Penal Code. Although homosexual acts were no longer punishable from 1971, the classification of the disease&hellip;&nbsp;<a href=\"https:\/\/sateenkaarihistoria.fi\/en\/events-page\/queer-history-commemorative-year-2021\/\" rel=\"bookmark\">Read More &raquo;<span class=\"screen-reader-text\">Queer History Commemorative Year 2021<\/span><\/a><\/p>\n","protected":false},"author":1,"featured_media":0,"parent":8197,"menu_order":0,"comment_status":"closed","ping_status":"closed","template":"","meta":{"_kad_blocks_custom_css":"","_kad_blocks_head_custom_js":"","_kad_blocks_body_custom_js":"","_kad_blocks_footer_custom_js":"","neve_meta_sidebar":"","neve_meta_container":"","neve_meta_enable_content_width":"off","neve_meta_content_width":100,"neve_meta_title_alignment":"","neve_meta_author_avatar":"","neve_post_elements_order":"","neve_meta_disable_header":"","neve_meta_disable_footer":"","neve_meta_disable_title":"","footnotes":""},"ppma_author":[446,162],"class_list":["post-8211","page","type-page","status-publish","hentry"],"yoast_head":"<!-- This site is optimized with the Yoast SEO plugin v26.7 - https:\/\/yoast.com\/wordpress\/plugins\/seo\/ -->\n<title>Queer History Commemorative Year 2021 - Sateenkaari\u00adhistorian yst\u00e4v\u00e4t<\/title>\n<meta name=\"robots\" content=\"index, follow, max-snippet:-1, max-image-preview:large, max-video-preview:-1\" \/>\n<link rel=\"canonical\" href=\"https:\/\/sateenkaarihistoria.fi\/en\/events-page\/queer-history-commemorative-year-2021\/\" \/>\n<meta property=\"og:locale\" content=\"en_US\" \/>\n<meta property=\"og:type\" content=\"article\" \/>\n<meta property=\"og:title\" content=\"Queer History Commemorative Year 2021 - Sateenkaari\u00adhistorian yst\u00e4v\u00e4t\" \/>\n<meta property=\"og:description\" content=\"The year 2021 marked 50 years since homosexual acts were decriminalised in the Finnish Penal Code. Although homosexual acts were no longer punishable from 1971, the classification of the disease&hellip;&nbsp;Read More &raquo;Queer History Commemorative Year 2021\" \/>\n<meta property=\"og:url\" content=\"https:\/\/sateenkaarihistoria.fi\/en\/events-page\/queer-history-commemorative-year-2021\/\" \/>\n<meta property=\"og:site_name\" content=\"Sateenkaari\u00adhistorian yst\u00e4v\u00e4t\" \/>\n<meta property=\"article:publisher\" content=\"https:\/\/www.facebook.com\/sateenkaarihistoria\" \/>\n<meta property=\"article:modified_time\" content=\"2023-02-16T22:48:29+00:00\" \/>\n<meta name=\"twitter:card\" content=\"summary_large_image\" \/>\n<meta name=\"twitter:label1\" content=\"Est. reading time\" \/>\n\t<meta name=\"twitter:data1\" content=\"2 minutes\" \/>\n<script type=\"application\/ld+json\" class=\"yoast-schema-graph\">{\"@context\":\"https:\/\/schema.org\",\"@graph\":[{\"@type\":\"WebPage\",\"@id\":\"https:\/\/sateenkaarihistoria.fi\/en\/events-page\/queer-history-commemorative-year-2021\/\",\"url\":\"https:\/\/sateenkaarihistoria.fi\/en\/events-page\/queer-history-commemorative-year-2021\/\",\"name\":\"Queer History Commemorative Year 2021 - Sateenkaari\u00adhistorian yst\u00e4v\u00e4t\",\"isPartOf\":{\"@id\":\"https:\/\/sateenkaarihistoria.fi\/#website\"},\"datePublished\":\"2020-09-21T19:16:19+00:00\",\"dateModified\":\"2023-02-16T22:48:29+00:00\",\"breadcrumb\":{\"@id\":\"https:\/\/sateenkaarihistoria.fi\/en\/events-page\/queer-history-commemorative-year-2021\/#breadcrumb\"},\"inLanguage\":\"en-US\",\"potentialAction\":[{\"@type\":\"ReadAction\",\"target\":[\"https:\/\/sateenkaarihistoria.fi\/en\/events-page\/queer-history-commemorative-year-2021\/\"]}]},{\"@type\":\"BreadcrumbList\",\"@id\":\"https:\/\/sateenkaarihistoria.fi\/en\/events-page\/queer-history-commemorative-year-2021\/#breadcrumb\",\"itemListElement\":[{\"@type\":\"ListItem\",\"position\":1,\"name\":\"Etusivu\",\"item\":\"https:\/\/sateenkaarihistoria.fi\/en\/\"},{\"@type\":\"ListItem\",\"position\":2,\"name\":\"Events\",\"item\":\"https:\/\/sateenkaarihistoria.fi\/en\/events-page\/\"},{\"@type\":\"ListItem\",\"position\":3,\"name\":\"Queer History Commemorative Year 2021\"}]},{\"@type\":\"WebSite\",\"@id\":\"https:\/\/sateenkaarihistoria.fi\/#website\",\"url\":\"https:\/\/sateenkaarihistoria.fi\/\",\"name\":\"Sateenkaari\u00adhistorian yst\u00e4v\u00e4t\",\"description\":\"Suomalaisen sateenkaarihistorian verkkopalvelu, joka kokoaa yhteen l\u00e4hteit\u00e4, aineistoja ja tietoa queer-historiasta, transhistoriasta, sukupuoliv\u00e4hemmist\u00f6jen ja seksuaaliv\u00e4hemmist\u00f6jen historiasta sek\u00e4 niiden tutkimuksesta.\",\"publisher\":{\"@id\":\"https:\/\/sateenkaarihistoria.fi\/#organization\"},\"potentialAction\":[{\"@type\":\"SearchAction\",\"target\":{\"@type\":\"EntryPoint\",\"urlTemplate\":\"https:\/\/sateenkaarihistoria.fi\/?s={search_term_string}\"},\"query-input\":{\"@type\":\"PropertyValueSpecification\",\"valueRequired\":true,\"valueName\":\"search_term_string\"}}],\"inLanguage\":\"en-US\"},{\"@type\":\"Organization\",\"@id\":\"https:\/\/sateenkaarihistoria.fi\/#organization\",\"name\":\"Sateenkaarihistorian yst\u00e4v\u00e4t\",\"url\":\"https:\/\/sateenkaarihistoria.fi\/\",\"logo\":{\"@type\":\"ImageObject\",\"inLanguage\":\"en-US\",\"@id\":\"https:\/\/sateenkaarihistoria.fi\/#\/schema\/logo\/image\/\",\"url\":\"https:\/\/i0.wp.com\/sateenkaarihistoria.fi\/wp-content\/uploads\/2021\/12\/SHY-logo_250x169.jpg?fit=250%2C169&ssl=1\",\"contentUrl\":\"https:\/\/i0.wp.com\/sateenkaarihistoria.fi\/wp-content\/uploads\/2021\/12\/SHY-logo_250x169.jpg?fit=250%2C169&ssl=1\",\"width\":250,\"height\":169,\"caption\":\"Sateenkaarihistorian yst\u00e4v\u00e4t\"},\"image\":{\"@id\":\"https:\/\/sateenkaarihistoria.fi\/#\/schema\/logo\/image\/\"},\"sameAs\":[\"https:\/\/www.facebook.com\/sateenkaarihistoria\",\"https:\/\/instagram.com\/sateenkaarihistoria\"]}]}<\/script>\n<!-- \/ Yoast SEO plugin. -->","yoast_head_json":{"title":"Queer History Commemorative Year 2021 - Sateenkaari\u00adhistorian yst\u00e4v\u00e4t","robots":{"index":"index","follow":"follow","max-snippet":"max-snippet:-1","max-image-preview":"max-image-preview:large","max-video-preview":"max-video-preview:-1"},"canonical":"https:\/\/sateenkaarihistoria.fi\/en\/events-page\/queer-history-commemorative-year-2021\/","og_locale":"en_US","og_type":"article","og_title":"Queer History Commemorative Year 2021 - Sateenkaari\u00adhistorian yst\u00e4v\u00e4t","og_description":"The year 2021 marked 50 years since homosexual acts were decriminalised in the Finnish Penal Code. Although homosexual acts were no longer punishable from 1971, the classification of the disease&hellip;&nbsp;Read More &raquo;Queer History Commemorative Year 2021","og_url":"https:\/\/sateenkaarihistoria.fi\/en\/events-page\/queer-history-commemorative-year-2021\/","og_site_name":"Sateenkaari\u00adhistorian yst\u00e4v\u00e4t","article_publisher":"https:\/\/www.facebook.com\/sateenkaarihistoria","article_modified_time":"2023-02-16T22:48:29+00:00","twitter_card":"summary_large_image","twitter_misc":{"Est. reading time":"2 minutes"},"schema":{"@context":"https:\/\/schema.org","@graph":[{"@type":"WebPage","@id":"https:\/\/sateenkaarihistoria.fi\/en\/events-page\/queer-history-commemorative-year-2021\/","url":"https:\/\/sateenkaarihistoria.fi\/en\/events-page\/queer-history-commemorative-year-2021\/","name":"Queer History Commemorative Year 2021 - Sateenkaari\u00adhistorian yst\u00e4v\u00e4t","isPartOf":{"@id":"https:\/\/sateenkaarihistoria.fi\/#website"},"datePublished":"2020-09-21T19:16:19+00:00","dateModified":"2023-02-16T22:48:29+00:00","breadcrumb":{"@id":"https:\/\/sateenkaarihistoria.fi\/en\/events-page\/queer-history-commemorative-year-2021\/#breadcrumb"},"inLanguage":"en-US","potentialAction":[{"@type":"ReadAction","target":["https:\/\/sateenkaarihistoria.fi\/en\/events-page\/queer-history-commemorative-year-2021\/"]}]},{"@type":"BreadcrumbList","@id":"https:\/\/sateenkaarihistoria.fi\/en\/events-page\/queer-history-commemorative-year-2021\/#breadcrumb","itemListElement":[{"@type":"ListItem","position":1,"name":"Etusivu","item":"https:\/\/sateenkaarihistoria.fi\/en\/"},{"@type":"ListItem","position":2,"name":"Events","item":"https:\/\/sateenkaarihistoria.fi\/en\/events-page\/"},{"@type":"ListItem","position":3,"name":"Queer History Commemorative Year 2021"}]},{"@type":"WebSite","@id":"https:\/\/sateenkaarihistoria.fi\/#website","url":"https:\/\/sateenkaarihistoria.fi\/","name":"Sateenkaari\u00adhistorian yst\u00e4v\u00e4t","description":"Suomalaisen sateenkaarihistorian verkkopalvelu, joka kokoaa yhteen l\u00e4hteit\u00e4, aineistoja ja tietoa queer-historiasta, transhistoriasta, sukupuoliv\u00e4hemmist\u00f6jen ja seksuaaliv\u00e4hemmist\u00f6jen historiasta sek\u00e4 niiden tutkimuksesta.","publisher":{"@id":"https:\/\/sateenkaarihistoria.fi\/#organization"},"potentialAction":[{"@type":"SearchAction","target":{"@type":"EntryPoint","urlTemplate":"https:\/\/sateenkaarihistoria.fi\/?s={search_term_string}"},"query-input":{"@type":"PropertyValueSpecification","valueRequired":true,"valueName":"search_term_string"}}],"inLanguage":"en-US"},{"@type":"Organization","@id":"https:\/\/sateenkaarihistoria.fi\/#organization","name":"Sateenkaarihistorian yst\u00e4v\u00e4t","url":"https:\/\/sateenkaarihistoria.fi\/","logo":{"@type":"ImageObject","inLanguage":"en-US","@id":"https:\/\/sateenkaarihistoria.fi\/#\/schema\/logo\/image\/","url":"https:\/\/i0.wp.com\/sateenkaarihistoria.fi\/wp-content\/uploads\/2021\/12\/SHY-logo_250x169.jpg?fit=250%2C169&ssl=1","contentUrl":"https:\/\/i0.wp.com\/sateenkaarihistoria.fi\/wp-content\/uploads\/2021\/12\/SHY-logo_250x169.jpg?fit=250%2C169&ssl=1","width":250,"height":169,"caption":"Sateenkaarihistorian yst\u00e4v\u00e4t"},"image":{"@id":"https:\/\/sateenkaarihistoria.fi\/#\/schema\/logo\/image\/"},"sameAs":["https:\/\/www.facebook.com\/sateenkaarihistoria","https:\/\/instagram.com\/sateenkaarihistoria"]}]}},"taxonomy_info":[],"featured_image_src_large":false,"author_info":{"display_name":"admin","author_link":"https:\/\/sateenkaarihistoria.fi\/en\/author\/admin\/"},"comment_info":0,"_links":{"self":[{"href":"https:\/\/sateenkaarihistoria.fi\/en\/wp-json\/wp\/v2\/pages\/8211","targetHints":{"allow":["GET"]}}],"collection":[{"href":"https:\/\/sateenkaarihistoria.fi\/en\/wp-json\/wp\/v2\/pages"}],"about":[{"href":"https:\/\/sateenkaarihistoria.fi\/en\/wp-json\/wp\/v2\/types\/page"}],"author":[{"embeddable":true,"href":"https:\/\/sateenkaarihistoria.fi\/en\/wp-json\/wp\/v2\/users\/1"}],"replies":[{"embeddable":true,"href":"https:\/\/sateenkaarihistoria.fi\/en\/wp-json\/wp\/v2\/comments?post=8211"}],"version-history":[{"count":2,"href":"https:\/\/sateenkaarihistoria.fi\/en\/wp-json\/wp\/v2\/pages\/8211\/revisions"}],"predecessor-version":[{"id":8213,"href":"https:\/\/sateenkaarihistoria.fi\/en\/wp-json\/wp\/v2\/pages\/8211\/revisions\/8213"}],"up":[{"embeddable":true,"href":"https:\/\/sateenkaarihistoria.fi\/en\/wp-json\/wp\/v2\/pages\/8197"}],"wp:attachment":[{"href":"https:\/\/sateenkaarihistoria.fi\/en\/wp-json\/wp\/v2\/media?parent=8211"}],"wp:term":[{"taxonomy":"author","embeddable":true,"href":"https:\/\/sateenkaarihistoria.fi\/en\/wp-json\/wp\/v2\/ppma_author?post=8211"}],"curies":[{"name":"wp","href":"https:\/\/api.w.org\/{rel}","templated":true}]}}