{"id":8168,"date":"2021-05-15T20:55:04","date_gmt":"2021-05-15T17:55:04","guid":{"rendered":"https:\/\/sateenkaarihistoria.fi\/collections\/estate-arrangements\/"},"modified":"2023-02-16T23:00:31","modified_gmt":"2023-02-16T21:00:31","slug":"estate-arrangements","status":"publish","type":"page","link":"https:\/\/sateenkaarihistoria.fi\/en\/preservation\/estate-arrangements\/","title":{"rendered":"Estate Arrangements"},"content":{"rendered":"\n<p>People often leave behind many items and memories. Sometimes they contain valuable kernels of queer history; perspectives which are too often forgotten.<\/p>\n\n<p>If you know or suspect that there is documentation related to a queer life in the estate of a loved one, things such as photographs, diaries, documents, items, or accessories, <em>make certain they are not disposed of<\/em>. Even materials that may seem trivial can be part of significant social events and valuable historical perspectives.<\/p>\n\n<p>The materials can be easily donated to a museum or archive maintained by professionals. In Finland, there are two places that document queer history:<\/p>\n\n<p><strong><a href=\"https:\/\/www.tyark.fi\/otayhteytta\/\">The Labour Archives<\/a><\/strong> (documents, photographs)<br\/><strong><a href=\"http:\/\/www.werstas.fi\/tule-werstaalle\/ota-yhteytta\/\">The Finnish Labour Museum Werstas<\/a><\/strong> (items, photographs, letters, diaries)<\/p>\n\n<p>A large portion of documentation regarding queer history has sadly been dumped or destroyed, which makes researching queer history much more difficult. Together with the Labour Archives, Friends of Queer History has compiled detailed instructions on <strong><a href=\"https:\/\/sateenkaarihistoria.fi\/en\/collections\/archiving-instructions-for-individuals-how-to-record-your-personal-documentation-for-the-archives\/\">archiving personal records<\/a><\/strong> as well as <a href=\"https:\/\/sateenkaarihistoria.fi\/kokoelmat\/tallennusohjeet-yhteisoille\/\"><strong>archiving instructions for communities<\/strong><\/a>. If there are possibly any materials related to queer life in the estate of a loved one, it is best to get in touch with the Labour Archives or the Finnish Labour Museum Werstas.<\/p>\n\n<p>Materials may also be freely donated during the course of your own life to both the Labour Archives and the Werstas Museum. In terms of preserving documentation, it is ideal when you donate it yourself as it can then be assigned the correct context and information.<\/p>\n","protected":false},"excerpt":{"rendered":"<p>People often leave behind many items and memories. Sometimes they contain valuable kernels of queer history; perspectives which are too often forgotten. If you know or suspect that there is&hellip;&nbsp;<a href=\"https:\/\/sateenkaarihistoria.fi\/en\/preservation\/estate-arrangements\/\" rel=\"bookmark\">Read More &raquo;<span class=\"screen-reader-text\">Estate Arrangements<\/span><\/a><\/p>\n","protected":false},"author":1,"featured_media":0,"parent":7939,"menu_order":0,"comment_status":"closed","ping_status":"closed","template":"","meta":{"_kad_blocks_custom_css":"","_kad_blocks_head_custom_js":"","_kad_blocks_body_custom_js":"","_kad_blocks_footer_custom_js":"","neve_meta_sidebar":"default","neve_meta_container":"","neve_meta_enable_content_width":"off","neve_meta_content_width":100,"neve_meta_title_alignment":"","neve_meta_author_avatar":"","neve_post_elements_order":"","neve_meta_disable_header":"","neve_meta_disable_footer":"","neve_meta_disable_title":"","footnotes":""},"ppma_author":[446,162],"class_list":["post-8168","page","type-page","status-publish","hentry"],"yoast_head":"<!-- This site is optimized with the Yoast SEO plugin v26.7 - https:\/\/yoast.com\/wordpress\/plugins\/seo\/ -->\n<title>Estate Arrangements - Sateenkaari\u00adhistorian yst\u00e4v\u00e4t<\/title>\n<meta name=\"robots\" content=\"index, follow, max-snippet:-1, max-image-preview:large, max-video-preview:-1\" \/>\n<link rel=\"canonical\" href=\"https:\/\/sateenkaarihistoria.fi\/en\/preservation\/estate-arrangements\/\" \/>\n<meta property=\"og:locale\" content=\"en_US\" \/>\n<meta property=\"og:type\" content=\"article\" \/>\n<meta property=\"og:title\" content=\"Estate Arrangements - Sateenkaari\u00adhistorian yst\u00e4v\u00e4t\" \/>\n<meta property=\"og:description\" content=\"People often leave behind many items and memories. Sometimes they contain valuable kernels of queer history; perspectives which are too often forgotten. If you know or suspect that there is&hellip;&nbsp;Read More &raquo;Estate Arrangements\" \/>\n<meta property=\"og:url\" content=\"https:\/\/sateenkaarihistoria.fi\/en\/preservation\/estate-arrangements\/\" \/>\n<meta property=\"og:site_name\" content=\"Sateenkaari\u00adhistorian yst\u00e4v\u00e4t\" \/>\n<meta property=\"article:publisher\" content=\"https:\/\/www.facebook.com\/sateenkaarihistoria\" \/>\n<meta property=\"article:modified_time\" content=\"2023-02-16T21:00:31+00:00\" \/>\n<meta name=\"twitter:card\" content=\"summary_large_image\" \/>\n<meta name=\"twitter:label1\" content=\"Est. reading time\" \/>\n\t<meta name=\"twitter:data1\" content=\"1 minute\" \/>\n<script type=\"application\/ld+json\" class=\"yoast-schema-graph\">{\"@context\":\"https:\/\/schema.org\",\"@graph\":[{\"@type\":\"WebPage\",\"@id\":\"https:\/\/sateenkaarihistoria.fi\/en\/preservation\/estate-arrangements\/\",\"url\":\"https:\/\/sateenkaarihistoria.fi\/en\/preservation\/estate-arrangements\/\",\"name\":\"Estate Arrangements - Sateenkaari\u00adhistorian yst\u00e4v\u00e4t\",\"isPartOf\":{\"@id\":\"https:\/\/sateenkaarihistoria.fi\/#website\"},\"datePublished\":\"2021-05-15T17:55:04+00:00\",\"dateModified\":\"2023-02-16T21:00:31+00:00\",\"breadcrumb\":{\"@id\":\"https:\/\/sateenkaarihistoria.fi\/en\/preservation\/estate-arrangements\/#breadcrumb\"},\"inLanguage\":\"en-US\",\"potentialAction\":[{\"@type\":\"ReadAction\",\"target\":[\"https:\/\/sateenkaarihistoria.fi\/en\/preservation\/estate-arrangements\/\"]}]},{\"@type\":\"BreadcrumbList\",\"@id\":\"https:\/\/sateenkaarihistoria.fi\/en\/preservation\/estate-arrangements\/#breadcrumb\",\"itemListElement\":[{\"@type\":\"ListItem\",\"position\":1,\"name\":\"Etusivu\",\"item\":\"https:\/\/sateenkaarihistoria.fi\/en\/\"},{\"@type\":\"ListItem\",\"position\":2,\"name\":\"Preservation\",\"item\":\"https:\/\/sateenkaarihistoria.fi\/en\/preservation\/\"},{\"@type\":\"ListItem\",\"position\":3,\"name\":\"Estate Arrangements\"}]},{\"@type\":\"WebSite\",\"@id\":\"https:\/\/sateenkaarihistoria.fi\/#website\",\"url\":\"https:\/\/sateenkaarihistoria.fi\/\",\"name\":\"Sateenkaari\u00adhistorian yst\u00e4v\u00e4t\",\"description\":\"Suomalaisen sateenkaarihistorian verkkopalvelu, joka kokoaa yhteen l\u00e4hteit\u00e4, aineistoja ja tietoa queer-historiasta, transhistoriasta, sukupuoliv\u00e4hemmist\u00f6jen ja seksuaaliv\u00e4hemmist\u00f6jen historiasta sek\u00e4 niiden tutkimuksesta.\",\"publisher\":{\"@id\":\"https:\/\/sateenkaarihistoria.fi\/#organization\"},\"potentialAction\":[{\"@type\":\"SearchAction\",\"target\":{\"@type\":\"EntryPoint\",\"urlTemplate\":\"https:\/\/sateenkaarihistoria.fi\/?s={search_term_string}\"},\"query-input\":{\"@type\":\"PropertyValueSpecification\",\"valueRequired\":true,\"valueName\":\"search_term_string\"}}],\"inLanguage\":\"en-US\"},{\"@type\":\"Organization\",\"@id\":\"https:\/\/sateenkaarihistoria.fi\/#organization\",\"name\":\"Sateenkaarihistorian yst\u00e4v\u00e4t\",\"url\":\"https:\/\/sateenkaarihistoria.fi\/\",\"logo\":{\"@type\":\"ImageObject\",\"inLanguage\":\"en-US\",\"@id\":\"https:\/\/sateenkaarihistoria.fi\/#\/schema\/logo\/image\/\",\"url\":\"https:\/\/i0.wp.com\/sateenkaarihistoria.fi\/wp-content\/uploads\/2021\/12\/SHY-logo_250x169.jpg?fit=250%2C169&ssl=1\",\"contentUrl\":\"https:\/\/i0.wp.com\/sateenkaarihistoria.fi\/wp-content\/uploads\/2021\/12\/SHY-logo_250x169.jpg?fit=250%2C169&ssl=1\",\"width\":250,\"height\":169,\"caption\":\"Sateenkaarihistorian yst\u00e4v\u00e4t\"},\"image\":{\"@id\":\"https:\/\/sateenkaarihistoria.fi\/#\/schema\/logo\/image\/\"},\"sameAs\":[\"https:\/\/www.facebook.com\/sateenkaarihistoria\",\"https:\/\/instagram.com\/sateenkaarihistoria\"]}]}<\/script>\n<!-- \/ Yoast SEO plugin. -->","yoast_head_json":{"title":"Estate Arrangements - Sateenkaari\u00adhistorian yst\u00e4v\u00e4t","robots":{"index":"index","follow":"follow","max-snippet":"max-snippet:-1","max-image-preview":"max-image-preview:large","max-video-preview":"max-video-preview:-1"},"canonical":"https:\/\/sateenkaarihistoria.fi\/en\/preservation\/estate-arrangements\/","og_locale":"en_US","og_type":"article","og_title":"Estate Arrangements - Sateenkaari\u00adhistorian yst\u00e4v\u00e4t","og_description":"People often leave behind many items and memories. Sometimes they contain valuable kernels of queer history; perspectives which are too often forgotten. If you know or suspect that there is&hellip;&nbsp;Read More &raquo;Estate Arrangements","og_url":"https:\/\/sateenkaarihistoria.fi\/en\/preservation\/estate-arrangements\/","og_site_name":"Sateenkaari\u00adhistorian yst\u00e4v\u00e4t","article_publisher":"https:\/\/www.facebook.com\/sateenkaarihistoria","article_modified_time":"2023-02-16T21:00:31+00:00","twitter_card":"summary_large_image","twitter_misc":{"Est. reading time":"1 minute"},"schema":{"@context":"https:\/\/schema.org","@graph":[{"@type":"WebPage","@id":"https:\/\/sateenkaarihistoria.fi\/en\/preservation\/estate-arrangements\/","url":"https:\/\/sateenkaarihistoria.fi\/en\/preservation\/estate-arrangements\/","name":"Estate Arrangements - Sateenkaari\u00adhistorian yst\u00e4v\u00e4t","isPartOf":{"@id":"https:\/\/sateenkaarihistoria.fi\/#website"},"datePublished":"2021-05-15T17:55:04+00:00","dateModified":"2023-02-16T21:00:31+00:00","breadcrumb":{"@id":"https:\/\/sateenkaarihistoria.fi\/en\/preservation\/estate-arrangements\/#breadcrumb"},"inLanguage":"en-US","potentialAction":[{"@type":"ReadAction","target":["https:\/\/sateenkaarihistoria.fi\/en\/preservation\/estate-arrangements\/"]}]},{"@type":"BreadcrumbList","@id":"https:\/\/sateenkaarihistoria.fi\/en\/preservation\/estate-arrangements\/#breadcrumb","itemListElement":[{"@type":"ListItem","position":1,"name":"Etusivu","item":"https:\/\/sateenkaarihistoria.fi\/en\/"},{"@type":"ListItem","position":2,"name":"Preservation","item":"https:\/\/sateenkaarihistoria.fi\/en\/preservation\/"},{"@type":"ListItem","position":3,"name":"Estate Arrangements"}]},{"@type":"WebSite","@id":"https:\/\/sateenkaarihistoria.fi\/#website","url":"https:\/\/sateenkaarihistoria.fi\/","name":"Sateenkaari\u00adhistorian yst\u00e4v\u00e4t","description":"Suomalaisen sateenkaarihistorian verkkopalvelu, joka kokoaa yhteen l\u00e4hteit\u00e4, aineistoja ja tietoa queer-historiasta, transhistoriasta, sukupuoliv\u00e4hemmist\u00f6jen ja seksuaaliv\u00e4hemmist\u00f6jen historiasta sek\u00e4 niiden tutkimuksesta.","publisher":{"@id":"https:\/\/sateenkaarihistoria.fi\/#organization"},"potentialAction":[{"@type":"SearchAction","target":{"@type":"EntryPoint","urlTemplate":"https:\/\/sateenkaarihistoria.fi\/?s={search_term_string}"},"query-input":{"@type":"PropertyValueSpecification","valueRequired":true,"valueName":"search_term_string"}}],"inLanguage":"en-US"},{"@type":"Organization","@id":"https:\/\/sateenkaarihistoria.fi\/#organization","name":"Sateenkaarihistorian yst\u00e4v\u00e4t","url":"https:\/\/sateenkaarihistoria.fi\/","logo":{"@type":"ImageObject","inLanguage":"en-US","@id":"https:\/\/sateenkaarihistoria.fi\/#\/schema\/logo\/image\/","url":"https:\/\/i0.wp.com\/sateenkaarihistoria.fi\/wp-content\/uploads\/2021\/12\/SHY-logo_250x169.jpg?fit=250%2C169&ssl=1","contentUrl":"https:\/\/i0.wp.com\/sateenkaarihistoria.fi\/wp-content\/uploads\/2021\/12\/SHY-logo_250x169.jpg?fit=250%2C169&ssl=1","width":250,"height":169,"caption":"Sateenkaarihistorian yst\u00e4v\u00e4t"},"image":{"@id":"https:\/\/sateenkaarihistoria.fi\/#\/schema\/logo\/image\/"},"sameAs":["https:\/\/www.facebook.com\/sateenkaarihistoria","https:\/\/instagram.com\/sateenkaarihistoria"]}]}},"taxonomy_info":[],"featured_image_src_large":false,"author_info":{"display_name":"admin","author_link":"https:\/\/sateenkaarihistoria.fi\/en\/author\/admin\/"},"comment_info":0,"_links":{"self":[{"href":"https:\/\/sateenkaarihistoria.fi\/en\/wp-json\/wp\/v2\/pages\/8168","targetHints":{"allow":["GET"]}}],"collection":[{"href":"https:\/\/sateenkaarihistoria.fi\/en\/wp-json\/wp\/v2\/pages"}],"about":[{"href":"https:\/\/sateenkaarihistoria.fi\/en\/wp-json\/wp\/v2\/types\/page"}],"author":[{"embeddable":true,"href":"https:\/\/sateenkaarihistoria.fi\/en\/wp-json\/wp\/v2\/users\/1"}],"replies":[{"embeddable":true,"href":"https:\/\/sateenkaarihistoria.fi\/en\/wp-json\/wp\/v2\/comments?post=8168"}],"version-history":[{"count":4,"href":"https:\/\/sateenkaarihistoria.fi\/en\/wp-json\/wp\/v2\/pages\/8168\/revisions"}],"predecessor-version":[{"id":8172,"href":"https:\/\/sateenkaarihistoria.fi\/en\/wp-json\/wp\/v2\/pages\/8168\/revisions\/8172"}],"up":[{"embeddable":true,"href":"https:\/\/sateenkaarihistoria.fi\/en\/wp-json\/wp\/v2\/pages\/7939"}],"wp:attachment":[{"href":"https:\/\/sateenkaarihistoria.fi\/en\/wp-json\/wp\/v2\/media?parent=8168"}],"wp:term":[{"taxonomy":"author","embeddable":true,"href":"https:\/\/sateenkaarihistoria.fi\/en\/wp-json\/wp\/v2\/ppma_author?post=8168"}],"curies":[{"name":"wp","href":"https:\/\/api.w.org\/{rel}","templated":true}]}}