{"id":6135,"date":"2021-03-26T18:50:05","date_gmt":"2021-03-26T16:50:05","guid":{"rendered":"https:\/\/sateenkaarihistoria.fi\/school-visit-programme-book-a-researcher\/"},"modified":"2023-02-16T23:36:39","modified_gmt":"2023-02-16T21:36:39","slug":"school-visits","status":"publish","type":"page","link":"https:\/\/sateenkaarihistoria.fi\/en\/school-visits\/","title":{"rendered":"School visit programme: Book a researcher"},"content":{"rendered":"\n<figure class=\"wp-block-image size-full\"><img loading=\"lazy\" decoding=\"async\" width=\"2560\" height=\"1215\" src=\"https:\/\/sateenkaarihistoria.fi\/wp-content\/uploads\/2022\/09\/kouluvierailut_banneri_2022_FI-scaled.jpg\" alt=\"Mustavalkoinen kuva, jossa nelj\u00e4 nuorta tulevat k\u00e4si k\u00e4dess\u00e4 kameraa kohti. P\u00e4\u00e4ll\u00e4 teksti Tilaa tutkija kouluun - kouluvierailut 2022.\" class=\"wp-image-6152\" srcset=\"https:\/\/sateenkaarihistoria.fi\/wp-content\/uploads\/2022\/09\/kouluvierailut_banneri_2022_FI-scaled.jpg 2560w, https:\/\/sateenkaarihistoria.fi\/wp-content\/uploads\/2022\/09\/kouluvierailut_banneri_2022_FI-1000x475.jpg 1000w, https:\/\/sateenkaarihistoria.fi\/wp-content\/uploads\/2022\/09\/kouluvierailut_banneri_2022_FI-150x71.jpg 150w, https:\/\/sateenkaarihistoria.fi\/wp-content\/uploads\/2022\/09\/kouluvierailut_banneri_2022_FI-768x365.jpg 768w, https:\/\/sateenkaarihistoria.fi\/wp-content\/uploads\/2022\/09\/kouluvierailut_banneri_2022_FI-1536x729.jpg 1536w, https:\/\/sateenkaarihistoria.fi\/wp-content\/uploads\/2022\/09\/kouluvierailut_banneri_2022_FI-2048x972.jpg 2048w\" sizes=\"auto, (max-width: 2560px) 100vw, 2560px\" \/><figcaption class=\"wp-element-caption\">Image: The Labour Archives (1976)<\/figcaption><\/figure>\n\n\n\n<p class=\"ticss-2d4f35fa korostuslaatikko\">The school visit program has terminated as the 2-year project came to its end. Thank you for all the participants in 2021 and 2022!<\/p>\n\n\n\n<p id=\"kouluvierailut\"><strong><span class=\"VIiyi\" lang=\"en\"><span class=\"JLqJ4b ChMk0b\" data-language-for-alternatives=\"en\" data-language-to-translate-into=\"fi\" data-phrase-index=\"0\" data-number-of-phrases=\"4\"><span class=\"Q4iAWc\">What was it like to live as a homosexual before?<\/span><\/span> <span class=\"JLqJ4b ChMk0b\" data-language-for-alternatives=\"en\" data-language-to-translate-into=\"fi\" data-phrase-index=\"1\" data-number-of-phrases=\"4\"><span class=\"Q4iAWc\">Who are the key figures in Finnish queer history?<\/span><\/span> <span class=\"JLqJ4b ChMk0b\" data-language-for-alternatives=\"en\" data-language-to-translate-into=\"fi\" data-phrase-index=\"2\" data-number-of-phrases=\"4\"><span class=\"Q4iAWc\">How have queer people organized themselves and influenced society?<\/span><\/span> <span class=\"JLqJ4b ChMk0b\" data-language-for-alternatives=\"en\" data-language-to-translate-into=\"fi\" data-phrase-index=\"3\" data-number-of-phrases=\"4\"><span class=\"Q4iAWc\">Why is so little known about queer history, and what could be known about it?<\/span><\/span><\/span><\/strong><\/p>\n\n\n\n<p><span class=\"VIiyi\" lang=\"en\"><span class=\"JLqJ4b ChMk0b\" data-language-for-alternatives=\"en\" data-language-to-translate-into=\"fi\" data-phrase-index=\"0\" data-number-of-phrases=\"3\"><span class=\"Q4iAWc\">Queer history is everyone&#8217;s shared history.<\/span><\/span> <span class=\"JLqJ4b ChMk0b\" data-language-for-alternatives=\"en\" data-language-to-translate-into=\"fi\" data-phrase-index=\"1\" data-number-of-phrases=\"3\"><span class=\"Q4iAWc\">The Friends of Queer History organizes a school visit program where queer history researchers visit schools.<\/span><\/span> <span class=\"JLqJ4b ChMk0b\" data-language-for-alternatives=\"en\" data-language-to-translate-into=\"fi\" data-phrase-index=\"2\" data-number-of-phrases=\"3\"><span class=\"Q4iAWc\">We are offering 15 free researcher visits to schools in the fall semester of 2022. The visits are part of the Rainbow History Visible project funded by the <a href=\"https:\/\/koneensaatio.net\">Kone Foundation<\/a>, which brought the landmark year of rainbow history, 2021, into the public discussion.<\/span><\/span><\/span><\/p>\n\n\n\n<h2 class=\"wp-block-heading\">What kind of school visit is it?<\/h2>\n\n\n\n<p>Visits are 45-60 minute long school visits, free of charge, for educational institutions. The visitors are researchers of queer history from different fields. It is a unique opportunity to have a researcher visit a lesson or an event at an educational institution, who can shed light on the diversity of history with mind-expanding examples and stories based on researched information.<\/p>\n\n\n\n<h2 class=\"wp-block-heading\">Who are school visits for?<\/h2>\n\n\n\n<p>School visits are suitable for elementary school (classes 7\u20139) and upper secondary schools (high school) as well as other secondary educational institutions. The visits are planned with the support of a professional educator, applying to the needs and wishes of each group to be visited. They are given by queer history researchers from different fields, and they fit into the contents of elementary school (classes 7-9) and high school curricula in history, social studies, ethics, philosophy and health education. The visits can also be made to other secondary schools.<\/p>\n\n\n\n<p>School visits can be customized to suit the framework of each lesson or event.<\/p>\n\n\n\n<p>Visits are made in Finnish, Swedish and English.<\/p>\n\n\n\n<p>If you wish, you can combine the use of the &#8220;Rainbow life&#8221; material package (in Finnish and Swedish only) published in Finna Luokkahuone with the school visit, by dealing with its themes of civil society influence, the queer gaze, or the history of families and human relationships.<\/p>\n\n\n\n<div class=\"wp-block-buttons is-layout-flex wp-block-buttons-is-layout-flex\">\n<div class=\"wp-block-button is-style-primary\"><a class=\"wp-block-button__link wp-element-button\" href=\"https:\/\/www.finna.fi\/Content\/sateenkaarielamaa\">Material package in Finna<\/a><\/div>\n<\/div>\n\n\n\n<h2 class=\"wp-block-heading\">How can I book a school visit?<\/h2>\n\n\n\n<p>School visits are booked via the booking form, the link to which is below these booking conditions.<\/p>\n\n\n\n<p><span class=\"VIiyi\" lang=\"en\"><span class=\"JLqJ4b ChMk0b\" data-language-for-alternatives=\"en\" data-language-to-translate-into=\"fi\" data-phrase-index=\"0\" data-number-of-phrases=\"2\"><span class=\"Q4iAWc\">School visits can be ordered throughout the fall semester 2022.<\/span><\/span> <span class=\"JLqJ4b ChMk0b\" data-language-for-alternatives=\"en\" data-language-to-translate-into=\"fi\" data-phrase-index=\"1\" data-number-of-phrases=\"2\"><span class=\"Q4iAWc\">You can schedule your visit, for example, during Queer History Month in November, when a lot of related news, events, public programs and material are published across the country.<\/span><\/span><\/span><\/p>\n\n\n\n<p>For an on-site visit, the maximum group size is 30 persons. Visits can also be arranged remotely (Zoom or Teams), if an on-site visit is not possible, for example due to corona safety reasons or long distances.<\/p>\n\n\n\n<p>Booking a visit also requires group members to fill out a short questionnaire during or right after the visit. The form is simple and is filled out by the entire group that participated in the visit. A link to the form will be distributed during the visit, and it can be filled out on a mobile phone in a browser or printed on paper and given to the school visitor.<\/p>\n\n\n\n<p>Book the visit well in advance, no later than two weeks before the time of your choice.<\/p>\n\n\n\n<p>We will confirm the reservation as soon as possible to the e-mail address of the contact person indicated in the form.<\/p>\n\n\n\n<p>Cancellations or changes to the reservation must be made no later than three days before the agreed time. Cancel or postpone your reservation no later than three days before the agreed time. After that, canceled reservations are released to the next booker in line.<\/p>\n\n\n\n<div class=\"wp-block-buttons is-layout-flex wp-block-buttons-is-layout-flex\">\n<div class=\"wp-block-button is-style-primary ticss-aebb584a\"><a class=\"wp-block-button__link wp-element-button\">Book a visit here<\/a><\/div>\n<\/div>\n\n\n\n<p><\/p>\n\n\n\n<h2 class=\"wp-block-heading\">Further info:<\/h2>\n\n\n\n<p>Kaura Raudaskoski <br>Project Coordinator \/ Secretary <br>sihteeri@sateenkaarihistoria.fi <br>+358 45 783 17571<\/p>\n\n\n\n<p><strong>Are you a queer history researcher? <a href=\"https:\/\/sateenkaarihistoria.fi\/en\/friends-of-queer-history\/researcher-list\/\">Join our researcher list here!<\/a><\/strong><\/p>\n","protected":false},"excerpt":{"rendered":"<p>The school visit program has terminated as the 2-year project came to its end. Thank you for all the participants in 2021 and 2022! What was it like to live&hellip;&nbsp;<a href=\"https:\/\/sateenkaarihistoria.fi\/en\/school-visits\/\" rel=\"bookmark\">Read More &raquo;<span class=\"screen-reader-text\">School visit programme: Book a researcher<\/span><\/a><\/p>\n","protected":false},"author":1,"featured_media":0,"parent":0,"menu_order":0,"comment_status":"closed","ping_status":"closed","template":"","meta":{"_kad_blocks_custom_css":"","_kad_blocks_head_custom_js":"","_kad_blocks_body_custom_js":"","_kad_blocks_footer_custom_js":"","neve_meta_sidebar":"default","neve_meta_container":"","neve_meta_enable_content_width":"off","neve_meta_content_width":100,"neve_meta_title_alignment":"","neve_meta_author_avatar":"","neve_post_elements_order":"","neve_meta_disable_header":"","neve_meta_disable_footer":"","neve_meta_disable_title":"","footnotes":""},"ppma_author":[162],"class_list":["post-6135","page","type-page","status-publish","hentry"],"yoast_head":"<!-- This site is optimized with the Yoast SEO plugin v26.7 - https:\/\/yoast.com\/wordpress\/plugins\/seo\/ -->\n<title>School visit programme: Book a researcher - Sateenkaari\u00adhistorian yst\u00e4v\u00e4t<\/title>\n<meta name=\"robots\" content=\"index, follow, max-snippet:-1, max-image-preview:large, max-video-preview:-1\" \/>\n<link rel=\"canonical\" href=\"https:\/\/sateenkaarihistoria.fi\/en\/school-visits\/\" \/>\n<meta property=\"og:locale\" content=\"en_US\" \/>\n<meta property=\"og:type\" content=\"article\" \/>\n<meta property=\"og:title\" content=\"School visit programme: Book a researcher - Sateenkaari\u00adhistorian yst\u00e4v\u00e4t\" \/>\n<meta property=\"og:description\" content=\"The school visit program has terminated as the 2-year project came to its end. Thank you for all the participants in 2021 and 2022! What was it like to live&hellip;&nbsp;Read More &raquo;School visit programme: Book a researcher\" \/>\n<meta property=\"og:url\" content=\"https:\/\/sateenkaarihistoria.fi\/en\/school-visits\/\" \/>\n<meta property=\"og:site_name\" content=\"Sateenkaari\u00adhistorian yst\u00e4v\u00e4t\" \/>\n<meta property=\"article:publisher\" content=\"https:\/\/www.facebook.com\/sateenkaarihistoria\" \/>\n<meta property=\"article:modified_time\" content=\"2023-02-16T21:36:39+00:00\" \/>\n<meta property=\"og:image\" content=\"https:\/\/sateenkaarihistoria.fi\/wp-content\/uploads\/2022\/09\/kouluvierailut_banneri_2022_FI-scaled.jpg\" \/>\n<meta name=\"twitter:card\" content=\"summary_large_image\" \/>\n<meta name=\"twitter:label1\" content=\"Est. reading time\" \/>\n\t<meta name=\"twitter:data1\" content=\"5 minutes\" \/>\n<script type=\"application\/ld+json\" class=\"yoast-schema-graph\">{\"@context\":\"https:\/\/schema.org\",\"@graph\":[{\"@type\":\"WebPage\",\"@id\":\"https:\/\/sateenkaarihistoria.fi\/en\/school-visits\/\",\"url\":\"https:\/\/sateenkaarihistoria.fi\/en\/school-visits\/\",\"name\":\"School visit programme: Book a researcher - Sateenkaari\u00adhistorian yst\u00e4v\u00e4t\",\"isPartOf\":{\"@id\":\"https:\/\/sateenkaarihistoria.fi\/#website\"},\"primaryImageOfPage\":{\"@id\":\"https:\/\/sateenkaarihistoria.fi\/en\/school-visits\/#primaryimage\"},\"image\":{\"@id\":\"https:\/\/sateenkaarihistoria.fi\/en\/school-visits\/#primaryimage\"},\"thumbnailUrl\":\"https:\/\/sateenkaarihistoria.fi\/wp-content\/uploads\/2022\/09\/kouluvierailut_banneri_2022_FI-scaled.jpg\",\"datePublished\":\"2021-03-26T16:50:05+00:00\",\"dateModified\":\"2023-02-16T21:36:39+00:00\",\"breadcrumb\":{\"@id\":\"https:\/\/sateenkaarihistoria.fi\/en\/school-visits\/#breadcrumb\"},\"inLanguage\":\"en-US\",\"potentialAction\":[{\"@type\":\"ReadAction\",\"target\":[\"https:\/\/sateenkaarihistoria.fi\/en\/school-visits\/\"]}]},{\"@type\":\"ImageObject\",\"inLanguage\":\"en-US\",\"@id\":\"https:\/\/sateenkaarihistoria.fi\/en\/school-visits\/#primaryimage\",\"url\":\"https:\/\/sateenkaarihistoria.fi\/wp-content\/uploads\/2022\/09\/kouluvierailut_banneri_2022_FI-scaled.jpg\",\"contentUrl\":\"https:\/\/sateenkaarihistoria.fi\/wp-content\/uploads\/2022\/09\/kouluvierailut_banneri_2022_FI-scaled.jpg\"},{\"@type\":\"BreadcrumbList\",\"@id\":\"https:\/\/sateenkaarihistoria.fi\/en\/school-visits\/#breadcrumb\",\"itemListElement\":[{\"@type\":\"ListItem\",\"position\":1,\"name\":\"Etusivu\",\"item\":\"https:\/\/sateenkaarihistoria.fi\/en\/\"},{\"@type\":\"ListItem\",\"position\":2,\"name\":\"School visit programme: Book a researcher\"}]},{\"@type\":\"WebSite\",\"@id\":\"https:\/\/sateenkaarihistoria.fi\/#website\",\"url\":\"https:\/\/sateenkaarihistoria.fi\/\",\"name\":\"Sateenkaari\u00adhistorian yst\u00e4v\u00e4t\",\"description\":\"Suomalaisen sateenkaarihistorian verkkopalvelu, joka kokoaa yhteen l\u00e4hteit\u00e4, aineistoja ja tietoa queer-historiasta, transhistoriasta, sukupuoliv\u00e4hemmist\u00f6jen ja seksuaaliv\u00e4hemmist\u00f6jen historiasta sek\u00e4 niiden tutkimuksesta.\",\"publisher\":{\"@id\":\"https:\/\/sateenkaarihistoria.fi\/#organization\"},\"potentialAction\":[{\"@type\":\"SearchAction\",\"target\":{\"@type\":\"EntryPoint\",\"urlTemplate\":\"https:\/\/sateenkaarihistoria.fi\/?s={search_term_string}\"},\"query-input\":{\"@type\":\"PropertyValueSpecification\",\"valueRequired\":true,\"valueName\":\"search_term_string\"}}],\"inLanguage\":\"en-US\"},{\"@type\":\"Organization\",\"@id\":\"https:\/\/sateenkaarihistoria.fi\/#organization\",\"name\":\"Sateenkaarihistorian yst\u00e4v\u00e4t\",\"url\":\"https:\/\/sateenkaarihistoria.fi\/\",\"logo\":{\"@type\":\"ImageObject\",\"inLanguage\":\"en-US\",\"@id\":\"https:\/\/sateenkaarihistoria.fi\/#\/schema\/logo\/image\/\",\"url\":\"https:\/\/i0.wp.com\/sateenkaarihistoria.fi\/wp-content\/uploads\/2021\/12\/SHY-logo_250x169.jpg?fit=250%2C169&ssl=1\",\"contentUrl\":\"https:\/\/i0.wp.com\/sateenkaarihistoria.fi\/wp-content\/uploads\/2021\/12\/SHY-logo_250x169.jpg?fit=250%2C169&ssl=1\",\"width\":250,\"height\":169,\"caption\":\"Sateenkaarihistorian yst\u00e4v\u00e4t\"},\"image\":{\"@id\":\"https:\/\/sateenkaarihistoria.fi\/#\/schema\/logo\/image\/\"},\"sameAs\":[\"https:\/\/www.facebook.com\/sateenkaarihistoria\",\"https:\/\/instagram.com\/sateenkaarihistoria\"]}]}<\/script>\n<!-- \/ Yoast SEO plugin. -->","yoast_head_json":{"title":"School visit programme: Book a researcher - Sateenkaari\u00adhistorian yst\u00e4v\u00e4t","robots":{"index":"index","follow":"follow","max-snippet":"max-snippet:-1","max-image-preview":"max-image-preview:large","max-video-preview":"max-video-preview:-1"},"canonical":"https:\/\/sateenkaarihistoria.fi\/en\/school-visits\/","og_locale":"en_US","og_type":"article","og_title":"School visit programme: Book a researcher - Sateenkaari\u00adhistorian yst\u00e4v\u00e4t","og_description":"The school visit program has terminated as the 2-year project came to its end. Thank you for all the participants in 2021 and 2022! What was it like to live&hellip;&nbsp;Read More &raquo;School visit programme: Book a researcher","og_url":"https:\/\/sateenkaarihistoria.fi\/en\/school-visits\/","og_site_name":"Sateenkaari\u00adhistorian yst\u00e4v\u00e4t","article_publisher":"https:\/\/www.facebook.com\/sateenkaarihistoria","article_modified_time":"2023-02-16T21:36:39+00:00","og_image":[{"url":"https:\/\/sateenkaarihistoria.fi\/wp-content\/uploads\/2022\/09\/kouluvierailut_banneri_2022_FI-scaled.jpg","type":"","width":"","height":""}],"twitter_card":"summary_large_image","twitter_misc":{"Est. reading time":"5 minutes"},"schema":{"@context":"https:\/\/schema.org","@graph":[{"@type":"WebPage","@id":"https:\/\/sateenkaarihistoria.fi\/en\/school-visits\/","url":"https:\/\/sateenkaarihistoria.fi\/en\/school-visits\/","name":"School visit programme: Book a researcher - Sateenkaari\u00adhistorian yst\u00e4v\u00e4t","isPartOf":{"@id":"https:\/\/sateenkaarihistoria.fi\/#website"},"primaryImageOfPage":{"@id":"https:\/\/sateenkaarihistoria.fi\/en\/school-visits\/#primaryimage"},"image":{"@id":"https:\/\/sateenkaarihistoria.fi\/en\/school-visits\/#primaryimage"},"thumbnailUrl":"https:\/\/sateenkaarihistoria.fi\/wp-content\/uploads\/2022\/09\/kouluvierailut_banneri_2022_FI-scaled.jpg","datePublished":"2021-03-26T16:50:05+00:00","dateModified":"2023-02-16T21:36:39+00:00","breadcrumb":{"@id":"https:\/\/sateenkaarihistoria.fi\/en\/school-visits\/#breadcrumb"},"inLanguage":"en-US","potentialAction":[{"@type":"ReadAction","target":["https:\/\/sateenkaarihistoria.fi\/en\/school-visits\/"]}]},{"@type":"ImageObject","inLanguage":"en-US","@id":"https:\/\/sateenkaarihistoria.fi\/en\/school-visits\/#primaryimage","url":"https:\/\/sateenkaarihistoria.fi\/wp-content\/uploads\/2022\/09\/kouluvierailut_banneri_2022_FI-scaled.jpg","contentUrl":"https:\/\/sateenkaarihistoria.fi\/wp-content\/uploads\/2022\/09\/kouluvierailut_banneri_2022_FI-scaled.jpg"},{"@type":"BreadcrumbList","@id":"https:\/\/sateenkaarihistoria.fi\/en\/school-visits\/#breadcrumb","itemListElement":[{"@type":"ListItem","position":1,"name":"Etusivu","item":"https:\/\/sateenkaarihistoria.fi\/en\/"},{"@type":"ListItem","position":2,"name":"School visit programme: Book a researcher"}]},{"@type":"WebSite","@id":"https:\/\/sateenkaarihistoria.fi\/#website","url":"https:\/\/sateenkaarihistoria.fi\/","name":"Sateenkaari\u00adhistorian yst\u00e4v\u00e4t","description":"Suomalaisen sateenkaarihistorian verkkopalvelu, joka kokoaa yhteen l\u00e4hteit\u00e4, aineistoja ja tietoa queer-historiasta, transhistoriasta, sukupuoliv\u00e4hemmist\u00f6jen ja seksuaaliv\u00e4hemmist\u00f6jen historiasta sek\u00e4 niiden tutkimuksesta.","publisher":{"@id":"https:\/\/sateenkaarihistoria.fi\/#organization"},"potentialAction":[{"@type":"SearchAction","target":{"@type":"EntryPoint","urlTemplate":"https:\/\/sateenkaarihistoria.fi\/?s={search_term_string}"},"query-input":{"@type":"PropertyValueSpecification","valueRequired":true,"valueName":"search_term_string"}}],"inLanguage":"en-US"},{"@type":"Organization","@id":"https:\/\/sateenkaarihistoria.fi\/#organization","name":"Sateenkaarihistorian yst\u00e4v\u00e4t","url":"https:\/\/sateenkaarihistoria.fi\/","logo":{"@type":"ImageObject","inLanguage":"en-US","@id":"https:\/\/sateenkaarihistoria.fi\/#\/schema\/logo\/image\/","url":"https:\/\/i0.wp.com\/sateenkaarihistoria.fi\/wp-content\/uploads\/2021\/12\/SHY-logo_250x169.jpg?fit=250%2C169&ssl=1","contentUrl":"https:\/\/i0.wp.com\/sateenkaarihistoria.fi\/wp-content\/uploads\/2021\/12\/SHY-logo_250x169.jpg?fit=250%2C169&ssl=1","width":250,"height":169,"caption":"Sateenkaarihistorian yst\u00e4v\u00e4t"},"image":{"@id":"https:\/\/sateenkaarihistoria.fi\/#\/schema\/logo\/image\/"},"sameAs":["https:\/\/www.facebook.com\/sateenkaarihistoria","https:\/\/instagram.com\/sateenkaarihistoria"]}]}},"taxonomy_info":[],"featured_image_src_large":false,"author_info":{"display_name":"admin","author_link":"https:\/\/sateenkaarihistoria.fi\/en\/author\/admin\/"},"comment_info":0,"_links":{"self":[{"href":"https:\/\/sateenkaarihistoria.fi\/en\/wp-json\/wp\/v2\/pages\/6135","targetHints":{"allow":["GET"]}}],"collection":[{"href":"https:\/\/sateenkaarihistoria.fi\/en\/wp-json\/wp\/v2\/pages"}],"about":[{"href":"https:\/\/sateenkaarihistoria.fi\/en\/wp-json\/wp\/v2\/types\/page"}],"author":[{"embeddable":true,"href":"https:\/\/sateenkaarihistoria.fi\/en\/wp-json\/wp\/v2\/users\/1"}],"replies":[{"embeddable":true,"href":"https:\/\/sateenkaarihistoria.fi\/en\/wp-json\/wp\/v2\/comments?post=6135"}],"version-history":[{"count":12,"href":"https:\/\/sateenkaarihistoria.fi\/en\/wp-json\/wp\/v2\/pages\/6135\/revisions"}],"predecessor-version":[{"id":8187,"href":"https:\/\/sateenkaarihistoria.fi\/en\/wp-json\/wp\/v2\/pages\/6135\/revisions\/8187"}],"wp:attachment":[{"href":"https:\/\/sateenkaarihistoria.fi\/en\/wp-json\/wp\/v2\/media?parent=6135"}],"wp:term":[{"taxonomy":"author","embeddable":true,"href":"https:\/\/sateenkaarihistoria.fi\/en\/wp-json\/wp\/v2\/ppma_author?post=6135"}],"curies":[{"name":"wp","href":"https:\/\/api.w.org\/{rel}","templated":true}]}}