{"id":3401,"date":"2020-08-25T23:09:16","date_gmt":"2020-08-25T20:09:16","guid":{"rendered":"https:\/\/sateenkaarihistoria.fi\/?page_id=3401"},"modified":"2024-06-03T23:24:41","modified_gmt":"2024-06-03T20:24:41","slug":"queer-history-month-in-finland","status":"publish","type":"page","link":"https:\/\/sateenkaarihistoria.fi\/en\/events-page\/queer-history-month-in-finland\/","title":{"rendered":"Queer History Month in Finland"},"content":{"rendered":"\n<div class=\"wp-block-buttons is-horizontal is-content-justification-left is-layout-flex wp-container-core-buttons-is-layout-7e5fce0a wp-block-buttons-is-layout-flex\">\n<div class=\"wp-block-button is-style-primary\"><a class=\"wp-block-button__link wp-element-button\" href=\"https:\/\/sateenkaarihistoria.fi\/events\/\">Event calendar<\/a><\/div>\n\n\n\n<div class=\"wp-block-button is-style-primary\"><a class=\"wp-block-button__link wp-element-button\" href=\"https:\/\/sateenkaarihistoria.fi\/en\/events-archive\/\">Events archive<\/a><\/div>\n\n\n\n<div class=\"wp-block-button is-style-primary\"><a class=\"wp-block-button__link wp-element-button\" href=\"https:\/\/sateenkaarihistoria.fi\/tapahtumat-sivu\/merkkivuosi-2021\/\">Special year 2021<\/a><\/div>\n<\/div>\n\n\n\n<div style=\"height:33px\" aria-hidden=\"true\" class=\"wp-block-spacer\"><\/div>\n\n\n\n<figure class=\"wp-block-image size-full\"><img loading=\"lazy\" decoding=\"async\" width=\"1000\" height=\"563\" src=\"https:\/\/sateenkaarihistoria.fi\/wp-content\/uploads\/2022\/09\/shk_infobanner-e1699625563184.jpg\" alt=\"Queer History Month\" class=\"wp-image-6287\"\/><\/figure>\n\n\n\n<h2 class=\"wp-block-heading\">Queer History Month<\/h2>\n\n\n\n<p>The history of sexual and gender minorities has always existed, but it has often been kept hidden or overlooked. It is present everywhere, in all time layers, social classes and cultures, but finding it requires sensitivity, expertise and looking at history differently.<\/p>\n\n\n\n<p><span class=\"VIiyi\" lang=\"en\"><span class=\"JLqJ4b ChMk0b\" data-language-for-alternatives=\"en\" data-language-to-translate-into=\"fi\" data-phrase-index=\"0\" data-number-of-phrases=\"2\"><span class=\"Q4iAWc\">Friends of Queer History invites memory organizations, schools, art organizations and other organizations to celebrate Queer History Month <strong>every year in November<\/strong>.<\/span><\/span> <span class=\"JLqJ4b ChMk0b\" data-language-for-alternatives=\"en\" data-language-to-translate-into=\"fi\" data-phrase-index=\"1\" data-number-of-phrases=\"2\"><span class=\"Q4iAWc\">The goal of Queer History Month is to examine Finnish history and culture from the LGBTQIA+ perspectives and record them as part of our common cultural heritage.<\/span><\/span><\/span><\/p>\n\n\n\n<p>We challenge you and the your organization to make the silent history a cultural heritage shared by all!<\/p>\n\n\n\n<h2 class=\"wp-block-heading\">How to participate?<\/h2>\n\n\n\n<div class=\"wp-block-buttons is-layout-flex wp-block-buttons-is-layout-flex\">\n<div class=\"wp-block-button is-style-primary\"><a class=\"wp-block-button__link wp-element-button\" href=\"https:\/\/sateenkaarihistoria.fi\/en\/add-your-event\/\">Add your own event<\/a><\/div>\n<\/div>\n\n\n\n<p>You can register your contribution or event through the button above. Queer History Month <span class=\"VIiyi\" lang=\"en\"><span class=\"JLqJ4b ChMk0b\" data-language-for-alternatives=\"en\" data-language-to-translate-into=\"fi\" data-phrase-index=\"1\" data-number-of-phrases=\"2\"><span class=\"Q4iAWc\">is a set of events open to everyone. Here are some ways to participate as an organizer:<\/span><\/span><\/span><\/p>\n\n\n\n<p><span class=\"VIiyi\" lang=\"en\"><span class=\"JLqJ4b ChMk0b\" data-language-for-alternatives=\"en\" data-language-to-translate-into=\"fi\" data-phrase-index=\"0\" data-number-of-phrases=\"3\"><span class=\"Q4iAWc\"><strong>By organizing an event or an exhibition<\/strong>: The programme is realized with the own funding of the participating organizations and contributors.<\/span><\/span> <span class=\"JLqJ4b ChMk0b\" data-language-for-alternatives=\"en\" data-language-to-translate-into=\"fi\" data-phrase-index=\"1\" data-number-of-phrases=\"3\"><span class=\"Q4iAWc\">The organizing body is responsible for its own marketing.<\/span><\/span> <span class=\"JLqJ4b ChMk0b\" data-language-for-alternatives=\"en\" data-language-to-translate-into=\"fi\" data-phrase-index=\"2\" data-number-of-phrases=\"3\"><span class=\"Q4iAWc\">The team coordinating Queer History Month moderates the event calendar on this website and adds the events announced there.<\/span><\/span><\/span><\/p>\n\n\n\n<p><span class=\"VIiyi\" lang=\"en\"><span class=\"JLqJ4b ChMk0b\" data-language-for-alternatives=\"en\" data-language-to-translate-into=\"fi\" data-phrase-index=\"0\" data-number-of-phrases=\"2\"><span class=\"Q4iAWc\"><strong>By making rainbow history visible in everyday life:<\/strong> Libraries can participate, for example, by organizing related book purchases and other material exhibitions.<\/span><\/span> <span class=\"JLqJ4b ChMk0b\" data-language-for-alternatives=\"en\" data-language-to-translate-into=\"fi\" data-phrase-index=\"1\" data-number-of-phrases=\"2\"><span class=\"Q4iAWc\">Schools can participate by organizing theme days related to the topic, by inviting experts in the history of gender and sexual minorities to speak, or through various workshops or group work.<\/span><\/span><\/span><\/p>\n\n\n\n<p><span class=\"VIiyi\" lang=\"en\"><span class=\"JLqJ4b ChMk0b\" data-language-for-alternatives=\"en\" data-language-to-translate-into=\"fi\" data-phrase-index=\"0\" data-number-of-phrases=\"2\"><span class=\"Q4iAWc\"><strong>By writing about rainbow history<\/strong>: Feel free to publish blog texts that ponder on the relationship between your organization and queer history. <a href=\"https:\/\/sateenkaarihistoria.fi\/en\/instructions-for-authors\/\">You can also suggest text to us<\/a>: Friends of Queer History publishes a web journal with a variety of texts on queer history from many different perspectives in Finnish, Swedish and English.<\/span><\/span><\/span><\/p>\n\n\n\n<p><span class=\"VIiyi\" lang=\"en\"><span class=\"JLqJ4b ChMk0b\" data-language-for-alternatives=\"en\" data-language-to-translate-into=\"fi\" data-phrase-index=\"0\" data-number-of-phrases=\"2\"><span class=\"Q4iAWc\"><strong>By communicating about rainbow history:<\/strong> You can also participate by sharing material, images, texts or reflections related to queer history on social media with the hashtags #Sateenkaarihistoria #Queerhistoria #QueerHistory.<\/span><\/span> <span class=\"JLqJ4b ChMk0b\" data-language-for-alternatives=\"en\" data-language-to-translate-into=\"fi\" data-phrase-index=\"1\" data-number-of-phrases=\"2\"><span class=\"Q4iAWc\">You can link or tag our profile either on Facebook or Instagram (@sateenkaarihistoria) &#8211; we highlight tagged posts or posts with above hashtags on our own channels.<\/span><\/span><\/span><\/p>\n\n\n\n<h2 class=\"wp-block-heading\">Background<\/h2>\n\n\n\n<p>The month highlighting the common cultural heritage of gender and sexual minorities took place in Finland for the first time in 2018, and organizations participating included Aine Art Museum, Ateneum Art Museum, AV-arkki, Goethe Institute, Helsinki City Museum, National Museum, National Theater, Finnish Literature Society, Svenska Litteraturs\u00e4llskapet, Labor Archives, Labor Museum Werstas and the national broadcasting company Yle&#8217;s archives. During the month, there was extensive information and writing about the history related to the LGBTQIA+ minorities, and memory organizations highlighted previously hidden material, organized remembrance cafes and queer guided tours.<\/p>\n\n\n\n<p>Since 2020, Queer History Month in Finland has been coordinated by the Friends of Queer History association.<\/p>\n","protected":false},"excerpt":{"rendered":"<p>Queer History Month The history of sexual and gender minorities has always existed, but it has often been kept hidden or overlooked. It is present everywhere, in all time layers,&hellip;&nbsp;<a href=\"https:\/\/sateenkaarihistoria.fi\/en\/events-page\/queer-history-month-in-finland\/\" rel=\"bookmark\">Read More &raquo;<span class=\"screen-reader-text\">Queer History Month in Finland<\/span><\/a><\/p>\n","protected":false},"author":1,"featured_media":6288,"parent":8197,"menu_order":0,"comment_status":"closed","ping_status":"closed","template":"","meta":{"_kad_blocks_custom_css":"","_kad_blocks_head_custom_js":"","_kad_blocks_body_custom_js":"","_kad_blocks_footer_custom_js":"","neve_meta_sidebar":"","neve_meta_container":"","neve_meta_enable_content_width":"off","neve_meta_content_width":100,"neve_meta_title_alignment":"","neve_meta_author_avatar":"","neve_post_elements_order":"","neve_meta_disable_header":"","neve_meta_disable_footer":"","neve_meta_disable_title":"","footnotes":""},"ppma_author":[162],"class_list":["post-3401","page","type-page","status-publish","has-post-thumbnail","hentry"],"yoast_head":"<!-- This site is optimized with the Yoast SEO plugin v26.7 - https:\/\/yoast.com\/wordpress\/plugins\/seo\/ -->\n<title>Queer History Month in Finland - Sateenkaari\u00adhistorian yst\u00e4v\u00e4t<\/title>\n<meta name=\"robots\" content=\"index, follow, max-snippet:-1, max-image-preview:large, max-video-preview:-1\" \/>\n<link rel=\"canonical\" href=\"https:\/\/sateenkaarihistoria.fi\/en\/events-page\/queer-history-month-in-finland\/\" \/>\n<meta property=\"og:locale\" content=\"en_US\" \/>\n<meta property=\"og:type\" content=\"article\" \/>\n<meta property=\"og:title\" content=\"Queer History Month in Finland - Sateenkaari\u00adhistorian yst\u00e4v\u00e4t\" \/>\n<meta property=\"og:description\" content=\"Queer History Month The history of sexual and gender minorities has always existed, but it has often been kept hidden or overlooked. It is present everywhere, in all time layers,&hellip;&nbsp;Read More &raquo;Queer History Month in Finland\" \/>\n<meta property=\"og:url\" content=\"https:\/\/sateenkaarihistoria.fi\/en\/events-page\/queer-history-month-in-finland\/\" \/>\n<meta property=\"og:site_name\" content=\"Sateenkaari\u00adhistorian yst\u00e4v\u00e4t\" \/>\n<meta property=\"article:publisher\" content=\"https:\/\/www.facebook.com\/sateenkaarihistoria\" \/>\n<meta property=\"article:modified_time\" content=\"2024-06-03T20:24:41+00:00\" \/>\n<meta property=\"og:image\" content=\"https:\/\/sateenkaarihistoria.fi\/wp-content\/uploads\/2022\/09\/shk_infobanner-e1699625563184.jpg\" \/>\n\t<meta property=\"og:image:width\" content=\"1200\" \/>\n\t<meta property=\"og:image:height\" content=\"675\" \/>\n\t<meta property=\"og:image:type\" content=\"image\/jpeg\" \/>\n<meta name=\"twitter:card\" content=\"summary_large_image\" \/>\n<meta name=\"twitter:label1\" content=\"Est. reading time\" \/>\n\t<meta name=\"twitter:data1\" content=\"4 minutes\" \/>\n<script type=\"application\/ld+json\" class=\"yoast-schema-graph\">{\"@context\":\"https:\/\/schema.org\",\"@graph\":[{\"@type\":\"WebPage\",\"@id\":\"https:\/\/sateenkaarihistoria.fi\/en\/events-page\/queer-history-month-in-finland\/\",\"url\":\"https:\/\/sateenkaarihistoria.fi\/en\/events-page\/queer-history-month-in-finland\/\",\"name\":\"Queer History Month in Finland - Sateenkaari\u00adhistorian yst\u00e4v\u00e4t\",\"isPartOf\":{\"@id\":\"https:\/\/sateenkaarihistoria.fi\/#website\"},\"primaryImageOfPage\":{\"@id\":\"https:\/\/sateenkaarihistoria.fi\/en\/events-page\/queer-history-month-in-finland\/#primaryimage\"},\"image\":{\"@id\":\"https:\/\/sateenkaarihistoria.fi\/en\/events-page\/queer-history-month-in-finland\/#primaryimage\"},\"thumbnailUrl\":\"https:\/\/sateenkaarihistoria.fi\/wp-content\/uploads\/2022\/09\/shk_infobanner-e1699625563184.jpg\",\"datePublished\":\"2020-08-25T20:09:16+00:00\",\"dateModified\":\"2024-06-03T20:24:41+00:00\",\"breadcrumb\":{\"@id\":\"https:\/\/sateenkaarihistoria.fi\/en\/events-page\/queer-history-month-in-finland\/#breadcrumb\"},\"inLanguage\":\"en-US\",\"potentialAction\":[{\"@type\":\"ReadAction\",\"target\":[\"https:\/\/sateenkaarihistoria.fi\/en\/events-page\/queer-history-month-in-finland\/\"]}]},{\"@type\":\"ImageObject\",\"inLanguage\":\"en-US\",\"@id\":\"https:\/\/sateenkaarihistoria.fi\/en\/events-page\/queer-history-month-in-finland\/#primaryimage\",\"url\":\"https:\/\/sateenkaarihistoria.fi\/wp-content\/uploads\/2022\/09\/shk_infobanner-e1699625563184.jpg\",\"contentUrl\":\"https:\/\/sateenkaarihistoria.fi\/wp-content\/uploads\/2022\/09\/shk_infobanner-e1699625563184.jpg\",\"width\":1600,\"height\":900,\"caption\":\"Queer History Month\"},{\"@type\":\"BreadcrumbList\",\"@id\":\"https:\/\/sateenkaarihistoria.fi\/en\/events-page\/queer-history-month-in-finland\/#breadcrumb\",\"itemListElement\":[{\"@type\":\"ListItem\",\"position\":1,\"name\":\"Etusivu\",\"item\":\"https:\/\/sateenkaarihistoria.fi\/en\/\"},{\"@type\":\"ListItem\",\"position\":2,\"name\":\"Events\",\"item\":\"https:\/\/sateenkaarihistoria.fi\/en\/events-page\/\"},{\"@type\":\"ListItem\",\"position\":3,\"name\":\"Queer History Month in Finland\"}]},{\"@type\":\"WebSite\",\"@id\":\"https:\/\/sateenkaarihistoria.fi\/#website\",\"url\":\"https:\/\/sateenkaarihistoria.fi\/\",\"name\":\"Sateenkaari\u00adhistorian yst\u00e4v\u00e4t\",\"description\":\"Suomalaisen sateenkaarihistorian verkkopalvelu, joka kokoaa yhteen l\u00e4hteit\u00e4, aineistoja ja tietoa queer-historiasta, transhistoriasta, sukupuoliv\u00e4hemmist\u00f6jen ja seksuaaliv\u00e4hemmist\u00f6jen historiasta sek\u00e4 niiden tutkimuksesta.\",\"publisher\":{\"@id\":\"https:\/\/sateenkaarihistoria.fi\/#organization\"},\"potentialAction\":[{\"@type\":\"SearchAction\",\"target\":{\"@type\":\"EntryPoint\",\"urlTemplate\":\"https:\/\/sateenkaarihistoria.fi\/?s={search_term_string}\"},\"query-input\":{\"@type\":\"PropertyValueSpecification\",\"valueRequired\":true,\"valueName\":\"search_term_string\"}}],\"inLanguage\":\"en-US\"},{\"@type\":\"Organization\",\"@id\":\"https:\/\/sateenkaarihistoria.fi\/#organization\",\"name\":\"Sateenkaarihistorian yst\u00e4v\u00e4t\",\"url\":\"https:\/\/sateenkaarihistoria.fi\/\",\"logo\":{\"@type\":\"ImageObject\",\"inLanguage\":\"en-US\",\"@id\":\"https:\/\/sateenkaarihistoria.fi\/#\/schema\/logo\/image\/\",\"url\":\"https:\/\/i0.wp.com\/sateenkaarihistoria.fi\/wp-content\/uploads\/2021\/12\/SHY-logo_250x169.jpg?fit=250%2C169&ssl=1\",\"contentUrl\":\"https:\/\/i0.wp.com\/sateenkaarihistoria.fi\/wp-content\/uploads\/2021\/12\/SHY-logo_250x169.jpg?fit=250%2C169&ssl=1\",\"width\":250,\"height\":169,\"caption\":\"Sateenkaarihistorian yst\u00e4v\u00e4t\"},\"image\":{\"@id\":\"https:\/\/sateenkaarihistoria.fi\/#\/schema\/logo\/image\/\"},\"sameAs\":[\"https:\/\/www.facebook.com\/sateenkaarihistoria\",\"https:\/\/instagram.com\/sateenkaarihistoria\"]}]}<\/script>\n<!-- \/ Yoast SEO plugin. -->","yoast_head_json":{"title":"Queer History Month in Finland - Sateenkaari\u00adhistorian yst\u00e4v\u00e4t","robots":{"index":"index","follow":"follow","max-snippet":"max-snippet:-1","max-image-preview":"max-image-preview:large","max-video-preview":"max-video-preview:-1"},"canonical":"https:\/\/sateenkaarihistoria.fi\/en\/events-page\/queer-history-month-in-finland\/","og_locale":"en_US","og_type":"article","og_title":"Queer History Month in Finland - Sateenkaari\u00adhistorian yst\u00e4v\u00e4t","og_description":"Queer History Month The history of sexual and gender minorities has always existed, but it has often been kept hidden or overlooked. It is present everywhere, in all time layers,&hellip;&nbsp;Read More &raquo;Queer History Month in Finland","og_url":"https:\/\/sateenkaarihistoria.fi\/en\/events-page\/queer-history-month-in-finland\/","og_site_name":"Sateenkaari\u00adhistorian yst\u00e4v\u00e4t","article_publisher":"https:\/\/www.facebook.com\/sateenkaarihistoria","article_modified_time":"2024-06-03T20:24:41+00:00","og_image":[{"url":"https:\/\/sateenkaarihistoria.fi\/wp-content\/uploads\/2022\/09\/shk_infobanner-e1699625563184.jpg","width":1200,"height":675,"type":"image\/jpeg"}],"twitter_card":"summary_large_image","twitter_misc":{"Est. reading time":"4 minutes"},"schema":{"@context":"https:\/\/schema.org","@graph":[{"@type":"WebPage","@id":"https:\/\/sateenkaarihistoria.fi\/en\/events-page\/queer-history-month-in-finland\/","url":"https:\/\/sateenkaarihistoria.fi\/en\/events-page\/queer-history-month-in-finland\/","name":"Queer History Month in Finland - Sateenkaari\u00adhistorian yst\u00e4v\u00e4t","isPartOf":{"@id":"https:\/\/sateenkaarihistoria.fi\/#website"},"primaryImageOfPage":{"@id":"https:\/\/sateenkaarihistoria.fi\/en\/events-page\/queer-history-month-in-finland\/#primaryimage"},"image":{"@id":"https:\/\/sateenkaarihistoria.fi\/en\/events-page\/queer-history-month-in-finland\/#primaryimage"},"thumbnailUrl":"https:\/\/sateenkaarihistoria.fi\/wp-content\/uploads\/2022\/09\/shk_infobanner-e1699625563184.jpg","datePublished":"2020-08-25T20:09:16+00:00","dateModified":"2024-06-03T20:24:41+00:00","breadcrumb":{"@id":"https:\/\/sateenkaarihistoria.fi\/en\/events-page\/queer-history-month-in-finland\/#breadcrumb"},"inLanguage":"en-US","potentialAction":[{"@type":"ReadAction","target":["https:\/\/sateenkaarihistoria.fi\/en\/events-page\/queer-history-month-in-finland\/"]}]},{"@type":"ImageObject","inLanguage":"en-US","@id":"https:\/\/sateenkaarihistoria.fi\/en\/events-page\/queer-history-month-in-finland\/#primaryimage","url":"https:\/\/sateenkaarihistoria.fi\/wp-content\/uploads\/2022\/09\/shk_infobanner-e1699625563184.jpg","contentUrl":"https:\/\/sateenkaarihistoria.fi\/wp-content\/uploads\/2022\/09\/shk_infobanner-e1699625563184.jpg","width":1600,"height":900,"caption":"Queer History Month"},{"@type":"BreadcrumbList","@id":"https:\/\/sateenkaarihistoria.fi\/en\/events-page\/queer-history-month-in-finland\/#breadcrumb","itemListElement":[{"@type":"ListItem","position":1,"name":"Etusivu","item":"https:\/\/sateenkaarihistoria.fi\/en\/"},{"@type":"ListItem","position":2,"name":"Events","item":"https:\/\/sateenkaarihistoria.fi\/en\/events-page\/"},{"@type":"ListItem","position":3,"name":"Queer History Month in Finland"}]},{"@type":"WebSite","@id":"https:\/\/sateenkaarihistoria.fi\/#website","url":"https:\/\/sateenkaarihistoria.fi\/","name":"Sateenkaari\u00adhistorian yst\u00e4v\u00e4t","description":"Suomalaisen sateenkaarihistorian verkkopalvelu, joka kokoaa yhteen l\u00e4hteit\u00e4, aineistoja ja tietoa queer-historiasta, transhistoriasta, sukupuoliv\u00e4hemmist\u00f6jen ja seksuaaliv\u00e4hemmist\u00f6jen historiasta sek\u00e4 niiden tutkimuksesta.","publisher":{"@id":"https:\/\/sateenkaarihistoria.fi\/#organization"},"potentialAction":[{"@type":"SearchAction","target":{"@type":"EntryPoint","urlTemplate":"https:\/\/sateenkaarihistoria.fi\/?s={search_term_string}"},"query-input":{"@type":"PropertyValueSpecification","valueRequired":true,"valueName":"search_term_string"}}],"inLanguage":"en-US"},{"@type":"Organization","@id":"https:\/\/sateenkaarihistoria.fi\/#organization","name":"Sateenkaarihistorian yst\u00e4v\u00e4t","url":"https:\/\/sateenkaarihistoria.fi\/","logo":{"@type":"ImageObject","inLanguage":"en-US","@id":"https:\/\/sateenkaarihistoria.fi\/#\/schema\/logo\/image\/","url":"https:\/\/i0.wp.com\/sateenkaarihistoria.fi\/wp-content\/uploads\/2021\/12\/SHY-logo_250x169.jpg?fit=250%2C169&ssl=1","contentUrl":"https:\/\/i0.wp.com\/sateenkaarihistoria.fi\/wp-content\/uploads\/2021\/12\/SHY-logo_250x169.jpg?fit=250%2C169&ssl=1","width":250,"height":169,"caption":"Sateenkaarihistorian yst\u00e4v\u00e4t"},"image":{"@id":"https:\/\/sateenkaarihistoria.fi\/#\/schema\/logo\/image\/"},"sameAs":["https:\/\/www.facebook.com\/sateenkaarihistoria","https:\/\/instagram.com\/sateenkaarihistoria"]}]}},"taxonomy_info":[],"featured_image_src_large":["https:\/\/sateenkaarihistoria.fi\/wp-content\/uploads\/2022\/09\/shk_infobanner-e1699625563184.jpg",1200,675,false],"author_info":{"display_name":"admin","author_link":"https:\/\/sateenkaarihistoria.fi\/en\/author\/admin\/"},"comment_info":0,"_links":{"self":[{"href":"https:\/\/sateenkaarihistoria.fi\/en\/wp-json\/wp\/v2\/pages\/3401","targetHints":{"allow":["GET"]}}],"collection":[{"href":"https:\/\/sateenkaarihistoria.fi\/en\/wp-json\/wp\/v2\/pages"}],"about":[{"href":"https:\/\/sateenkaarihistoria.fi\/en\/wp-json\/wp\/v2\/types\/page"}],"author":[{"embeddable":true,"href":"https:\/\/sateenkaarihistoria.fi\/en\/wp-json\/wp\/v2\/users\/1"}],"replies":[{"embeddable":true,"href":"https:\/\/sateenkaarihistoria.fi\/en\/wp-json\/wp\/v2\/comments?post=3401"}],"version-history":[{"count":10,"href":"https:\/\/sateenkaarihistoria.fi\/en\/wp-json\/wp\/v2\/pages\/3401\/revisions"}],"predecessor-version":[{"id":13210,"href":"https:\/\/sateenkaarihistoria.fi\/en\/wp-json\/wp\/v2\/pages\/3401\/revisions\/13210"}],"up":[{"embeddable":true,"href":"https:\/\/sateenkaarihistoria.fi\/en\/wp-json\/wp\/v2\/pages\/8197"}],"wp:featuredmedia":[{"embeddable":true,"href":"https:\/\/sateenkaarihistoria.fi\/en\/wp-json\/wp\/v2\/media\/6288"}],"wp:attachment":[{"href":"https:\/\/sateenkaarihistoria.fi\/en\/wp-json\/wp\/v2\/media?parent=3401"}],"wp:term":[{"taxonomy":"author","embeddable":true,"href":"https:\/\/sateenkaarihistoria.fi\/en\/wp-json\/wp\/v2\/ppma_author?post=3401"}],"curies":[{"name":"wp","href":"https:\/\/api.w.org\/{rel}","templated":true}]}}