{"id":3377,"date":"2021-08-17T16:33:46","date_gmt":"2021-08-17T13:33:46","guid":{"rendered":"https:\/\/sateenkaarihistoria.fi\/?page_id=3377"},"modified":"2025-04-12T14:38:01","modified_gmt":"2025-04-12T11:38:01","slug":"instructions-for-authors","status":"publish","type":"page","link":"https:\/\/sateenkaarihistoria.fi\/en\/instructions-for-authors\/","title":{"rendered":"Instructions for authors"},"content":{"rendered":"\n<p>Friends of Queer History association was established in 2020 to promote knowledge of the history of gender and sexual diversity, and the recording, study and presentation of queer history.<\/p>\n\n\n\n<p>In the online journal Writings from Friends of Queer History, we publish commonsensical information about Finnish queer history and its sources, based on research.<\/p>\n\n\n\n<p>In addition to serving the general public, the journal&#8217;s articles serve researchers, memory organizations and educational institutions in particular.<\/p>\n\n\n\n<p>We publish the following types of text:<\/p>\n\n\n\n<p>Due to the association&#8217;s limited financial resources, author fees are only paid to authors who cannot include writing in their monthly paid work. Please note that the author&#8217;s fee is always agreed separately and paid if the association has the funds for it.<\/p>\n\n\n\n<figure class=\"wp-block-table\"><table><tbody><tr><td><strong>Text<\/strong>:<\/td><td><\/td><td class=\"has-text-align-left\" data-align=\"left\"><strong>Description:<\/strong><\/td><td class=\"has-text-align-right\" data-align=\"right\"><strong>Author&#8217;s fee:<\/strong><\/td><\/tr><tr><td><strong>Articles<\/strong><\/td><td><\/td><td class=\"has-text-align-left\" data-align=\"left\">Short (approx. 1000\u20131200 words) scientific articles on the themes of queer history; based on researchers&#8217; own studies<\/td><td class=\"has-text-align-right\" data-align=\"right\"><strong>250 \u20ac<\/strong><\/td><\/tr><tr><td><strong>Essays<\/strong><\/td><td><\/td><td class=\"has-text-align-left\" data-align=\"left\">Short (approx. 400-700 words) texts by various authors on storing, researching or teaching queer history<\/td><td class=\"has-text-align-right\" data-align=\"right\"><strong>150 \u20ac<\/strong><\/td><\/tr><tr><td><strong>Presentations<\/strong><\/td><td><\/td><td class=\"has-text-align-left\" data-align=\"left\">Presentations written by memory organizations about their collections, public programs or other operations<\/td><td class=\"has-text-align-right\" data-align=\"right\">&#8211;<\/td><\/tr><tr><td><strong>Press releases<\/strong><\/td><td><\/td><td class=\"has-text-align-left\" data-align=\"left\">Press releases related to the association&#8217;s operations and field of activity<\/td><td class=\"has-text-align-right\" data-align=\"right\">&#8211;<\/td><\/tr><\/tbody><\/table><\/figure>\n\n\n\n<p>Texts offered for publication must be written informatively and in commonsensical language. Scientific articles use references (internal references) and\/or a bibliography at the end. We publish texts in Finnish, Swedish and English.<\/p>\n\n\n\n<p>Manuscripts will be sent to &nbsp;<a href=\"mailto:verkkolehti@sateenkaarihistoria.fi\">verkkolehti@sateenkaarihistoria.fi<\/a>. The editor-in-chief of Writings from Friends of Queer History is Tuula Juvonen and the secretary is Pinja Ylioja. The editorial board consists of members of the association&#8217;s board.<\/p>\n\n\n\n<p>You can contact the editorial board before writing the manuscript and tell us about the text proposal.<\/p>\n\n\n\n<p>If possible, please include an article image with the text. The image should be sufficiently large and preferably horizontal, with a 16: 9 aspect ratio if possible, to display properly on different platforms. An image increases the accessibility of the text, e.g. availability through search engines. If necessary, the editorial board of the online magazine can produce a suitable article image.<\/p>\n\n\n\n<p>An ISSN number for the English part of the journal will be applied in 2022. The writings will then be indexed into public databases and can be linked to universities&#8217; research information systems to gain social impact for the author and their organization.<\/p>\n","protected":false},"excerpt":{"rendered":"<p>Friends of Queer History association was established in 2020 to promote knowledge of the history of gender and sexual diversity, and the recording, study and presentation of queer history. In&hellip;&nbsp;<a href=\"https:\/\/sateenkaarihistoria.fi\/en\/instructions-for-authors\/\" rel=\"bookmark\">Read More &raquo;<span class=\"screen-reader-text\">Instructions for authors<\/span><\/a><\/p>\n","protected":false},"author":1,"featured_media":0,"parent":0,"menu_order":0,"comment_status":"closed","ping_status":"closed","template":"","meta":{"_kad_blocks_custom_css":"","_kad_blocks_head_custom_js":"","_kad_blocks_body_custom_js":"","_kad_blocks_footer_custom_js":"","neve_meta_sidebar":"default","neve_meta_container":"default","neve_meta_enable_content_width":"off","neve_meta_content_width":100,"neve_meta_title_alignment":"","neve_meta_author_avatar":"","neve_post_elements_order":"","neve_meta_disable_header":"","neve_meta_disable_footer":"","neve_meta_disable_title":"","footnotes":""},"ppma_author":[446,162],"class_list":["post-3377","page","type-page","status-publish","hentry"],"yoast_head":"<!-- This site is optimized with the Yoast SEO plugin v26.7 - https:\/\/yoast.com\/wordpress\/plugins\/seo\/ -->\n<title>Instructions for authors - Sateenkaari\u00adhistorian yst\u00e4v\u00e4t<\/title>\n<meta name=\"description\" content=\"Ker\u00e4\u00e4mme Sateenkaarihistorian yst\u00e4vien kirjoituksia -verkkolehteen tutkimukseen perustuvaa yleistajuista tietoa.\u00a0Lue t\u00e4st\u00e4 ohjeet kirjoittajille.\" \/>\n<meta name=\"robots\" content=\"index, follow, max-snippet:-1, max-image-preview:large, max-video-preview:-1\" \/>\n<link rel=\"canonical\" href=\"https:\/\/sateenkaarihistoria.fi\/en\/instructions-for-authors\/\" \/>\n<meta property=\"og:locale\" content=\"en_US\" \/>\n<meta property=\"og:type\" content=\"article\" \/>\n<meta property=\"og:title\" content=\"Instructions for authors - Sateenkaari\u00adhistorian yst\u00e4v\u00e4t\" \/>\n<meta property=\"og:description\" content=\"Ker\u00e4\u00e4mme Sateenkaarihistorian yst\u00e4vien kirjoituksia -verkkolehteen tutkimukseen perustuvaa yleistajuista tietoa.\u00a0Lue t\u00e4st\u00e4 ohjeet kirjoittajille.\" \/>\n<meta property=\"og:url\" content=\"https:\/\/sateenkaarihistoria.fi\/en\/instructions-for-authors\/\" \/>\n<meta property=\"og:site_name\" content=\"Sateenkaari\u00adhistorian yst\u00e4v\u00e4t\" \/>\n<meta property=\"article:publisher\" content=\"https:\/\/www.facebook.com\/sateenkaarihistoria\" \/>\n<meta property=\"article:modified_time\" content=\"2025-04-12T11:38:01+00:00\" \/>\n<meta name=\"twitter:card\" content=\"summary_large_image\" \/>\n<meta name=\"twitter:label1\" content=\"Est. reading time\" \/>\n\t<meta name=\"twitter:data1\" content=\"3 minutes\" \/>\n<script type=\"application\/ld+json\" class=\"yoast-schema-graph\">{\"@context\":\"https:\/\/schema.org\",\"@graph\":[{\"@type\":\"WebPage\",\"@id\":\"https:\/\/sateenkaarihistoria.fi\/en\/instructions-for-authors\/\",\"url\":\"https:\/\/sateenkaarihistoria.fi\/en\/instructions-for-authors\/\",\"name\":\"Instructions for authors - Sateenkaari\u00adhistorian yst\u00e4v\u00e4t\",\"isPartOf\":{\"@id\":\"https:\/\/sateenkaarihistoria.fi\/#website\"},\"datePublished\":\"2021-08-17T13:33:46+00:00\",\"dateModified\":\"2025-04-12T11:38:01+00:00\",\"description\":\"Ker\u00e4\u00e4mme Sateenkaarihistorian yst\u00e4vien kirjoituksia -verkkolehteen tutkimukseen perustuvaa yleistajuista tietoa.\u00a0Lue t\u00e4st\u00e4 ohjeet kirjoittajille.\",\"breadcrumb\":{\"@id\":\"https:\/\/sateenkaarihistoria.fi\/en\/instructions-for-authors\/#breadcrumb\"},\"inLanguage\":\"en-US\",\"potentialAction\":[{\"@type\":\"ReadAction\",\"target\":[\"https:\/\/sateenkaarihistoria.fi\/en\/instructions-for-authors\/\"]}]},{\"@type\":\"BreadcrumbList\",\"@id\":\"https:\/\/sateenkaarihistoria.fi\/en\/instructions-for-authors\/#breadcrumb\",\"itemListElement\":[{\"@type\":\"ListItem\",\"position\":1,\"name\":\"Etusivu\",\"item\":\"https:\/\/sateenkaarihistoria.fi\/en\/\"},{\"@type\":\"ListItem\",\"position\":2,\"name\":\"Instructions for authors\"}]},{\"@type\":\"WebSite\",\"@id\":\"https:\/\/sateenkaarihistoria.fi\/#website\",\"url\":\"https:\/\/sateenkaarihistoria.fi\/\",\"name\":\"Sateenkaari\u00adhistorian yst\u00e4v\u00e4t\",\"description\":\"Suomalaisen sateenkaarihistorian verkkopalvelu, joka kokoaa yhteen l\u00e4hteit\u00e4, aineistoja ja tietoa queer-historiasta, transhistoriasta, sukupuoliv\u00e4hemmist\u00f6jen ja seksuaaliv\u00e4hemmist\u00f6jen historiasta sek\u00e4 niiden tutkimuksesta.\",\"publisher\":{\"@id\":\"https:\/\/sateenkaarihistoria.fi\/#organization\"},\"potentialAction\":[{\"@type\":\"SearchAction\",\"target\":{\"@type\":\"EntryPoint\",\"urlTemplate\":\"https:\/\/sateenkaarihistoria.fi\/?s={search_term_string}\"},\"query-input\":{\"@type\":\"PropertyValueSpecification\",\"valueRequired\":true,\"valueName\":\"search_term_string\"}}],\"inLanguage\":\"en-US\"},{\"@type\":\"Organization\",\"@id\":\"https:\/\/sateenkaarihistoria.fi\/#organization\",\"name\":\"Sateenkaarihistorian yst\u00e4v\u00e4t\",\"url\":\"https:\/\/sateenkaarihistoria.fi\/\",\"logo\":{\"@type\":\"ImageObject\",\"inLanguage\":\"en-US\",\"@id\":\"https:\/\/sateenkaarihistoria.fi\/#\/schema\/logo\/image\/\",\"url\":\"https:\/\/i0.wp.com\/sateenkaarihistoria.fi\/wp-content\/uploads\/2021\/12\/SHY-logo_250x169.jpg?fit=250%2C169&ssl=1\",\"contentUrl\":\"https:\/\/i0.wp.com\/sateenkaarihistoria.fi\/wp-content\/uploads\/2021\/12\/SHY-logo_250x169.jpg?fit=250%2C169&ssl=1\",\"width\":250,\"height\":169,\"caption\":\"Sateenkaarihistorian yst\u00e4v\u00e4t\"},\"image\":{\"@id\":\"https:\/\/sateenkaarihistoria.fi\/#\/schema\/logo\/image\/\"},\"sameAs\":[\"https:\/\/www.facebook.com\/sateenkaarihistoria\",\"https:\/\/instagram.com\/sateenkaarihistoria\"]}]}<\/script>\n<!-- \/ Yoast SEO plugin. -->","yoast_head_json":{"title":"Instructions for authors - Sateenkaari\u00adhistorian yst\u00e4v\u00e4t","description":"Ker\u00e4\u00e4mme Sateenkaarihistorian yst\u00e4vien kirjoituksia -verkkolehteen tutkimukseen perustuvaa yleistajuista tietoa.\u00a0Lue t\u00e4st\u00e4 ohjeet kirjoittajille.","robots":{"index":"index","follow":"follow","max-snippet":"max-snippet:-1","max-image-preview":"max-image-preview:large","max-video-preview":"max-video-preview:-1"},"canonical":"https:\/\/sateenkaarihistoria.fi\/en\/instructions-for-authors\/","og_locale":"en_US","og_type":"article","og_title":"Instructions for authors - Sateenkaari\u00adhistorian yst\u00e4v\u00e4t","og_description":"Ker\u00e4\u00e4mme Sateenkaarihistorian yst\u00e4vien kirjoituksia -verkkolehteen tutkimukseen perustuvaa yleistajuista tietoa.\u00a0Lue t\u00e4st\u00e4 ohjeet kirjoittajille.","og_url":"https:\/\/sateenkaarihistoria.fi\/en\/instructions-for-authors\/","og_site_name":"Sateenkaari\u00adhistorian yst\u00e4v\u00e4t","article_publisher":"https:\/\/www.facebook.com\/sateenkaarihistoria","article_modified_time":"2025-04-12T11:38:01+00:00","twitter_card":"summary_large_image","twitter_misc":{"Est. reading time":"3 minutes"},"schema":{"@context":"https:\/\/schema.org","@graph":[{"@type":"WebPage","@id":"https:\/\/sateenkaarihistoria.fi\/en\/instructions-for-authors\/","url":"https:\/\/sateenkaarihistoria.fi\/en\/instructions-for-authors\/","name":"Instructions for authors - Sateenkaari\u00adhistorian yst\u00e4v\u00e4t","isPartOf":{"@id":"https:\/\/sateenkaarihistoria.fi\/#website"},"datePublished":"2021-08-17T13:33:46+00:00","dateModified":"2025-04-12T11:38:01+00:00","description":"Ker\u00e4\u00e4mme Sateenkaarihistorian yst\u00e4vien kirjoituksia -verkkolehteen tutkimukseen perustuvaa yleistajuista tietoa.\u00a0Lue t\u00e4st\u00e4 ohjeet kirjoittajille.","breadcrumb":{"@id":"https:\/\/sateenkaarihistoria.fi\/en\/instructions-for-authors\/#breadcrumb"},"inLanguage":"en-US","potentialAction":[{"@type":"ReadAction","target":["https:\/\/sateenkaarihistoria.fi\/en\/instructions-for-authors\/"]}]},{"@type":"BreadcrumbList","@id":"https:\/\/sateenkaarihistoria.fi\/en\/instructions-for-authors\/#breadcrumb","itemListElement":[{"@type":"ListItem","position":1,"name":"Etusivu","item":"https:\/\/sateenkaarihistoria.fi\/en\/"},{"@type":"ListItem","position":2,"name":"Instructions for authors"}]},{"@type":"WebSite","@id":"https:\/\/sateenkaarihistoria.fi\/#website","url":"https:\/\/sateenkaarihistoria.fi\/","name":"Sateenkaari\u00adhistorian yst\u00e4v\u00e4t","description":"Suomalaisen sateenkaarihistorian verkkopalvelu, joka kokoaa yhteen l\u00e4hteit\u00e4, aineistoja ja tietoa queer-historiasta, transhistoriasta, sukupuoliv\u00e4hemmist\u00f6jen ja seksuaaliv\u00e4hemmist\u00f6jen historiasta sek\u00e4 niiden tutkimuksesta.","publisher":{"@id":"https:\/\/sateenkaarihistoria.fi\/#organization"},"potentialAction":[{"@type":"SearchAction","target":{"@type":"EntryPoint","urlTemplate":"https:\/\/sateenkaarihistoria.fi\/?s={search_term_string}"},"query-input":{"@type":"PropertyValueSpecification","valueRequired":true,"valueName":"search_term_string"}}],"inLanguage":"en-US"},{"@type":"Organization","@id":"https:\/\/sateenkaarihistoria.fi\/#organization","name":"Sateenkaarihistorian yst\u00e4v\u00e4t","url":"https:\/\/sateenkaarihistoria.fi\/","logo":{"@type":"ImageObject","inLanguage":"en-US","@id":"https:\/\/sateenkaarihistoria.fi\/#\/schema\/logo\/image\/","url":"https:\/\/i0.wp.com\/sateenkaarihistoria.fi\/wp-content\/uploads\/2021\/12\/SHY-logo_250x169.jpg?fit=250%2C169&ssl=1","contentUrl":"https:\/\/i0.wp.com\/sateenkaarihistoria.fi\/wp-content\/uploads\/2021\/12\/SHY-logo_250x169.jpg?fit=250%2C169&ssl=1","width":250,"height":169,"caption":"Sateenkaarihistorian yst\u00e4v\u00e4t"},"image":{"@id":"https:\/\/sateenkaarihistoria.fi\/#\/schema\/logo\/image\/"},"sameAs":["https:\/\/www.facebook.com\/sateenkaarihistoria","https:\/\/instagram.com\/sateenkaarihistoria"]}]}},"taxonomy_info":[],"featured_image_src_large":false,"author_info":{"display_name":"admin","author_link":"https:\/\/sateenkaarihistoria.fi\/en\/author\/admin\/"},"comment_info":0,"_links":{"self":[{"href":"https:\/\/sateenkaarihistoria.fi\/en\/wp-json\/wp\/v2\/pages\/3377","targetHints":{"allow":["GET"]}}],"collection":[{"href":"https:\/\/sateenkaarihistoria.fi\/en\/wp-json\/wp\/v2\/pages"}],"about":[{"href":"https:\/\/sateenkaarihistoria.fi\/en\/wp-json\/wp\/v2\/types\/page"}],"author":[{"embeddable":true,"href":"https:\/\/sateenkaarihistoria.fi\/en\/wp-json\/wp\/v2\/users\/1"}],"replies":[{"embeddable":true,"href":"https:\/\/sateenkaarihistoria.fi\/en\/wp-json\/wp\/v2\/comments?post=3377"}],"version-history":[{"count":7,"href":"https:\/\/sateenkaarihistoria.fi\/en\/wp-json\/wp\/v2\/pages\/3377\/revisions"}],"predecessor-version":[{"id":16121,"href":"https:\/\/sateenkaarihistoria.fi\/en\/wp-json\/wp\/v2\/pages\/3377\/revisions\/16121"}],"wp:attachment":[{"href":"https:\/\/sateenkaarihistoria.fi\/en\/wp-json\/wp\/v2\/media?parent=3377"}],"wp:term":[{"taxonomy":"author","embeddable":true,"href":"https:\/\/sateenkaarihistoria.fi\/en\/wp-json\/wp\/v2\/ppma_author?post=3377"}],"curies":[{"name":"wp","href":"https:\/\/api.w.org\/{rel}","templated":true}]}}