{"id":3137,"date":"2020-06-12T04:20:19","date_gmt":"2020-06-12T01:20:19","guid":{"rendered":"https:\/\/sateenkaarihistoria.fi\/?page_id=3137"},"modified":"2024-02-09T18:47:24","modified_gmt":"2024-02-09T16:47:24","slug":"contact-us","status":"publish","type":"page","link":"https:\/\/sateenkaarihistoria.fi\/en\/friends-of-queer-history\/contact-us\/","title":{"rendered":"Contact us"},"content":{"rendered":"\n<p>In general matters, please contact us via email at <a href=\"mailto:info@sateenkaarihistoria.fi\">info@sateenkaarihistoria.fi<\/a>.<\/p>\n\n\n\n<div class=\"wp-block-columns is-layout-flex wp-container-core-columns-is-layout-9d6595d7 wp-block-columns-is-layout-flex\">\n<div class=\"wp-block-column korostuslaatikko is-layout-flow wp-block-column-is-layout-flow\">\n<p><strong>Friends of Queer History association<\/strong><br>c\/o Seta ry<br>Pasilanraitio 5<br>00240 Helsinki<br>info@sateenkaarihistoria.fi<br>Business ID: 3137523-5<br>Association registered on 8 August 2020<br>EU Commission PIC: 878898474<\/p>\n\n\n\n<p><\/p>\n\n\n\n<p><strong>Facebook:<\/strong><br><a href=\"https:\/\/facebook.com\/sateenkaarihistoria\">Sateenkaarihistoria<\/a><br><strong>Instagram:<\/strong><br><a href=\"https:\/\/instagram.com\/sateenkaarihistoria\">@sateenkaarihistoria<\/a><\/p>\n\n\n\n<p><\/p>\n\n\n\n<p><strong>Secretary<\/strong><br>Kaura Raudaskoski<br><a href=\"mailto:sihteeri@sateenkaarihistoria.fi\">sihteeri@sateenkaarihistoria.fi<\/a><br>+358 45 783 17571<br>(Pronoun: they \/ Pronomenet: hen) <\/p>\n<\/div>\n<\/div>\n\n\n\n<h2 class=\"wp-block-heading\">Association board members 2023-2024<\/h2>\n\n\n\n<p><strong>Chair<\/strong><br>Tuula Juvonen<br>puheenjohtaja@sateenkaarihistoria.fi<\/p>\n\n\n\n<p><strong>Vice Chair<\/strong><br>Antti Kauppinen<\/p>\n\n\n\n<p><strong>Treasurer<\/strong><br>Rose-Marie Peake<\/p>\n\n\n\n<p><strong>Board member<\/strong><br>Eva Isaksson<\/p>\n\n\n\n<p><strong>Board member<\/strong><br>Niklas Koskinen<\/p>\n\n\n\n<p><strong>Board member<\/strong><br>Jean Lukkarinen<\/p>\n\n\n\n<p><strong>Board member<\/strong><br>Ulla Rohunen<\/p>\n\n\n\n<p><strong>Board member<\/strong><br>Ruka Toivonen<\/p>\n\n\n\n<p><strong>Deputy board member<\/strong><br>Wisam Elfadl<\/p>\n\n\n\n<p><strong>Deputy board member<\/strong><br>Sandra Hagman<\/p>\n\n\n\n<p><strong>Deputy board member<\/strong><br>Elina M\u00e4kinen<\/p>\n\n\n\n<p><strong>Deputy board member<\/strong><br>Iris Olavinen<\/p>\n\n\n\n<p><strong>Deputy board member<\/strong><br>Rita Paqval\u00e9n<\/p>\n\n\n\n<p><strong>Deputy board member<\/strong><br>Kari Silvola<\/p>\n\n\n\n<p><strong>External secretary<\/strong><br>Kaura Raudaskoski<br>sihteeri@sateenkaarihistoria.fi<\/p>\n\n\n\n<h2 class=\"wp-block-heading\">Billing address<\/h2>\n\n\n\n<p>The billing address of the Friends of Queer History association has changed as of April 20, 2023. You can find our new billing address below.<\/p>\n\n\n\n<p>We request invoices primarily as <strong>e-invoices<\/strong>. <br>For <strong>invoices sent by email<\/strong>, the invoice and its attachments must be delivered as a single PDF attachment. <br>Please note that only invoices can be sent to the PO Box address.<\/p>\n\n\n\n<h3 class=\"wp-block-heading\"><strong>E-invoicing<\/strong><\/h3>\n\n\n\n<p>E-invoice address 003731375235<br>Operator OpenText, code&nbsp;003708599126<\/p>\n\n\n\n<h3 class=\"wp-block-heading\">Billing by email<\/h3>\n\n\n\n<p><a href=\"mailto:fennoa.500973@erin.posti.com\" target=\"_blank\" rel=\"noreferrer noopener\">fennoa.500973@erin.posti.com<\/a><br>(For invoices sent by email, the invoice and its attachments must be sent as a single PDF attachment.)<\/p>\n\n\n\n<h3 class=\"wp-block-heading\"><strong>Billing by mail<\/strong><\/h3>\n\n\n\n<p>Sateenkaarihistorian yst\u00e4v\u00e4t ry<br>PL 67239<br>01051 LASKUT<\/p>\n","protected":false},"excerpt":{"rendered":"<p>In general matters, please contact us via email at info@sateenkaarihistoria.fi. Friends of Queer History associationc\/o Seta ryPasilanraitio 500240 Helsinkiinfo@sateenkaarihistoria.fiBusiness ID: 3137523-5Association registered on 8 August 2020EU Commission PIC: 878898474 Facebook:SateenkaarihistoriaInstagram:@sateenkaarihistoria&hellip;&nbsp;<a href=\"https:\/\/sateenkaarihistoria.fi\/en\/friends-of-queer-history\/contact-us\/\" rel=\"bookmark\">Read More &raquo;<span class=\"screen-reader-text\">Contact us<\/span><\/a><\/p>\n","protected":false},"author":1,"featured_media":0,"parent":3141,"menu_order":0,"comment_status":"closed","ping_status":"closed","template":"","meta":{"_kad_blocks_custom_css":"","_kad_blocks_head_custom_js":"","_kad_blocks_body_custom_js":"","_kad_blocks_footer_custom_js":"","neve_meta_sidebar":"","neve_meta_container":"","neve_meta_enable_content_width":"off","neve_meta_content_width":100,"neve_meta_title_alignment":"","neve_meta_author_avatar":"","neve_post_elements_order":"","neve_meta_disable_header":"","neve_meta_disable_footer":"","neve_meta_disable_title":"","footnotes":""},"ppma_author":[446,162],"class_list":["post-3137","page","type-page","status-publish","hentry"],"yoast_head":"<!-- This site is optimized with the Yoast SEO plugin v26.7 - https:\/\/yoast.com\/wordpress\/plugins\/seo\/ -->\n<title>Contact us - Sateenkaari\u00adhistorian yst\u00e4v\u00e4t<\/title>\n<meta name=\"robots\" content=\"index, follow, max-snippet:-1, max-image-preview:large, max-video-preview:-1\" \/>\n<link rel=\"canonical\" href=\"https:\/\/sateenkaarihistoria.fi\/en\/friends-of-queer-history\/contact-us\/\" \/>\n<meta property=\"og:locale\" content=\"en_US\" \/>\n<meta property=\"og:type\" content=\"article\" \/>\n<meta property=\"og:title\" content=\"Contact us - Sateenkaari\u00adhistorian yst\u00e4v\u00e4t\" \/>\n<meta property=\"og:description\" content=\"In general matters, please contact us via email at info@sateenkaarihistoria.fi. Friends of Queer History associationc\/o Seta ryPasilanraitio 500240 Helsinkiinfo@sateenkaarihistoria.fiBusiness ID: 3137523-5Association registered on 8 August 2020EU Commission PIC: 878898474 Facebook:SateenkaarihistoriaInstagram:@sateenkaarihistoria&hellip;&nbsp;Read More &raquo;Contact us\" \/>\n<meta property=\"og:url\" content=\"https:\/\/sateenkaarihistoria.fi\/en\/friends-of-queer-history\/contact-us\/\" \/>\n<meta property=\"og:site_name\" content=\"Sateenkaari\u00adhistorian yst\u00e4v\u00e4t\" \/>\n<meta property=\"article:publisher\" content=\"https:\/\/www.facebook.com\/sateenkaarihistoria\" \/>\n<meta property=\"article:modified_time\" content=\"2024-02-09T16:47:24+00:00\" \/>\n<meta name=\"twitter:card\" content=\"summary_large_image\" \/>\n<meta name=\"twitter:label1\" content=\"Est. reading time\" \/>\n\t<meta name=\"twitter:data1\" content=\"2 minutes\" \/>\n<script type=\"application\/ld+json\" class=\"yoast-schema-graph\">{\"@context\":\"https:\/\/schema.org\",\"@graph\":[{\"@type\":\"WebPage\",\"@id\":\"https:\/\/sateenkaarihistoria.fi\/en\/friends-of-queer-history\/contact-us\/\",\"url\":\"https:\/\/sateenkaarihistoria.fi\/en\/friends-of-queer-history\/contact-us\/\",\"name\":\"Contact us - Sateenkaari\u00adhistorian yst\u00e4v\u00e4t\",\"isPartOf\":{\"@id\":\"https:\/\/sateenkaarihistoria.fi\/#website\"},\"datePublished\":\"2020-06-12T01:20:19+00:00\",\"dateModified\":\"2024-02-09T16:47:24+00:00\",\"breadcrumb\":{\"@id\":\"https:\/\/sateenkaarihistoria.fi\/en\/friends-of-queer-history\/contact-us\/#breadcrumb\"},\"inLanguage\":\"en-US\",\"potentialAction\":[{\"@type\":\"ReadAction\",\"target\":[\"https:\/\/sateenkaarihistoria.fi\/en\/friends-of-queer-history\/contact-us\/\"]}]},{\"@type\":\"BreadcrumbList\",\"@id\":\"https:\/\/sateenkaarihistoria.fi\/en\/friends-of-queer-history\/contact-us\/#breadcrumb\",\"itemListElement\":[{\"@type\":\"ListItem\",\"position\":1,\"name\":\"Etusivu\",\"item\":\"https:\/\/sateenkaarihistoria.fi\/en\/\"},{\"@type\":\"ListItem\",\"position\":2,\"name\":\"Friends of Queer History\",\"item\":\"https:\/\/sateenkaarihistoria.fi\/en\/friends-of-queer-history\/\"},{\"@type\":\"ListItem\",\"position\":3,\"name\":\"Contact us\"}]},{\"@type\":\"WebSite\",\"@id\":\"https:\/\/sateenkaarihistoria.fi\/#website\",\"url\":\"https:\/\/sateenkaarihistoria.fi\/\",\"name\":\"Sateenkaari\u00adhistorian yst\u00e4v\u00e4t\",\"description\":\"Suomalaisen sateenkaarihistorian verkkopalvelu, joka kokoaa yhteen l\u00e4hteit\u00e4, aineistoja ja tietoa queer-historiasta, transhistoriasta, sukupuoliv\u00e4hemmist\u00f6jen ja seksuaaliv\u00e4hemmist\u00f6jen historiasta sek\u00e4 niiden tutkimuksesta.\",\"publisher\":{\"@id\":\"https:\/\/sateenkaarihistoria.fi\/#organization\"},\"potentialAction\":[{\"@type\":\"SearchAction\",\"target\":{\"@type\":\"EntryPoint\",\"urlTemplate\":\"https:\/\/sateenkaarihistoria.fi\/?s={search_term_string}\"},\"query-input\":{\"@type\":\"PropertyValueSpecification\",\"valueRequired\":true,\"valueName\":\"search_term_string\"}}],\"inLanguage\":\"en-US\"},{\"@type\":\"Organization\",\"@id\":\"https:\/\/sateenkaarihistoria.fi\/#organization\",\"name\":\"Sateenkaarihistorian yst\u00e4v\u00e4t\",\"url\":\"https:\/\/sateenkaarihistoria.fi\/\",\"logo\":{\"@type\":\"ImageObject\",\"inLanguage\":\"en-US\",\"@id\":\"https:\/\/sateenkaarihistoria.fi\/#\/schema\/logo\/image\/\",\"url\":\"https:\/\/i0.wp.com\/sateenkaarihistoria.fi\/wp-content\/uploads\/2021\/12\/SHY-logo_250x169.jpg?fit=250%2C169&ssl=1\",\"contentUrl\":\"https:\/\/i0.wp.com\/sateenkaarihistoria.fi\/wp-content\/uploads\/2021\/12\/SHY-logo_250x169.jpg?fit=250%2C169&ssl=1\",\"width\":250,\"height\":169,\"caption\":\"Sateenkaarihistorian yst\u00e4v\u00e4t\"},\"image\":{\"@id\":\"https:\/\/sateenkaarihistoria.fi\/#\/schema\/logo\/image\/\"},\"sameAs\":[\"https:\/\/www.facebook.com\/sateenkaarihistoria\",\"https:\/\/instagram.com\/sateenkaarihistoria\"]}]}<\/script>\n<!-- \/ Yoast SEO plugin. -->","yoast_head_json":{"title":"Contact us - Sateenkaari\u00adhistorian yst\u00e4v\u00e4t","robots":{"index":"index","follow":"follow","max-snippet":"max-snippet:-1","max-image-preview":"max-image-preview:large","max-video-preview":"max-video-preview:-1"},"canonical":"https:\/\/sateenkaarihistoria.fi\/en\/friends-of-queer-history\/contact-us\/","og_locale":"en_US","og_type":"article","og_title":"Contact us - Sateenkaari\u00adhistorian yst\u00e4v\u00e4t","og_description":"In general matters, please contact us via email at info@sateenkaarihistoria.fi. Friends of Queer History associationc\/o Seta ryPasilanraitio 500240 Helsinkiinfo@sateenkaarihistoria.fiBusiness ID: 3137523-5Association registered on 8 August 2020EU Commission PIC: 878898474 Facebook:SateenkaarihistoriaInstagram:@sateenkaarihistoria&hellip;&nbsp;Read More &raquo;Contact us","og_url":"https:\/\/sateenkaarihistoria.fi\/en\/friends-of-queer-history\/contact-us\/","og_site_name":"Sateenkaari\u00adhistorian yst\u00e4v\u00e4t","article_publisher":"https:\/\/www.facebook.com\/sateenkaarihistoria","article_modified_time":"2024-02-09T16:47:24+00:00","twitter_card":"summary_large_image","twitter_misc":{"Est. reading time":"2 minutes"},"schema":{"@context":"https:\/\/schema.org","@graph":[{"@type":"WebPage","@id":"https:\/\/sateenkaarihistoria.fi\/en\/friends-of-queer-history\/contact-us\/","url":"https:\/\/sateenkaarihistoria.fi\/en\/friends-of-queer-history\/contact-us\/","name":"Contact us - Sateenkaari\u00adhistorian yst\u00e4v\u00e4t","isPartOf":{"@id":"https:\/\/sateenkaarihistoria.fi\/#website"},"datePublished":"2020-06-12T01:20:19+00:00","dateModified":"2024-02-09T16:47:24+00:00","breadcrumb":{"@id":"https:\/\/sateenkaarihistoria.fi\/en\/friends-of-queer-history\/contact-us\/#breadcrumb"},"inLanguage":"en-US","potentialAction":[{"@type":"ReadAction","target":["https:\/\/sateenkaarihistoria.fi\/en\/friends-of-queer-history\/contact-us\/"]}]},{"@type":"BreadcrumbList","@id":"https:\/\/sateenkaarihistoria.fi\/en\/friends-of-queer-history\/contact-us\/#breadcrumb","itemListElement":[{"@type":"ListItem","position":1,"name":"Etusivu","item":"https:\/\/sateenkaarihistoria.fi\/en\/"},{"@type":"ListItem","position":2,"name":"Friends of Queer History","item":"https:\/\/sateenkaarihistoria.fi\/en\/friends-of-queer-history\/"},{"@type":"ListItem","position":3,"name":"Contact us"}]},{"@type":"WebSite","@id":"https:\/\/sateenkaarihistoria.fi\/#website","url":"https:\/\/sateenkaarihistoria.fi\/","name":"Sateenkaari\u00adhistorian yst\u00e4v\u00e4t","description":"Suomalaisen sateenkaarihistorian verkkopalvelu, joka kokoaa yhteen l\u00e4hteit\u00e4, aineistoja ja tietoa queer-historiasta, transhistoriasta, sukupuoliv\u00e4hemmist\u00f6jen ja seksuaaliv\u00e4hemmist\u00f6jen historiasta sek\u00e4 niiden tutkimuksesta.","publisher":{"@id":"https:\/\/sateenkaarihistoria.fi\/#organization"},"potentialAction":[{"@type":"SearchAction","target":{"@type":"EntryPoint","urlTemplate":"https:\/\/sateenkaarihistoria.fi\/?s={search_term_string}"},"query-input":{"@type":"PropertyValueSpecification","valueRequired":true,"valueName":"search_term_string"}}],"inLanguage":"en-US"},{"@type":"Organization","@id":"https:\/\/sateenkaarihistoria.fi\/#organization","name":"Sateenkaarihistorian yst\u00e4v\u00e4t","url":"https:\/\/sateenkaarihistoria.fi\/","logo":{"@type":"ImageObject","inLanguage":"en-US","@id":"https:\/\/sateenkaarihistoria.fi\/#\/schema\/logo\/image\/","url":"https:\/\/i0.wp.com\/sateenkaarihistoria.fi\/wp-content\/uploads\/2021\/12\/SHY-logo_250x169.jpg?fit=250%2C169&ssl=1","contentUrl":"https:\/\/i0.wp.com\/sateenkaarihistoria.fi\/wp-content\/uploads\/2021\/12\/SHY-logo_250x169.jpg?fit=250%2C169&ssl=1","width":250,"height":169,"caption":"Sateenkaarihistorian yst\u00e4v\u00e4t"},"image":{"@id":"https:\/\/sateenkaarihistoria.fi\/#\/schema\/logo\/image\/"},"sameAs":["https:\/\/www.facebook.com\/sateenkaarihistoria","https:\/\/instagram.com\/sateenkaarihistoria"]}]}},"taxonomy_info":[],"featured_image_src_large":false,"author_info":{"display_name":"admin","author_link":"https:\/\/sateenkaarihistoria.fi\/en\/author\/admin\/"},"comment_info":0,"_links":{"self":[{"href":"https:\/\/sateenkaarihistoria.fi\/en\/wp-json\/wp\/v2\/pages\/3137","targetHints":{"allow":["GET"]}}],"collection":[{"href":"https:\/\/sateenkaarihistoria.fi\/en\/wp-json\/wp\/v2\/pages"}],"about":[{"href":"https:\/\/sateenkaarihistoria.fi\/en\/wp-json\/wp\/v2\/types\/page"}],"author":[{"embeddable":true,"href":"https:\/\/sateenkaarihistoria.fi\/en\/wp-json\/wp\/v2\/users\/1"}],"replies":[{"embeddable":true,"href":"https:\/\/sateenkaarihistoria.fi\/en\/wp-json\/wp\/v2\/comments?post=3137"}],"version-history":[{"count":7,"href":"https:\/\/sateenkaarihistoria.fi\/en\/wp-json\/wp\/v2\/pages\/3137\/revisions"}],"predecessor-version":[{"id":11618,"href":"https:\/\/sateenkaarihistoria.fi\/en\/wp-json\/wp\/v2\/pages\/3137\/revisions\/11618"}],"up":[{"embeddable":true,"href":"https:\/\/sateenkaarihistoria.fi\/en\/wp-json\/wp\/v2\/pages\/3141"}],"wp:attachment":[{"href":"https:\/\/sateenkaarihistoria.fi\/en\/wp-json\/wp\/v2\/media?parent=3137"}],"wp:term":[{"taxonomy":"author","embeddable":true,"href":"https:\/\/sateenkaarihistoria.fi\/en\/wp-json\/wp\/v2\/ppma_author?post=3137"}],"curies":[{"name":"wp","href":"https:\/\/api.w.org\/{rel}","templated":true}]}}