{"id":2032,"date":"2020-06-12T04:04:02","date_gmt":"2020-06-12T01:04:02","guid":{"rendered":"https:\/\/sateenkaarihistoria.fi\/?page_id=2032"},"modified":"2020-12-20T19:59:48","modified_gmt":"2020-12-20T17:59:48","slug":"become-a-member","status":"publish","type":"page","link":"https:\/\/sateenkaarihistoria.fi\/en\/friends-of-queer-history\/become-a-member\/","title":{"rendered":"Become a member"},"content":{"rendered":"\n<p><strong>Become a member through the link below. By sending the application you commit to paying the membership fee your choice:<\/strong><\/p>\n\n\n\n<p><strong>Full membership:<\/strong> 20\u20ac<br><strong>Full membership for people of limited means:<\/strong> 10\u20ac<br><strong>Supporting membership:<\/strong> 50\u20ac<\/p>\n\n\n\n<div class=\"wp-block-buttons is-layout-flex wp-block-buttons-is-layout-flex\">\n<div class=\"wp-block-button is-style-primary\"><a class=\"wp-block-button__link\" href=\"https:\/\/atom.flomembers.com\/sateenkaarihistorian-ystavat\/members\/application\/createApplication?_lang=en\">Membership application<\/a><\/div>\n<\/div>\n","protected":false},"excerpt":{"rendered":"<p>Become a member through the link below. By sending the application you commit to paying the membership fee your choice: Full membership: 20\u20acFull membership for people of limited means: 10\u20acSupporting&hellip;&nbsp;<a href=\"https:\/\/sateenkaarihistoria.fi\/en\/friends-of-queer-history\/become-a-member\/\" rel=\"bookmark\">Read More &raquo;<span class=\"screen-reader-text\">Become a member<\/span><\/a><\/p>\n","protected":false},"author":1,"featured_media":0,"parent":3141,"menu_order":0,"comment_status":"closed","ping_status":"closed","template":"","meta":{"_kad_blocks_custom_css":"","_kad_blocks_head_custom_js":"","_kad_blocks_body_custom_js":"","_kad_blocks_footer_custom_js":"","neve_meta_sidebar":"","neve_meta_container":"","neve_meta_enable_content_width":"off","neve_meta_content_width":100,"neve_meta_title_alignment":"","neve_meta_author_avatar":"","neve_post_elements_order":"","neve_meta_disable_header":"","neve_meta_disable_footer":"","neve_meta_disable_title":"","footnotes":""},"ppma_author":[446,162],"class_list":["post-2032","page","type-page","status-publish","hentry"],"yoast_head":"<!-- This site is optimized with the Yoast SEO plugin v26.7 - https:\/\/yoast.com\/wordpress\/plugins\/seo\/ -->\n<title>Become a member - Sateenkaari\u00adhistorian yst\u00e4v\u00e4t<\/title>\n<meta name=\"robots\" content=\"index, follow, max-snippet:-1, max-image-preview:large, max-video-preview:-1\" \/>\n<link rel=\"canonical\" href=\"https:\/\/sateenkaarihistoria.fi\/en\/friends-of-queer-history\/become-a-member\/\" \/>\n<meta property=\"og:locale\" content=\"en_US\" \/>\n<meta property=\"og:type\" content=\"article\" \/>\n<meta property=\"og:title\" content=\"Become a member - Sateenkaari\u00adhistorian yst\u00e4v\u00e4t\" \/>\n<meta property=\"og:description\" content=\"Become a member through the link below. By sending the application you commit to paying the membership fee your choice: Full membership: 20\u20acFull membership for people of limited means: 10\u20acSupporting&hellip;&nbsp;Read More &raquo;Become a member\" \/>\n<meta property=\"og:url\" content=\"https:\/\/sateenkaarihistoria.fi\/en\/friends-of-queer-history\/become-a-member\/\" \/>\n<meta property=\"og:site_name\" content=\"Sateenkaari\u00adhistorian yst\u00e4v\u00e4t\" \/>\n<meta property=\"article:publisher\" content=\"https:\/\/www.facebook.com\/sateenkaarihistoria\" \/>\n<meta property=\"article:modified_time\" content=\"2020-12-20T17:59:48+00:00\" \/>\n<meta name=\"twitter:card\" content=\"summary_large_image\" \/>\n<script type=\"application\/ld+json\" class=\"yoast-schema-graph\">{\"@context\":\"https:\/\/schema.org\",\"@graph\":[{\"@type\":\"WebPage\",\"@id\":\"https:\/\/sateenkaarihistoria.fi\/en\/friends-of-queer-history\/become-a-member\/\",\"url\":\"https:\/\/sateenkaarihistoria.fi\/en\/friends-of-queer-history\/become-a-member\/\",\"name\":\"Become a member - Sateenkaari\u00adhistorian yst\u00e4v\u00e4t\",\"isPartOf\":{\"@id\":\"https:\/\/sateenkaarihistoria.fi\/#website\"},\"datePublished\":\"2020-06-12T01:04:02+00:00\",\"dateModified\":\"2020-12-20T17:59:48+00:00\",\"breadcrumb\":{\"@id\":\"https:\/\/sateenkaarihistoria.fi\/en\/friends-of-queer-history\/become-a-member\/#breadcrumb\"},\"inLanguage\":\"en-US\",\"potentialAction\":[{\"@type\":\"ReadAction\",\"target\":[\"https:\/\/sateenkaarihistoria.fi\/en\/friends-of-queer-history\/become-a-member\/\"]}]},{\"@type\":\"BreadcrumbList\",\"@id\":\"https:\/\/sateenkaarihistoria.fi\/en\/friends-of-queer-history\/become-a-member\/#breadcrumb\",\"itemListElement\":[{\"@type\":\"ListItem\",\"position\":1,\"name\":\"Etusivu\",\"item\":\"https:\/\/sateenkaarihistoria.fi\/en\/\"},{\"@type\":\"ListItem\",\"position\":2,\"name\":\"Friends of Queer History\",\"item\":\"https:\/\/sateenkaarihistoria.fi\/en\/friends-of-queer-history\/\"},{\"@type\":\"ListItem\",\"position\":3,\"name\":\"Become a member\"}]},{\"@type\":\"WebSite\",\"@id\":\"https:\/\/sateenkaarihistoria.fi\/#website\",\"url\":\"https:\/\/sateenkaarihistoria.fi\/\",\"name\":\"Sateenkaari\u00adhistorian yst\u00e4v\u00e4t\",\"description\":\"Suomalaisen sateenkaarihistorian verkkopalvelu, joka kokoaa yhteen l\u00e4hteit\u00e4, aineistoja ja tietoa queer-historiasta, transhistoriasta, sukupuoliv\u00e4hemmist\u00f6jen ja seksuaaliv\u00e4hemmist\u00f6jen historiasta sek\u00e4 niiden tutkimuksesta.\",\"publisher\":{\"@id\":\"https:\/\/sateenkaarihistoria.fi\/#organization\"},\"potentialAction\":[{\"@type\":\"SearchAction\",\"target\":{\"@type\":\"EntryPoint\",\"urlTemplate\":\"https:\/\/sateenkaarihistoria.fi\/?s={search_term_string}\"},\"query-input\":{\"@type\":\"PropertyValueSpecification\",\"valueRequired\":true,\"valueName\":\"search_term_string\"}}],\"inLanguage\":\"en-US\"},{\"@type\":\"Organization\",\"@id\":\"https:\/\/sateenkaarihistoria.fi\/#organization\",\"name\":\"Sateenkaarihistorian yst\u00e4v\u00e4t\",\"url\":\"https:\/\/sateenkaarihistoria.fi\/\",\"logo\":{\"@type\":\"ImageObject\",\"inLanguage\":\"en-US\",\"@id\":\"https:\/\/sateenkaarihistoria.fi\/#\/schema\/logo\/image\/\",\"url\":\"https:\/\/i0.wp.com\/sateenkaarihistoria.fi\/wp-content\/uploads\/2021\/12\/SHY-logo_250x169.jpg?fit=250%2C169&ssl=1\",\"contentUrl\":\"https:\/\/i0.wp.com\/sateenkaarihistoria.fi\/wp-content\/uploads\/2021\/12\/SHY-logo_250x169.jpg?fit=250%2C169&ssl=1\",\"width\":250,\"height\":169,\"caption\":\"Sateenkaarihistorian yst\u00e4v\u00e4t\"},\"image\":{\"@id\":\"https:\/\/sateenkaarihistoria.fi\/#\/schema\/logo\/image\/\"},\"sameAs\":[\"https:\/\/www.facebook.com\/sateenkaarihistoria\",\"https:\/\/instagram.com\/sateenkaarihistoria\"]}]}<\/script>\n<!-- \/ Yoast SEO plugin. -->","yoast_head_json":{"title":"Become a member - Sateenkaari\u00adhistorian yst\u00e4v\u00e4t","robots":{"index":"index","follow":"follow","max-snippet":"max-snippet:-1","max-image-preview":"max-image-preview:large","max-video-preview":"max-video-preview:-1"},"canonical":"https:\/\/sateenkaarihistoria.fi\/en\/friends-of-queer-history\/become-a-member\/","og_locale":"en_US","og_type":"article","og_title":"Become a member - Sateenkaari\u00adhistorian yst\u00e4v\u00e4t","og_description":"Become a member through the link below. By sending the application you commit to paying the membership fee your choice: Full membership: 20\u20acFull membership for people of limited means: 10\u20acSupporting&hellip;&nbsp;Read More &raquo;Become a member","og_url":"https:\/\/sateenkaarihistoria.fi\/en\/friends-of-queer-history\/become-a-member\/","og_site_name":"Sateenkaari\u00adhistorian yst\u00e4v\u00e4t","article_publisher":"https:\/\/www.facebook.com\/sateenkaarihistoria","article_modified_time":"2020-12-20T17:59:48+00:00","twitter_card":"summary_large_image","schema":{"@context":"https:\/\/schema.org","@graph":[{"@type":"WebPage","@id":"https:\/\/sateenkaarihistoria.fi\/en\/friends-of-queer-history\/become-a-member\/","url":"https:\/\/sateenkaarihistoria.fi\/en\/friends-of-queer-history\/become-a-member\/","name":"Become a member - Sateenkaari\u00adhistorian yst\u00e4v\u00e4t","isPartOf":{"@id":"https:\/\/sateenkaarihistoria.fi\/#website"},"datePublished":"2020-06-12T01:04:02+00:00","dateModified":"2020-12-20T17:59:48+00:00","breadcrumb":{"@id":"https:\/\/sateenkaarihistoria.fi\/en\/friends-of-queer-history\/become-a-member\/#breadcrumb"},"inLanguage":"en-US","potentialAction":[{"@type":"ReadAction","target":["https:\/\/sateenkaarihistoria.fi\/en\/friends-of-queer-history\/become-a-member\/"]}]},{"@type":"BreadcrumbList","@id":"https:\/\/sateenkaarihistoria.fi\/en\/friends-of-queer-history\/become-a-member\/#breadcrumb","itemListElement":[{"@type":"ListItem","position":1,"name":"Etusivu","item":"https:\/\/sateenkaarihistoria.fi\/en\/"},{"@type":"ListItem","position":2,"name":"Friends of Queer History","item":"https:\/\/sateenkaarihistoria.fi\/en\/friends-of-queer-history\/"},{"@type":"ListItem","position":3,"name":"Become a member"}]},{"@type":"WebSite","@id":"https:\/\/sateenkaarihistoria.fi\/#website","url":"https:\/\/sateenkaarihistoria.fi\/","name":"Sateenkaari\u00adhistorian yst\u00e4v\u00e4t","description":"Suomalaisen sateenkaarihistorian verkkopalvelu, joka kokoaa yhteen l\u00e4hteit\u00e4, aineistoja ja tietoa queer-historiasta, transhistoriasta, sukupuoliv\u00e4hemmist\u00f6jen ja seksuaaliv\u00e4hemmist\u00f6jen historiasta sek\u00e4 niiden tutkimuksesta.","publisher":{"@id":"https:\/\/sateenkaarihistoria.fi\/#organization"},"potentialAction":[{"@type":"SearchAction","target":{"@type":"EntryPoint","urlTemplate":"https:\/\/sateenkaarihistoria.fi\/?s={search_term_string}"},"query-input":{"@type":"PropertyValueSpecification","valueRequired":true,"valueName":"search_term_string"}}],"inLanguage":"en-US"},{"@type":"Organization","@id":"https:\/\/sateenkaarihistoria.fi\/#organization","name":"Sateenkaarihistorian yst\u00e4v\u00e4t","url":"https:\/\/sateenkaarihistoria.fi\/","logo":{"@type":"ImageObject","inLanguage":"en-US","@id":"https:\/\/sateenkaarihistoria.fi\/#\/schema\/logo\/image\/","url":"https:\/\/i0.wp.com\/sateenkaarihistoria.fi\/wp-content\/uploads\/2021\/12\/SHY-logo_250x169.jpg?fit=250%2C169&ssl=1","contentUrl":"https:\/\/i0.wp.com\/sateenkaarihistoria.fi\/wp-content\/uploads\/2021\/12\/SHY-logo_250x169.jpg?fit=250%2C169&ssl=1","width":250,"height":169,"caption":"Sateenkaarihistorian yst\u00e4v\u00e4t"},"image":{"@id":"https:\/\/sateenkaarihistoria.fi\/#\/schema\/logo\/image\/"},"sameAs":["https:\/\/www.facebook.com\/sateenkaarihistoria","https:\/\/instagram.com\/sateenkaarihistoria"]}]}},"taxonomy_info":[],"featured_image_src_large":false,"author_info":{"display_name":"admin","author_link":"https:\/\/sateenkaarihistoria.fi\/en\/author\/admin\/"},"comment_info":0,"_links":{"self":[{"href":"https:\/\/sateenkaarihistoria.fi\/en\/wp-json\/wp\/v2\/pages\/2032","targetHints":{"allow":["GET"]}}],"collection":[{"href":"https:\/\/sateenkaarihistoria.fi\/en\/wp-json\/wp\/v2\/pages"}],"about":[{"href":"https:\/\/sateenkaarihistoria.fi\/en\/wp-json\/wp\/v2\/types\/page"}],"author":[{"embeddable":true,"href":"https:\/\/sateenkaarihistoria.fi\/en\/wp-json\/wp\/v2\/users\/1"}],"replies":[{"embeddable":true,"href":"https:\/\/sateenkaarihistoria.fi\/en\/wp-json\/wp\/v2\/comments?post=2032"}],"version-history":[{"count":1,"href":"https:\/\/sateenkaarihistoria.fi\/en\/wp-json\/wp\/v2\/pages\/2032\/revisions"}],"predecessor-version":[{"id":2033,"href":"https:\/\/sateenkaarihistoria.fi\/en\/wp-json\/wp\/v2\/pages\/2032\/revisions\/2033"}],"up":[{"embeddable":true,"href":"https:\/\/sateenkaarihistoria.fi\/en\/wp-json\/wp\/v2\/pages\/3141"}],"wp:attachment":[{"href":"https:\/\/sateenkaarihistoria.fi\/en\/wp-json\/wp\/v2\/media?parent=2032"}],"wp:term":[{"taxonomy":"author","embeddable":true,"href":"https:\/\/sateenkaarihistoria.fi\/en\/wp-json\/wp\/v2\/ppma_author?post=2032"}],"curies":[{"name":"wp","href":"https:\/\/api.w.org\/{rel}","templated":true}]}}